{"id":3744,"date":"2025-11-22T05:30:13","date_gmt":"2025-11-22T05:30:13","guid":{"rendered":"https:\/\/monkeypark.com\/?page_id=3744"},"modified":"2025-11-22T05:39:19","modified_gmt":"2025-11-22T05:39:19","slug":"politica-de-privacidad","status":"publish","type":"page","link":"https:\/\/www.monkeypark.com\/it\/politica-de-privacidad\/","title":{"rendered":"Informativa sulla privacy"},"content":{"rendered":"<div data-elementor-type=\"wp-page\" data-elementor-id=\"3744\" class=\"elementor elementor-3744\" data-elementor-post-type=\"page\">\n\t\t\t\t<div class=\"elementor-element elementor-element-01db45f e-flex e-con-boxed e-con e-parent\" data-id=\"01db45f\" data-element_type=\"container\" data-e-type=\"container\">\n\t\t\t\t\t<div class=\"e-con-inner\">\n\t\t\t\t<div class=\"elementor-element elementor-element-5c97c2b elementor-widget__width-initial elementor-widget elementor-widget-heading\" data-id=\"5c97c2b\" data-element_type=\"widget\" data-e-type=\"widget\" data-widget_type=\"heading.default\">\n\t\t\t\t\t<h1 class=\"elementor-heading-title elementor-size-default\">Informativa sulla privacy<\/h1>\t\t\t\t<\/div>\n\t\t\t\t\t<\/div>\n\t\t\t\t<\/div>\n\t\t<div class=\"elementor-element elementor-element-c4fe311 e-flex e-con-boxed e-con e-parent\" data-id=\"c4fe311\" data-element_type=\"container\" data-e-type=\"container\">\n\t\t\t\t\t<div class=\"e-con-inner\">\n\t\t<div class=\"elementor-element elementor-element-53b8418 e-con-full e-flex e-con e-child\" data-id=\"53b8418\" data-element_type=\"container\" data-e-type=\"container\" data-settings=\"{&quot;background_background&quot;:&quot;classic&quot;}\">\n\t\t\t\t<div class=\"elementor-element elementor-element-36efda5 elementor-widget elementor-widget-heading\" data-id=\"36efda5\" data-element_type=\"widget\" data-e-type=\"widget\" data-widget_type=\"heading.default\">\n\t\t\t\t\t<h3 class=\"elementor-heading-title elementor-size-default\">Identificazione e propriet\u00e0<\/h3>\t\t\t\t<\/div>\n\t\t\t\t<div class=\"elementor-element elementor-element-e1b5cd0 elementor-widget elementor-widget-heading\" data-id=\"e1b5cd0\" data-element_type=\"widget\" data-e-type=\"widget\" data-widget_type=\"heading.default\">\n\t\t\t\t\t<p class=\"elementor-heading-title elementor-size-default\">Ai sensi dell'articolo 10 della legge 34\/2002, dell'11 luglio, sui servizi della societ\u00e0 dell'informazione e del commercio elettronico, il Titolare riporta i propri dati identificativi:<br><br><br>\nProprietario: Monkey Park, S.L..<br><br>\nN. IVA: B-38643375<br><br>\nIndirizzo : Llano Azul 17, Arona, Santa Cruz de Tenerife - Spagna.<br><br>\nSito web: https:\/\/monkeypark.com\/<br><\/p>\t\t\t\t<\/div>\n\t\t\t\t<\/div>\n\t\t<div class=\"elementor-element elementor-element-279e4b1 e-con-full e-flex e-con e-child\" data-id=\"279e4b1\" data-element_type=\"container\" data-e-type=\"container\" data-settings=\"{&quot;background_background&quot;:&quot;classic&quot;}\">\n\t\t\t\t<div class=\"elementor-element elementor-element-feb998f elementor-widget elementor-widget-heading\" data-id=\"feb998f\" data-element_type=\"widget\" data-e-type=\"widget\" data-widget_type=\"heading.default\">\n\t\t\t\t\t<h3 class=\"elementor-heading-title elementor-size-default\">Regolamento sulla protezione dei dati<\/h3>\t\t\t\t<\/div>\n\t\t\t\t<div class=\"elementor-element elementor-element-c19e1c3 elementor-widget elementor-widget-heading\" data-id=\"c19e1c3\" data-element_type=\"widget\" data-e-type=\"widget\" data-widget_type=\"heading.default\">\n\t\t\t\t\t<p class=\"elementor-heading-title elementor-size-default\">Al MONKEY PARK continuiamo a lavorare sulla privacy nel trattamento dei vostri dati personali, aggiornando la nostra Informativa sulla privacy per informarvi sul modo in cui raccogliamo, utilizziamo e conserviamo tutti i dati delle persone che ci contattano con qualsiasi mezzo, secondo le seguenti sezioni:<br><br><br>\nI.- Titolare del trattamento dei dati.<br><br>\nII.- Finalit\u00e0 del trattamento dei dati.<br><br>\nIII.- Tempo di conservazione dei dati personali.<br><br>\nIV.- Qual \u00e8 la legittimit\u00e0 del trattamento dei vostri dati personali?<br><br>\nV.- Chi pu\u00f2 avere accesso ai vostri dati personali?<br><br>\nVI.- Quali diritti ha l'utente?<br><br>\nVII.- Dati di terzi<br><br>\nVIII- A partire da quale et\u00e0 l'Utente pu\u00f2 accedere ai nostri prodotti e servizi?<br><br>\nIX.- Misure di sicurezza implementate.<br><br>\nX.- Biscotti\n<\/p>\t\t\t\t<\/div>\n\t\t\t\t<\/div>\n\t\t<div class=\"elementor-element elementor-element-0d8283c e-con-full e-flex e-con e-child\" data-id=\"0d8283c\" data-element_type=\"container\" data-e-type=\"container\" data-settings=\"{&quot;background_background&quot;:&quot;classic&quot;}\">\n\t\t\t\t<div class=\"elementor-element elementor-element-a3d1227 elementor-widget elementor-widget-heading\" data-id=\"a3d1227\" data-element_type=\"widget\" data-e-type=\"widget\" data-widget_type=\"heading.default\">\n\t\t\t\t\t<h3 class=\"elementor-heading-title elementor-size-default\">I.- Titolare del trattamento dei dati<\/h3>\t\t\t\t<\/div>\n\t\t\t\t<div class=\"elementor-element elementor-element-402783d elementor-widget elementor-widget-heading\" data-id=\"402783d\" data-element_type=\"widget\" data-e-type=\"widget\" data-widget_type=\"heading.default\">\n\t\t\t\t\t<p class=\"elementor-heading-title elementor-size-default\">L'interessato (utente) che fornisce a MONKEY PARK dati personali attraverso social network o piattaforme online \u00e8 informato che il responsabile del trattamento dei dati personali forniti sar\u00e0: \"MONKEY PARK, S.L.\", con C.I.F. B-38643375, e indirizzo a Llano Azul 17, Arona, Santa Cruz de Tenerife - Spagna. Telefono 922790720 e indirizzo e-mail info@monkeypark.com.\nIn qualit\u00e0 di titolare del trattamento dei dati, \"MONKEY PARK, S.L.\" richieder\u00e0 espressamente il consenso dell'utente alla presente informativa sulla privacy.\nIn caso di domande sulla protezione dei dati, l'utente pu\u00f2 contattare \"MONKEY PARK, S.L.\" e sar\u00e0 assistito.\n<\/p>\t\t\t\t<\/div>\n\t\t\t\t<\/div>\n\t\t<div class=\"elementor-element elementor-element-838df7e e-con-full e-flex e-con e-child\" data-id=\"838df7e\" data-element_type=\"container\" data-e-type=\"container\" data-settings=\"{&quot;background_background&quot;:&quot;classic&quot;}\">\n\t\t\t\t<div class=\"elementor-element elementor-element-4137d22 elementor-widget elementor-widget-heading\" data-id=\"4137d22\" data-element_type=\"widget\" data-e-type=\"widget\" data-widget_type=\"heading.default\">\n\t\t\t\t\t<h3 class=\"elementor-heading-title elementor-size-default\">II.- Finalit\u00e0 del trattamento dei dati<\/h3>\t\t\t\t<\/div>\n\t\t\t\t<div class=\"elementor-element elementor-element-ffdf2e7 elementor-widget elementor-widget-heading\" data-id=\"ffdf2e7\" data-element_type=\"widget\" data-e-type=\"widget\" data-widget_type=\"heading.default\">\n\t\t\t\t\t<p class=\"elementor-heading-title elementor-size-default\">A seconda del motivo per cui l'Utente ci ha contattato, \"MONKEY PARK, S.L.\" tratter\u00e0 i dati forniti con i seguenti obiettivi o finalit\u00e0:<br><br>\n- Gestire gli acquisti e le richieste effettuate dall'Utente attraverso le nostre pagine web.<br><br>\n- Contattare l'Utente per evadere le sue richieste, domande o quesiti.<br><br>\n- Gestire e controllare il portafoglio clienti, rispondere alle richieste di servizio e procedere alla fatturazione e all'incasso.<br><br>\n- Coinvolgere l'Utente in attivit\u00e0 promozionali quali giochi, concorsi e lotterie condotti attraverso il nostro sito web.<br><br>\n- Ottenere i curricula vitae, ai fini della selezione del personale.\n<\/p>\t\t\t\t<\/div>\n\t\t\t\t<\/div>\n\t\t<div class=\"elementor-element elementor-element-2bf5d03 e-con-full e-flex e-con e-child\" data-id=\"2bf5d03\" data-element_type=\"container\" data-e-type=\"container\" data-settings=\"{&quot;background_background&quot;:&quot;classic&quot;}\">\n\t\t\t\t<div class=\"elementor-element elementor-element-ee36751 elementor-widget elementor-widget-heading\" data-id=\"ee36751\" data-element_type=\"widget\" data-e-type=\"widget\" data-widget_type=\"heading.default\">\n\t\t\t\t\t<h3 class=\"elementor-heading-title elementor-size-default\">III.- Durata del trattamento dei dati. Per quanto tempo saranno conservati i vostri dati personali <\/h3>\t\t\t\t<\/div>\n\t\t\t\t<div class=\"elementor-element elementor-element-3c7ce3f elementor-widget elementor-widget-heading\" data-id=\"3c7ce3f\" data-element_type=\"widget\" data-e-type=\"widget\" data-widget_type=\"heading.default\">\n\t\t\t\t\t<p class=\"elementor-heading-title elementor-size-default\">I dati personali dell'Utente saranno conservati da \"MONKEY PARK, S.L.\" per il periodo di tempo consentito dalla legge, in base al motivo per cui i dati sono stati forniti dall'Utente.<br><br>\nAi fini della fatturazione e della riscossione dei servizi, se del caso, i dati saranno conservati per tutta la durata del rapporto contrattuale, oltre al periodo di conservazione previsto dalla normativa vigente e fino a quando non si riterranno trascorsi i termini di prescrizione per la rivendicazione di ipotetiche responsabilit\u00e0 contrattuali.<br><br>\nI dati ottenuti per la gestione delle richieste e delle domande saranno conservati per la durata della richiesta.<br><br>\nI dati ottenuti in occasione della partecipazione ad attivit\u00e0 promozionali, quali giochi, lotterie e concorsi, saranno conservati per la durata di dette attivit\u00e0 ai fini del loro effettivo svolgimento secondo le basi di partecipazione e fino alla consumazione degli effetti della partecipazione dell'Utente alle stesse.<br><br>\nDati relativi al curriculum vitae, durante il processo di selezione.\n<\/p>\t\t\t\t<\/div>\n\t\t\t\t<\/div>\n\t\t<div class=\"elementor-element elementor-element-b65033e e-con-full e-flex e-con e-child\" data-id=\"b65033e\" data-element_type=\"container\" data-e-type=\"container\" data-settings=\"{&quot;background_background&quot;:&quot;classic&quot;}\">\n\t\t\t\t<div class=\"elementor-element elementor-element-fb87fb5 elementor-widget elementor-widget-heading\" data-id=\"fb87fb5\" data-element_type=\"widget\" data-e-type=\"widget\" data-widget_type=\"heading.default\">\n\t\t\t\t\t<h3 class=\"elementor-heading-title elementor-size-default\">IV.- Qual \u00e8 la legittimit\u00e0 del trattamento dei vostri dati personali? <\/h3>\t\t\t\t<\/div>\n\t\t\t\t<div class=\"elementor-element elementor-element-d2bd7d3 elementor-widget elementor-widget-heading\" data-id=\"d2bd7d3\" data-element_type=\"widget\" data-e-type=\"widget\" data-widget_type=\"heading.default\">\n\t\t\t\t\t<p class=\"elementor-heading-title elementor-size-default\">I dati personali forniti dall'Utente hanno lo scopo ultimo di permettere a \"MONKEY PARK, S.L.\" di fornire i servizi offerti e accettati dall'Utente, nonch\u00e9 di permettere a \"MONKEY PARK, S.L.\" di continuare a realizzare il suo legittimo diritto di crescere come azienda fidelizzando i clienti e offrendo nuovi servizi e prodotti.<\/p>\t\t\t\t<\/div>\n\t\t\t\t<\/div>\n\t\t<div class=\"elementor-element elementor-element-c9435ab e-con-full e-flex e-con e-child\" data-id=\"c9435ab\" data-element_type=\"container\" data-e-type=\"container\" data-settings=\"{&quot;background_background&quot;:&quot;classic&quot;}\">\n\t\t\t\t<div class=\"elementor-element elementor-element-4f93639 elementor-widget elementor-widget-heading\" data-id=\"4f93639\" data-element_type=\"widget\" data-e-type=\"widget\" data-widget_type=\"heading.default\">\n\t\t\t\t\t<h3 class=\"elementor-heading-title elementor-size-default\">V.- Chi pu\u00f2 avere accesso ai vostri dati personali?<\/h3>\t\t\t\t<\/div>\n\t\t\t\t<div class=\"elementor-element elementor-element-f2bdc8e elementor-widget elementor-widget-heading\" data-id=\"f2bdc8e\" data-element_type=\"widget\" data-e-type=\"widget\" data-widget_type=\"heading.default\">\n\t\t\t\t\t<p class=\"elementor-heading-title elementor-size-default\">I dati personali non saranno trasmessi ad altre societ\u00e0.<br><br>\n\"MONKEY PARK, S.L.\" potr\u00e0 effettuare cessioni o comunicazioni di dati personali per adempiere agli obblighi nei confronti della Pubblica Amministrazione quando, in conformit\u00e0 alla normativa vigente, ne sia formalmente richiesto. Allo stesso modo, proceder\u00e0 quando richiesto dalle forze e dagli organi di sicurezza dello Stato e dagli organi giudiziari nell'esercizio dei loro poteri.\n<\/p>\t\t\t\t<\/div>\n\t\t\t\t<\/div>\n\t\t<div class=\"elementor-element elementor-element-56ae80e e-con-full e-flex e-con e-child\" data-id=\"56ae80e\" data-element_type=\"container\" data-e-type=\"container\" data-settings=\"{&quot;background_background&quot;:&quot;classic&quot;}\">\n\t\t\t\t<div class=\"elementor-element elementor-element-4273604 elementor-widget elementor-widget-heading\" data-id=\"4273604\" data-element_type=\"widget\" data-e-type=\"widget\" data-widget_type=\"heading.default\">\n\t\t\t\t\t<h3 class=\"elementor-heading-title elementor-size-default\">VI.- Quali diritti ha l'utente?<\/h3>\t\t\t\t<\/div>\n\t\t\t\t<div class=\"elementor-element elementor-element-1484740 elementor-widget elementor-widget-heading\" data-id=\"1484740\" data-element_type=\"widget\" data-e-type=\"widget\" data-widget_type=\"heading.default\">\n\t\t\t\t\t<p class=\"elementor-heading-title elementor-size-default\">Tutti gli Utenti hanno il diritto di esercitare i propri diritti di accesso, rettifica, opposizione, cancellazione, portabilit\u00e0 e limitazione del trattamento dei propri dati personali.<br><br>\nQuesti diritti consistono in:<br><br>\nAccesso a tutti i dati in nostro possesso sull'utente.<br><br>\nRettifica dei dati gi\u00e0 in nostro possesso, tenendo conto che, fornendoci i dati, l'utente garantisce che essi sono veritieri e accurati e si impegna a comunicarci qualsiasi cambiamento o modifica degli stessi. Qualsiasi perdita o danno causato alla Piattaforma o al responsabile della Piattaforma o a terzi a causa della comunicazione di informazioni errate, imprecise o incomplete nei moduli di registrazione sar\u00e0 di esclusiva responsabilit\u00e0 dell'utente.<br><br>\nCancellazione dei dati dell'utente finch\u00e9 non sono necessari ai fini del trattamento o quando non \u00e8 pi\u00f9 richiesto il consenso o l'autorizzazione dell'utente.\nLimitazione del trattamento dei dati dell'utente. L'utente pu\u00f2 chiederci di sospendere temporaneamente il trattamento dei suoi dati o di conservarli per un periodo di tempo pi\u00f9 lungo per quando potrebbe averne bisogno.<br><br>\nOpposizione al trattamento dei dati dell'utente, che pu\u00f2 essere esercitata nei seguenti casi:<br><br>(i) quando i dati sono trattati sulla base di una missione di interesse pubblico o di un interesse legittimo, compresa la profilazione. <br><br>(ii) se il trattamento avviene per finalit\u00e0 di marketing diretto, compresa la profilazione.<br><br>\nAllo stesso modo, l'Utente pu\u00f2 rifiutare il trattamento automatizzato dei dati personali raccolti da \"MONKEY PARK, S.L.\".<br><br>\nI diritti degli utenti possono essere fatti valere attraverso i mezzi di contatto elencati nella sezione \"I\" della presente Informativa sulla privacy.<br><br>\nSe non si \u00e8 d'accordo con il trattamento che \"MONKEY PARK, S.L.\" riserva all'utente nell'esercizio dei suoi diritti, \u00e8 possibile presentare un reclamo all'Agenzia spagnola per la protezione dei dati e a qualsiasi altra entit\u00e0 di controllo competente.<br><br>\nL'Utente pu\u00f2 esercitare i suddetti diritti o revocare il consenso al trattamento prestato a \"MONKEY PARK, S.L.\" o richiedere qualsiasi chiarimento inviando una richiesta esplicita all'indirizzo e-mail info@monkeypark.com, dimostrando di essere il titolare dei dati per i quali desidera esercitare i propri diritti.<\/p>\t\t\t\t<\/div>\n\t\t\t\t<\/div>\n\t\t<div class=\"elementor-element elementor-element-99ef884 e-con-full e-flex e-con e-child\" data-id=\"99ef884\" data-element_type=\"container\" data-e-type=\"container\" data-settings=\"{&quot;background_background&quot;:&quot;classic&quot;}\">\n\t\t\t\t<div class=\"elementor-element elementor-element-b8d1957 elementor-widget elementor-widget-heading\" data-id=\"b8d1957\" data-element_type=\"widget\" data-e-type=\"widget\" data-widget_type=\"heading.default\">\n\t\t\t\t\t<h3 class=\"elementor-heading-title elementor-size-default\">VII.- Dati di terzi<\/h3>\t\t\t\t<\/div>\n\t\t\t\t<div class=\"elementor-element elementor-element-2322800 elementor-widget elementor-widget-heading\" data-id=\"2322800\" data-element_type=\"widget\" data-e-type=\"widget\" data-widget_type=\"heading.default\">\n\t\t\t\t\t<p class=\"elementor-heading-title elementor-size-default\">Nel caso in cui i dati personali siano ottenuti da terzi diversi dall'Utente, questi saranno preventivamente informati del contenuto dell'art. 14 del Regolamento generale sulla protezione dei dati.<\/p>\t\t\t\t<\/div>\n\t\t\t\t<\/div>\n\t\t<div class=\"elementor-element elementor-element-6a939a2 e-con-full e-flex e-con e-child\" data-id=\"6a939a2\" data-element_type=\"container\" data-e-type=\"container\" data-settings=\"{&quot;background_background&quot;:&quot;classic&quot;}\">\n\t\t\t\t<div class=\"elementor-element elementor-element-5a1325d elementor-widget elementor-widget-heading\" data-id=\"5a1325d\" data-element_type=\"widget\" data-e-type=\"widget\" data-widget_type=\"heading.default\">\n\t\t\t\t\t<h3 class=\"elementor-heading-title elementor-size-default\">VIII- A partire da quale et\u00e0 l'utente pu\u00f2 accedere ai nostri prodotti e servizi? <\/h3>\t\t\t\t<\/div>\n\t\t\t\t<div class=\"elementor-element elementor-element-0b09e47 elementor-widget elementor-widget-heading\" data-id=\"0b09e47\" data-element_type=\"widget\" data-e-type=\"widget\" data-widget_type=\"heading.default\">\n\t\t\t\t\t<p class=\"elementor-heading-title elementor-size-default\">Come regola generale e in conformit\u00e0 all'articolo 8 del nuovo Regolamento generale sulla protezione dei dati, quando l'articolo 6, paragrafo 1, lettera a), si applica in relazione all'offerta diretta di servizi della societ\u00e0 dell'informazione ai minori, il trattamento dei dati personali di un minore \u00e8 considerato lecito quando il minore ha almeno 16 anni. Se il minore ha meno di 16 anni, tale trattamento sar\u00e0 lecito solo se e solo nella misura in cui il consenso \u00e8 stato dato o autorizzato dal titolare della responsabilit\u00e0 genitoriale o della tutela sul minore.<\/p>\t\t\t\t<\/div>\n\t\t\t\t<\/div>\n\t\t<div class=\"elementor-element elementor-element-63053b3 e-con-full e-flex e-con e-child\" data-id=\"63053b3\" data-element_type=\"container\" data-e-type=\"container\" data-settings=\"{&quot;background_background&quot;:&quot;classic&quot;}\">\n\t\t\t\t<div class=\"elementor-element elementor-element-b9231cf elementor-widget elementor-widget-heading\" data-id=\"b9231cf\" data-element_type=\"widget\" data-e-type=\"widget\" data-widget_type=\"heading.default\">\n\t\t\t\t\t<h3 class=\"elementor-heading-title elementor-size-default\">IX.- Misure di sicurezza in atto<\/h3>\t\t\t\t<\/div>\n\t\t\t\t<div class=\"elementor-element elementor-element-c30c4e3 elementor-widget elementor-widget-heading\" data-id=\"c30c4e3\" data-element_type=\"widget\" data-e-type=\"widget\" data-widget_type=\"heading.default\">\n\t\t\t\t\t<p class=\"elementor-heading-title elementor-size-default\">\"MONKEY PARK, S.L.\" si \u00e8 impegnata a rispettare gli obblighi stabiliti dalla legge in materia di dati personali, ha adottato e adotter\u00e0 tutte le misure di controllo necessarie per cercare di evitare che i dati forniti dagli utenti possano essere alterati e\/o subire accessi non autorizzati o trattamenti non consentiti. Per fare questo, \"MONKEY PARK, S.L.\" mantiene misure di sicurezza operative di tipo tecnico e organizzativo per garantire la sicurezza dei dati personali dell'utente in conformit\u00e0 con la normativa vigente.\n<\/p>\t\t\t\t<\/div>\n\t\t\t\t<\/div>\n\t\t<div class=\"elementor-element elementor-element-274af40 e-con-full e-flex e-con e-child\" data-id=\"274af40\" data-element_type=\"container\" data-e-type=\"container\" data-settings=\"{&quot;background_background&quot;:&quot;classic&quot;}\">\n\t\t\t\t<div class=\"elementor-element elementor-element-3752ed9 elementor-widget elementor-widget-heading\" data-id=\"3752ed9\" data-element_type=\"widget\" data-e-type=\"widget\" data-widget_type=\"heading.default\">\n\t\t\t\t\t<h3 class=\"elementor-heading-title elementor-size-default\">X.- Biscotti<\/h3>\t\t\t\t<\/div>\n\t\t\t\t<div class=\"elementor-element elementor-element-e27e85e elementor-widget elementor-widget-heading\" data-id=\"e27e85e\" data-element_type=\"widget\" data-e-type=\"widget\" data-widget_type=\"heading.default\">\n\t\t\t\t\t<p class=\"elementor-heading-title elementor-size-default\">\"MONKEY PARK, S.L.\" informa gli utenti che durante l'accesso al sito web potranno essere inviati al computer dell'utente dei cookie, secondo le modalit\u00e0 descritte nella politica sui cookie contenuta nelle condizioni di utilizzo del web.<\/p>\t\t\t\t<\/div>\n\t\t\t\t<\/div>\n\t\t\t\t\t<\/div>\n\t\t\t\t<\/div>\n\t\t\t\t<\/div>","protected":false},"excerpt":{"rendered":"<p>Informativa sulla privacy Identificazione e propriet\u00e0 In conformit\u00e0 con l'articolo 10 della legge 34\/2002, dell'11 luglio, sui servizi della societ\u00e0 dell'informazione e del commercio elettronico, il Titolare fornisce i propri dati identificativi: Titolare: Monkey Park, S.L.. CIF: B-38643375 Indirizzo: Llano Azul 17, Arona, Santa Cruz de Tenerife - Spagna. Sito web ... <a title=\"Informativa sulla privacy\" class=\"read-more\" href=\"https:\/\/www.monkeypark.com\/it\/politica-de-privacidad\/\" aria-label=\"Per saperne di pi\u00f9 su Privacy Policy\">Leggi tutto<\/a><\/p>","protected":false},"author":1,"featured_media":0,"parent":0,"menu_order":0,"comment_status":"closed","ping_status":"closed","template":"elementor_header_footer","meta":{"footnotes":""},"class_list":["post-3744","page","type-page","status-publish"],"_links":{"self":[{"href":"https:\/\/www.monkeypark.com\/it\/wp-json\/wp\/v2\/pages\/3744","targetHints":{"allow":["GET"]}}],"collection":[{"href":"https:\/\/www.monkeypark.com\/it\/wp-json\/wp\/v2\/pages"}],"about":[{"href":"https:\/\/www.monkeypark.com\/it\/wp-json\/wp\/v2\/types\/page"}],"author":[{"embeddable":true,"href":"https:\/\/www.monkeypark.com\/it\/wp-json\/wp\/v2\/users\/1"}],"replies":[{"embeddable":true,"href":"https:\/\/www.monkeypark.com\/it\/wp-json\/wp\/v2\/comments?post=3744"}],"version-history":[{"count":4,"href":"https:\/\/www.monkeypark.com\/it\/wp-json\/wp\/v2\/pages\/3744\/revisions"}],"predecessor-version":[{"id":3748,"href":"https:\/\/www.monkeypark.com\/it\/wp-json\/wp\/v2\/pages\/3744\/revisions\/3748"}],"wp:attachment":[{"href":"https:\/\/www.monkeypark.com\/it\/wp-json\/wp\/v2\/media?parent=3744"}],"curies":[{"name":"wp","href":"https:\/\/api.w.org\/{rel}","templated":true}]}}