{"id":588,"date":"2025-08-16T03:02:47","date_gmt":"2025-08-16T03:02:47","guid":{"rendered":"https:\/\/monkeypark.com\/?page_id=588"},"modified":"2025-12-15T07:27:23","modified_gmt":"2025-12-15T07:27:23","slug":"comprar","status":"publish","type":"page","link":"https:\/\/www.monkeypark.com\/fr\/comprar\/","title":{"rendered":"Acheter des billets"},"content":{"rendered":"<div data-elementor-type=\"wp-page\" data-elementor-id=\"588\" class=\"elementor elementor-588\" data-elementor-post-type=\"page\">\n\t\t\t\t<div class=\"elementor-element elementor-element-6a1fba5 e-flex e-con-boxed e-con e-parent\" data-id=\"6a1fba5\" data-element_type=\"container\" data-e-type=\"container\">\n\t\t\t\t\t<div class=\"e-con-inner\">\n\t\t\t\t<div class=\"elementor-element elementor-element-a6147c4 elementor-widget elementor-widget-heading\" data-id=\"a6147c4\" data-element_type=\"widget\" data-e-type=\"widget\" data-widget_type=\"heading.default\">\n\t\t\t\t\t<h1 class=\"elementor-heading-title elementor-size-default\">Achetez vos billets<\/h1>\t\t\t\t<\/div>\n\t\t\t\t<div class=\"elementor-element elementor-element-d00140b elementor-widget-tablet__width-initial elementor-widget elementor-widget-heading\" data-id=\"d00140b\" data-element_type=\"widget\" data-e-type=\"widget\" data-widget_type=\"heading.default\">\n\t\t\t\t\t<h2 class=\"elementor-heading-title elementor-size-default\">Si les billets en ligne sont \u00e9puis\u00e9s, vous devrez les acheter dans notre parc en fonction de la capacit\u00e9 d'accueil.<\/h2>\t\t\t\t<\/div>\n\t\t<div class=\"elementor-element elementor-element-9c5ee55 e-con-full e-grid e-con e-child\" data-id=\"9c5ee55\" data-element_type=\"container\" data-e-type=\"container\">\n\t\t<div class=\"elementor-element elementor-element-48ce746 e-con-full e-flex e-con e-child\" data-id=\"48ce746\" data-element_type=\"container\" data-e-type=\"container\" data-settings=\"{&quot;background_background&quot;:&quot;classic&quot;}\">\n\t\t\t\t<div class=\"elementor-element elementor-element-6ac8c7f elementor-widget elementor-widget-image\" data-id=\"6ac8c7f\" data-element_type=\"widget\" data-e-type=\"widget\" data-widget_type=\"image.default\">\n\t\t\t\t\t\t\t\t\t\t\t\t\t\t\t<img fetchpriority=\"high\" decoding=\"async\" width=\"390\" height=\"244\" src=\"https:\/\/www.monkeypark.com\/wp-content\/uploads\/2025\/12\/img-ticket-general.jpg\" class=\"attachment-full size-full wp-image-14558\" alt=\"Ticket General Monkey Park\" srcset=\"https:\/\/www.monkeypark.com\/wp-content\/uploads\/2025\/12\/img-ticket-general.jpg 390w, https:\/\/www.monkeypark.com\/wp-content\/uploads\/2025\/12\/img-ticket-general-18x12.jpg 18w, https:\/\/www.monkeypark.com\/wp-content\/uploads\/2025\/12\/img-ticket-general-60x38.jpg 60w\" sizes=\"(max-width: 390px) 100vw, 390px\" \/>\t\t\t\t\t\t\t\t\t\t\t\t\t\t\t<\/div>\n\t\t<div class=\"elementor-element elementor-element-b8d152c e-con-full e-flex e-con e-child\" data-id=\"b8d152c\" data-element_type=\"container\" data-e-type=\"container\" data-settings=\"{&quot;background_background&quot;:&quot;classic&quot;}\">\n\t\t\t\t<div class=\"elementor-element elementor-element-e9d165c elementor-widget elementor-widget-heading\" data-id=\"e9d165c\" data-element_type=\"widget\" data-e-type=\"widget\" data-widget_type=\"heading.default\">\n\t\t\t\t\t<h3 class=\"elementor-heading-title elementor-size-default\">Billet g\u00e9n\u00e9ral<\/h3>\t\t\t\t<\/div>\n\t\t\t\t<div class=\"elementor-element elementor-element-1084c3a elementor-widget elementor-widget-heading\" data-id=\"1084c3a\" data-element_type=\"widget\" data-e-type=\"widget\" data-widget_type=\"heading.default\">\n\t\t\t\t\t<p class=\"elementor-heading-title elementor-size-default\">Acc\u00e8s complet pour profiter librement de toutes les zones et de tous les animaux.<\/p>\t\t\t\t<\/div>\n\t\t\t\t<div class=\"elementor-element elementor-element-1427d49 elementor-align-center elementor-widget elementor-widget-button\" data-id=\"1427d49\" data-element_type=\"widget\" data-e-type=\"widget\" data-widget_type=\"button.default\">\n\t\t\t\t\t\t\t\t\t\t<a class=\"elementor-button elementor-button-link elementor-size-sm\" href=\"https:\/\/www.monkeypark.com\/fr\/ticket-general\/\">\n\t\t\t\t\t\t<span class=\"elementor-button-content-wrapper\">\n\t\t\t\t\t\t\t\t\t<span class=\"elementor-button-text\">Acheter<\/span>\n\t\t\t\t\t<\/span>\n\t\t\t\t\t<\/a>\n\t\t\t\t\t\t\t\t<\/div>\n\t\t\t\t<\/div>\n\t\t\t\t<\/div>\n\t\t<div class=\"elementor-element elementor-element-3a7ba13 e-con-full e-flex e-con e-child\" data-id=\"3a7ba13\" data-element_type=\"container\" data-e-type=\"container\" data-settings=\"{&quot;background_background&quot;:&quot;classic&quot;}\">\n\t\t\t\t<div class=\"elementor-element elementor-element-fcc2ab9 elementor-widget elementor-widget-image\" data-id=\"fcc2ab9\" data-element_type=\"widget\" data-e-type=\"widget\" data-widget_type=\"image.default\">\n\t\t\t\t\t\t\t\t\t\t\t\t\t\t\t<img decoding=\"async\" width=\"390\" height=\"244\" src=\"https:\/\/www.monkeypark.com\/wp-content\/uploads\/2025\/12\/img-ticket-gift.jpg\" class=\"attachment-full size-full wp-image-14555\" alt=\"Ticket para Regalar Monkey Park\" srcset=\"https:\/\/www.monkeypark.com\/wp-content\/uploads\/2025\/12\/img-ticket-gift.jpg 390w, https:\/\/www.monkeypark.com\/wp-content\/uploads\/2025\/12\/img-ticket-gift-18x12.jpg 18w, https:\/\/www.monkeypark.com\/wp-content\/uploads\/2025\/12\/img-ticket-gift-60x38.jpg 60w\" sizes=\"(max-width: 390px) 100vw, 390px\" \/>\t\t\t\t\t\t\t\t\t\t\t\t\t\t\t<\/div>\n\t\t<div class=\"elementor-element elementor-element-c7b4320 e-con-full e-flex e-con e-child\" data-id=\"c7b4320\" data-element_type=\"container\" data-e-type=\"container\" data-settings=\"{&quot;background_background&quot;:&quot;classic&quot;}\">\n\t\t\t\t<div class=\"elementor-element elementor-element-118c365 elementor-widget elementor-widget-heading\" data-id=\"118c365\" data-element_type=\"widget\" data-e-type=\"widget\" data-widget_type=\"heading.default\">\n\t\t\t\t\t<h3 class=\"elementor-heading-title elementor-size-default\">Bon cadeau<\/h3>\t\t\t\t<\/div>\n\t\t\t\t<div class=\"elementor-element elementor-element-268113e elementor-widget elementor-widget-heading\" data-id=\"268113e\" data-element_type=\"widget\" data-e-type=\"widget\" data-widget_type=\"heading.default\">\n\t\t\t\t\t<p class=\"elementor-heading-title elementor-size-default\">Billets sans date pour que vos proches puissent nous rendre visite quand ils le souhaitent. <\/p>\t\t\t\t<\/div>\n\t\t\t\t<div class=\"elementor-element elementor-element-15a65c4 elementor-align-center elementor-widget elementor-widget-button\" data-id=\"15a65c4\" data-element_type=\"widget\" data-e-type=\"widget\" data-widget_type=\"button.default\">\n\t\t\t\t\t\t\t\t\t\t<a class=\"elementor-button elementor-button-link elementor-size-sm\" href=\"https:\/\/www.monkeypark.com\/fr\/ticket-regalo\/\">\n\t\t\t\t\t\t<span class=\"elementor-button-content-wrapper\">\n\t\t\t\t\t\t\t\t\t<span class=\"elementor-button-text\">Acheter<\/span>\n\t\t\t\t\t<\/span>\n\t\t\t\t\t<\/a>\n\t\t\t\t\t\t\t\t<\/div>\n\t\t\t\t<\/div>\n\t\t\t\t<\/div>\n\t\t<div class=\"elementor-element elementor-element-938313f e-con-full e-flex e-con e-child\" data-id=\"938313f\" data-element_type=\"container\" data-e-type=\"container\" data-settings=\"{&quot;background_background&quot;:&quot;classic&quot;}\">\n\t\t\t\t<div class=\"elementor-element elementor-element-1d1d2a5 elementor-widget elementor-widget-image\" data-id=\"1d1d2a5\" data-element_type=\"widget\" data-e-type=\"widget\" data-widget_type=\"image.default\">\n\t\t\t\t\t\t\t\t\t\t\t\t\t\t\t<img decoding=\"async\" width=\"390\" height=\"244\" src=\"https:\/\/www.monkeypark.com\/wp-content\/uploads\/2025\/12\/img-ticket-guided.jpg\" class=\"attachment-full size-full wp-image-14556\" alt=\"Ticket Visita Guiada Monkey Park\" srcset=\"https:\/\/www.monkeypark.com\/wp-content\/uploads\/2025\/12\/img-ticket-guided.jpg 390w, https:\/\/www.monkeypark.com\/wp-content\/uploads\/2025\/12\/img-ticket-guided-18x12.jpg 18w, https:\/\/www.monkeypark.com\/wp-content\/uploads\/2025\/12\/img-ticket-guided-60x38.jpg 60w\" sizes=\"(max-width: 390px) 100vw, 390px\" \/>\t\t\t\t\t\t\t\t\t\t\t\t\t\t\t<\/div>\n\t\t<div class=\"elementor-element elementor-element-206cff5 e-con-full e-flex e-con e-child\" data-id=\"206cff5\" data-element_type=\"container\" data-e-type=\"container\" data-settings=\"{&quot;background_background&quot;:&quot;classic&quot;}\">\n\t\t\t\t<div class=\"elementor-element elementor-element-4ce5b8e elementor-widget elementor-widget-heading\" data-id=\"4ce5b8e\" data-element_type=\"widget\" data-e-type=\"widget\" data-widget_type=\"heading.default\">\n\t\t\t\t\t<h3 class=\"elementor-heading-title elementor-size-default\">Billet Visite guid\u00e9e<\/h3>\t\t\t\t<\/div>\n\t\t\t\t<div class=\"elementor-element elementor-element-4ffa4e4 elementor-widget elementor-widget-heading\" data-id=\"4ffa4e4\" data-element_type=\"widget\" data-e-type=\"widget\" data-widget_type=\"heading.default\">\n\t\t\t\t\t<p class=\"elementor-heading-title elementor-size-default\">Parcourez tout le parc en compagnie d'un de nos gardiens.<\/p>\t\t\t\t<\/div>\n\t\t\t\t<div class=\"elementor-element elementor-element-3dce3c7 elementor-align-center elementor-widget elementor-widget-button\" data-id=\"3dce3c7\" data-element_type=\"widget\" data-e-type=\"widget\" data-widget_type=\"button.default\">\n\t\t\t\t\t\t\t\t\t\t<a class=\"elementor-button elementor-button-link elementor-size-sm\" href=\"https:\/\/www.monkeypark.com\/fr\/ticket-visita-guiada\/\">\n\t\t\t\t\t\t<span class=\"elementor-button-content-wrapper\">\n\t\t\t\t\t\t\t\t\t<span class=\"elementor-button-text\">Consulter<\/span>\n\t\t\t\t\t<\/span>\n\t\t\t\t\t<\/a>\n\t\t\t\t\t\t\t\t<\/div>\n\t\t\t\t<\/div>\n\t\t\t\t<\/div>\n\t\t<div class=\"elementor-element elementor-element-4a19b9f e-con-full e-flex e-con e-child\" data-id=\"4a19b9f\" data-element_type=\"container\" data-e-type=\"container\" data-settings=\"{&quot;background_background&quot;:&quot;classic&quot;}\">\n\t\t\t\t<div class=\"elementor-element elementor-element-6461dda elementor-widget elementor-widget-image\" data-id=\"6461dda\" data-element_type=\"widget\" data-e-type=\"widget\" data-widget_type=\"image.default\">\n\t\t\t\t\t\t\t\t\t\t\t\t\t\t\t<img loading=\"lazy\" decoding=\"async\" width=\"390\" height=\"244\" src=\"https:\/\/www.monkeypark.com\/wp-content\/uploads\/2025\/12\/img-ticket-group.jpg\" class=\"attachment-full size-full wp-image-14557\" alt=\"Ticket para Grupos Monkey Park\" srcset=\"https:\/\/www.monkeypark.com\/wp-content\/uploads\/2025\/12\/img-ticket-group.jpg 390w, https:\/\/www.monkeypark.com\/wp-content\/uploads\/2025\/12\/img-ticket-group-18x12.jpg 18w, https:\/\/www.monkeypark.com\/wp-content\/uploads\/2025\/12\/img-ticket-group-60x38.jpg 60w\" sizes=\"(max-width: 390px) 100vw, 390px\" \/>\t\t\t\t\t\t\t\t\t\t\t\t\t\t\t<\/div>\n\t\t<div class=\"elementor-element elementor-element-ea88d38 e-con-full e-flex e-con e-child\" data-id=\"ea88d38\" data-element_type=\"container\" data-e-type=\"container\" data-settings=\"{&quot;background_background&quot;:&quot;classic&quot;}\">\n\t\t\t\t<div class=\"elementor-element elementor-element-1e44512 elementor-widget elementor-widget-heading\" data-id=\"1e44512\" data-element_type=\"widget\" data-e-type=\"widget\" data-widget_type=\"heading.default\">\n\t\t\t\t\t<h3 class=\"elementor-heading-title elementor-size-default\">Billet pour les groupes<\/h3>\t\t\t\t<\/div>\n\t\t\t\t<div class=\"elementor-element elementor-element-f4c4380 elementor-widget elementor-widget-heading\" data-id=\"f4c4380\" data-element_type=\"widget\" data-e-type=\"widget\" data-widget_type=\"heading.default\">\n\t\t\t\t\t<p class=\"elementor-heading-title elementor-size-default\">Visites scolaires et groupes de plus de 10 visiteurs.<\/p>\t\t\t\t<\/div>\n\t\t\t\t<div class=\"elementor-element elementor-element-8d6394c elementor-align-center elementor-widget elementor-widget-button\" data-id=\"8d6394c\" data-element_type=\"widget\" data-e-type=\"widget\" data-widget_type=\"button.default\">\n\t\t\t\t\t\t\t\t\t\t<a class=\"elementor-button elementor-button-link elementor-size-sm\" href=\"https:\/\/www.monkeypark.com\/fr\/ticket-para-grupos\/\">\n\t\t\t\t\t\t<span class=\"elementor-button-content-wrapper\">\n\t\t\t\t\t\t\t\t\t<span class=\"elementor-button-text\">Consulter<\/span>\n\t\t\t\t\t<\/span>\n\t\t\t\t\t<\/a>\n\t\t\t\t\t\t\t\t<\/div>\n\t\t\t\t<\/div>\n\t\t\t\t<\/div>\n\t\t\t\t<\/div>\n\t\t\t\t\t<\/div>\n\t\t\t\t<\/div>\n\t\t\t\t<\/div>","protected":false},"excerpt":{"rendered":"<p>Compre sus tickets Si los tickets online est\u00e1n agotados deber\u00e1 comprar en nuestro parque seg\u00fan aforo. Ticket General Acceso completo para disfrutar libremente de todas las \u00e1reas y animales. Comprar Ticket Regalo Tickets sin fecha para que tus seres m\u00e1s queridos puedan visitarnos cuando lo deseen. Comprar Ticket Visita Guiada Recorre todo el parque junto &#8230; <a title=\"Acheter des billets\" class=\"read-more\" href=\"https:\/\/www.monkeypark.com\/fr\/comprar\/\" aria-label=\"En savoir plus sur Comprar Tickets\">Lire la suite<\/a><\/p>","protected":false},"author":1,"featured_media":0,"parent":0,"menu_order":0,"comment_status":"closed","ping_status":"closed","template":"elementor_header_footer","meta":{"footnotes":""},"class_list":["post-588","page","type-page","status-publish"],"_links":{"self":[{"href":"https:\/\/www.monkeypark.com\/fr\/wp-json\/wp\/v2\/pages\/588","targetHints":{"allow":["GET"]}}],"collection":[{"href":"https:\/\/www.monkeypark.com\/fr\/wp-json\/wp\/v2\/pages"}],"about":[{"href":"https:\/\/www.monkeypark.com\/fr\/wp-json\/wp\/v2\/types\/page"}],"author":[{"embeddable":true,"href":"https:\/\/www.monkeypark.com\/fr\/wp-json\/wp\/v2\/users\/1"}],"replies":[{"embeddable":true,"href":"https:\/\/www.monkeypark.com\/fr\/wp-json\/wp\/v2\/comments?post=588"}],"version-history":[{"count":119,"href":"https:\/\/www.monkeypark.com\/fr\/wp-json\/wp\/v2\/pages\/588\/revisions"}],"predecessor-version":[{"id":14786,"href":"https:\/\/www.monkeypark.com\/fr\/wp-json\/wp\/v2\/pages\/588\/revisions\/14786"}],"wp:attachment":[{"href":"https:\/\/www.monkeypark.com\/fr\/wp-json\/wp\/v2\/media?parent=588"}],"curies":[{"name":"wp","href":"https:\/\/api.w.org\/{rel}","templated":true}]}}