{"id":3744,"date":"2025-11-22T05:30:13","date_gmt":"2025-11-22T05:30:13","guid":{"rendered":"https:\/\/monkeypark.com\/?page_id=3744"},"modified":"2025-11-22T05:39:19","modified_gmt":"2025-11-22T05:39:19","slug":"politica-de-privacidad","status":"publish","type":"page","link":"https:\/\/www.monkeypark.com\/fr\/politica-de-privacidad\/","title":{"rendered":"Politique de confidentialit\u00e9"},"content":{"rendered":"<div data-elementor-type=\"wp-page\" data-elementor-id=\"3744\" class=\"elementor elementor-3744\" data-elementor-post-type=\"page\">\n\t\t\t\t<div class=\"elementor-element elementor-element-01db45f e-flex e-con-boxed e-con e-parent\" data-id=\"01db45f\" data-element_type=\"container\" data-e-type=\"container\">\n\t\t\t\t\t<div class=\"e-con-inner\">\n\t\t\t\t<div class=\"elementor-element elementor-element-5c97c2b elementor-widget__width-initial elementor-widget elementor-widget-heading\" data-id=\"5c97c2b\" data-element_type=\"widget\" data-e-type=\"widget\" data-widget_type=\"heading.default\">\n\t\t\t\t\t<h1 class=\"elementor-heading-title elementor-size-default\">Politique de confidentialit\u00e9<\/h1>\t\t\t\t<\/div>\n\t\t\t\t\t<\/div>\n\t\t\t\t<\/div>\n\t\t<div class=\"elementor-element elementor-element-c4fe311 e-flex e-con-boxed e-con e-parent\" data-id=\"c4fe311\" data-element_type=\"container\" data-e-type=\"container\">\n\t\t\t\t\t<div class=\"e-con-inner\">\n\t\t<div class=\"elementor-element elementor-element-53b8418 e-con-full e-flex e-con e-child\" data-id=\"53b8418\" data-element_type=\"container\" data-e-type=\"container\" data-settings=\"{&quot;background_background&quot;:&quot;classic&quot;}\">\n\t\t\t\t<div class=\"elementor-element elementor-element-36efda5 elementor-widget elementor-widget-heading\" data-id=\"36efda5\" data-element_type=\"widget\" data-e-type=\"widget\" data-widget_type=\"heading.default\">\n\t\t\t\t\t<h3 class=\"elementor-heading-title elementor-size-default\">Identification et propri\u00e9t\u00e9<\/h3>\t\t\t\t<\/div>\n\t\t\t\t<div class=\"elementor-element elementor-element-e1b5cd0 elementor-widget elementor-widget-heading\" data-id=\"e1b5cd0\" data-element_type=\"widget\" data-e-type=\"widget\" data-widget_type=\"heading.default\">\n\t\t\t\t\t<p class=\"elementor-heading-title elementor-size-default\">Conform\u00e9ment \u00e0 l'article 10 de la loi 34\/2002, du 11 juillet, sur les services de la soci\u00e9t\u00e9 de l'information et le commerce \u00e9lectronique, le titulaire indique ses donn\u00e9es d'identification :<br><br><br>\nPropri\u00e9taire : Monkey Park, S.L..<br><br>\nNUM\u00c9RO DE TVA : B-38643375<br><br>\nAdresse : Llano Azul 17, Arona, Santa Cruz de Tenerife - Espagne.<br><br>\nSite web : https:\/\/monkeypark.com\/<br><\/p>\t\t\t\t<\/div>\n\t\t\t\t<\/div>\n\t\t<div class=\"elementor-element elementor-element-279e4b1 e-con-full e-flex e-con e-child\" data-id=\"279e4b1\" data-element_type=\"container\" data-e-type=\"container\" data-settings=\"{&quot;background_background&quot;:&quot;classic&quot;}\">\n\t\t\t\t<div class=\"elementor-element elementor-element-feb998f elementor-widget elementor-widget-heading\" data-id=\"feb998f\" data-element_type=\"widget\" data-e-type=\"widget\" data-widget_type=\"heading.default\">\n\t\t\t\t\t<h3 class=\"elementor-heading-title elementor-size-default\">R\u00e8glement sur la protection des donn\u00e9es<\/h3>\t\t\t\t<\/div>\n\t\t\t\t<div class=\"elementor-element elementor-element-c19e1c3 elementor-widget elementor-widget-heading\" data-id=\"c19e1c3\" data-element_type=\"widget\" data-e-type=\"widget\" data-widget_type=\"heading.default\">\n\t\t\t\t\t<p class=\"elementor-heading-title elementor-size-default\">Chez MONKEY PARK, nous continuons \u00e0 travailler sur la confidentialit\u00e9 dans le traitement de vos donn\u00e9es personnelles, en mettant \u00e0 jour notre politique de confidentialit\u00e9 pour vous informer de la mani\u00e8re dont nous collectons, utilisons et stockons toutes les donn\u00e9es des personnes qui nous contactent par n'importe quel moyen, conform\u00e9ment aux sections suivantes :<br><br><br>\nI.- Responsable du traitement des donn\u00e9es.<br><br>\nII - Finalit\u00e9s du traitement des donn\u00e9es.<br><br>\nIII - Dur\u00e9e de conservation de vos donn\u00e9es personnelles.<br><br>\nIV - Quelle est la l\u00e9gitimit\u00e9 du traitement de vos donn\u00e9es personnelles ?<br><br>\nV.- Qui peut avoir acc\u00e8s \u00e0 vos donn\u00e9es personnelles ?<br><br>\nVI - Quels sont vos droits en tant qu'utilisateur ?<br><br>\nVII - Donn\u00e9es relatives aux tiers<br><br>\nVIII- A partir de quel \u00e2ge l'utilisateur peut-il acc\u00e9der \u00e0 nos produits et services ?<br><br>\nIX - Mesures de s\u00e9curit\u00e9 mises en \u0153uvre.<br><br>\nX.- Cookies\n<\/p>\t\t\t\t<\/div>\n\t\t\t\t<\/div>\n\t\t<div class=\"elementor-element elementor-element-0d8283c e-con-full e-flex e-con e-child\" data-id=\"0d8283c\" data-element_type=\"container\" data-e-type=\"container\" data-settings=\"{&quot;background_background&quot;:&quot;classic&quot;}\">\n\t\t\t\t<div class=\"elementor-element elementor-element-a3d1227 elementor-widget elementor-widget-heading\" data-id=\"a3d1227\" data-element_type=\"widget\" data-e-type=\"widget\" data-widget_type=\"heading.default\">\n\t\t\t\t\t<h3 class=\"elementor-heading-title elementor-size-default\">I.- Responsable du traitement des donn\u00e9es<\/h3>\t\t\t\t<\/div>\n\t\t\t\t<div class=\"elementor-element elementor-element-402783d elementor-widget elementor-widget-heading\" data-id=\"402783d\" data-element_type=\"widget\" data-e-type=\"widget\" data-widget_type=\"heading.default\">\n\t\t\t\t\t<p class=\"elementor-heading-title elementor-size-default\">L'int\u00e9ress\u00e9 (utilisateur) qui fournit \u00e0 MONKEY PARK des donn\u00e9es personnelles par le biais de r\u00e9seaux sociaux ou de plateformes en ligne est inform\u00e9 que le responsable du traitement des donn\u00e9es personnelles fournies sera : \"MONKEY PARK, S.L.\", avec C.I.F. B-38643375, et adresse \u00e0 Llano Azul 17, Arona, Santa Cruz de Tenerife - Espagne. T\u00e9l\u00e9phone 922790720 et adresse \u00e9lectronique info@monkeypark.com.\nEn tant que responsable du traitement des donn\u00e9es, \"MONKEY PARK, S.L.\" demandera express\u00e9ment le consentement de l'utilisateur \u00e0 cette politique de confidentialit\u00e9.\nPour toute question relative \u00e0 la protection des donn\u00e9es, l'utilisateur peut contacter \"MONKEY PARK, S.L.\" et sera pris en charge.\n<\/p>\t\t\t\t<\/div>\n\t\t\t\t<\/div>\n\t\t<div class=\"elementor-element elementor-element-838df7e e-con-full e-flex e-con e-child\" data-id=\"838df7e\" data-element_type=\"container\" data-e-type=\"container\" data-settings=\"{&quot;background_background&quot;:&quot;classic&quot;}\">\n\t\t\t\t<div class=\"elementor-element elementor-element-4137d22 elementor-widget elementor-widget-heading\" data-id=\"4137d22\" data-element_type=\"widget\" data-e-type=\"widget\" data-widget_type=\"heading.default\">\n\t\t\t\t\t<h3 class=\"elementor-heading-title elementor-size-default\">II - Finalit\u00e9s du traitement des donn\u00e9es<\/h3>\t\t\t\t<\/div>\n\t\t\t\t<div class=\"elementor-element elementor-element-ffdf2e7 elementor-widget elementor-widget-heading\" data-id=\"ffdf2e7\" data-element_type=\"widget\" data-e-type=\"widget\" data-widget_type=\"heading.default\">\n\t\t\t\t\t<p class=\"elementor-heading-title elementor-size-default\">En fonction de la raison pour laquelle l'utilisateur a pris contact avec nous, \"MONKEY PARK, S.L.\", le traitement des donn\u00e9es fournies aura les objectifs ou finalit\u00e9s suivants :<br><br>\n- g\u00e9rer les achats et les demandes effectu\u00e9s par l'utilisateur sur nos pages web.<br><br>\n- contacter l'utilisateur pour r\u00e9pondre \u00e0 ses demandes, requ\u00eates ou questions.<br><br>\n- G\u00e9rer et contr\u00f4ler le portefeuille de clients, r\u00e9pondre aux demandes de services et proc\u00e9der \u00e0 la facturation et au recouvrement.<br><br>\n- faire participer l'utilisateur \u00e0 des activit\u00e9s promotionnelles telles que des jeux, des concours et des tirages au sort organis\u00e9s sur notre site web.<br><br>\n- Obtention de curriculum vitae, \u00e0 des fins de s\u00e9lection du personnel.\n<\/p>\t\t\t\t<\/div>\n\t\t\t\t<\/div>\n\t\t<div class=\"elementor-element elementor-element-2bf5d03 e-con-full e-flex e-con e-child\" data-id=\"2bf5d03\" data-element_type=\"container\" data-e-type=\"container\" data-settings=\"{&quot;background_background&quot;:&quot;classic&quot;}\">\n\t\t\t\t<div class=\"elementor-element elementor-element-ee36751 elementor-widget elementor-widget-heading\" data-id=\"ee36751\" data-element_type=\"widget\" data-e-type=\"widget\" data-widget_type=\"heading.default\">\n\t\t\t\t\t<h3 class=\"elementor-heading-title elementor-size-default\">III - Dur\u00e9e du traitement des donn\u00e9es. Dur\u00e9e de conservation des donn\u00e9es \u00e0 caract\u00e8re personnel <\/h3>\t\t\t\t<\/div>\n\t\t\t\t<div class=\"elementor-element elementor-element-3c7ce3f elementor-widget elementor-widget-heading\" data-id=\"3c7ce3f\" data-element_type=\"widget\" data-e-type=\"widget\" data-widget_type=\"heading.default\">\n\t\t\t\t\t<p class=\"elementor-heading-title elementor-size-default\">Les donn\u00e9es personnelles de l'utilisateur seront conserv\u00e9es par \"MONKEY PARK, S.L.\" pendant la dur\u00e9e l\u00e9gale autoris\u00e9e en fonction de la raison pour laquelle les donn\u00e9es nous ont \u00e9t\u00e9 fournies par l'utilisateur.<br><br>\nAux fins de la facturation et du recouvrement des services, le cas \u00e9ch\u00e9ant, les donn\u00e9es seront conserv\u00e9es pendant la dur\u00e9e de la relation contractuelle, augment\u00e9e de la p\u00e9riode de conservation requise par la l\u00e9gislation applicable et jusqu'\u00e0 ce que le d\u00e9lai de prescription pour faire valoir d'hypoth\u00e9tiques responsabilit\u00e9s contractuelles soit consid\u00e9r\u00e9 comme \u00e9coul\u00e9.<br><br>\nLes donn\u00e9es obtenues pour la gestion des demandes de renseignements et des candidatures seront conserv\u00e9es pendant la dur\u00e9e de la demande.<br><br>\nLes donn\u00e9es obtenues \u00e0 l'occasion de la participation \u00e0 des activit\u00e9s promotionnelles, telles que des jeux, des tirages au sort et des concours, seront conserv\u00e9es pendant la dur\u00e9e desdites activit\u00e9s aux fins de leur d\u00e9veloppement effectif selon les bases de participation et jusqu'\u00e0 la consommation des effets de la participation de l'utilisateur \u00e0 ces activit\u00e9s.<br><br>\nDonn\u00e9es relatives au curriculum vitae, lors de la proc\u00e9dure de s\u00e9lection.\n<\/p>\t\t\t\t<\/div>\n\t\t\t\t<\/div>\n\t\t<div class=\"elementor-element elementor-element-b65033e e-con-full e-flex e-con e-child\" data-id=\"b65033e\" data-element_type=\"container\" data-e-type=\"container\" data-settings=\"{&quot;background_background&quot;:&quot;classic&quot;}\">\n\t\t\t\t<div class=\"elementor-element elementor-element-fb87fb5 elementor-widget elementor-widget-heading\" data-id=\"fb87fb5\" data-element_type=\"widget\" data-e-type=\"widget\" data-widget_type=\"heading.default\">\n\t\t\t\t\t<h3 class=\"elementor-heading-title elementor-size-default\">IV - Quelle est la l\u00e9gitimit\u00e9 du traitement de vos donn\u00e9es personnelles ? <\/h3>\t\t\t\t<\/div>\n\t\t\t\t<div class=\"elementor-element elementor-element-d2bd7d3 elementor-widget elementor-widget-heading\" data-id=\"d2bd7d3\" data-element_type=\"widget\" data-e-type=\"widget\" data-widget_type=\"heading.default\">\n\t\t\t\t\t<p class=\"elementor-heading-title elementor-size-default\">Les donn\u00e9es personnelles fournies par l'utilisateur sont destin\u00e9es \u00e0 ce que \"MONKEY PARK, S.L.\" puisse fournir les services propos\u00e9s et accept\u00e9s par l'utilisateur, ainsi qu'\u00e0 ce que \"MONKEY PARK, S.L.\" puisse continuer \u00e0 exercer son droit l\u00e9gitime de croissance en tant qu'entreprise en fid\u00e9lisant ses clients et en offrant de nouveaux services et produits.<\/p>\t\t\t\t<\/div>\n\t\t\t\t<\/div>\n\t\t<div class=\"elementor-element elementor-element-c9435ab e-con-full e-flex e-con e-child\" data-id=\"c9435ab\" data-element_type=\"container\" data-e-type=\"container\" data-settings=\"{&quot;background_background&quot;:&quot;classic&quot;}\">\n\t\t\t\t<div class=\"elementor-element elementor-element-4f93639 elementor-widget elementor-widget-heading\" data-id=\"4f93639\" data-element_type=\"widget\" data-e-type=\"widget\" data-widget_type=\"heading.default\">\n\t\t\t\t\t<h3 class=\"elementor-heading-title elementor-size-default\">V.- Qui peut avoir acc\u00e8s \u00e0 vos donn\u00e9es personnelles ?<\/h3>\t\t\t\t<\/div>\n\t\t\t\t<div class=\"elementor-element elementor-element-f2bdc8e elementor-widget elementor-widget-heading\" data-id=\"f2bdc8e\" data-element_type=\"widget\" data-e-type=\"widget\" data-widget_type=\"heading.default\">\n\t\t\t\t\t<p class=\"elementor-heading-title elementor-size-default\">Les donn\u00e9es personnelles ne seront pas transmises \u00e0 d'autres entreprises.<br><br>\n\"MONKEY PARK, S.L.\" pourra proc\u00e9der \u00e0 des cessions ou \u00e0 des communications de donn\u00e9es \u00e0 caract\u00e8re personnel afin de remplir ses obligations envers l'administration publique lorsque, conform\u00e9ment \u00e0 la l\u00e9gislation en vigueur, elle en est formellement requise. De m\u00eame, elle proc\u00e9dera lorsque les forces et organes de s\u00e9curit\u00e9 de l'\u00c9tat et les organes judiciaires l'exigeront dans l'exercice de leurs comp\u00e9tences.\n<\/p>\t\t\t\t<\/div>\n\t\t\t\t<\/div>\n\t\t<div class=\"elementor-element elementor-element-56ae80e e-con-full e-flex e-con e-child\" data-id=\"56ae80e\" data-element_type=\"container\" data-e-type=\"container\" data-settings=\"{&quot;background_background&quot;:&quot;classic&quot;}\">\n\t\t\t\t<div class=\"elementor-element elementor-element-4273604 elementor-widget elementor-widget-heading\" data-id=\"4273604\" data-element_type=\"widget\" data-e-type=\"widget\" data-widget_type=\"heading.default\">\n\t\t\t\t\t<h3 class=\"elementor-heading-title elementor-size-default\">VI - Quels sont vos droits en tant qu'utilisateur ?<\/h3>\t\t\t\t<\/div>\n\t\t\t\t<div class=\"elementor-element elementor-element-1484740 elementor-widget elementor-widget-heading\" data-id=\"1484740\" data-element_type=\"widget\" data-e-type=\"widget\" data-widget_type=\"heading.default\">\n\t\t\t\t\t<p class=\"elementor-heading-title elementor-size-default\">Tous les utilisateurs peuvent exercer leurs droits d'acc\u00e8s, de rectification, d'opposition, d'effacement, de portabilit\u00e9 et de limitation du traitement de leurs donn\u00e9es \u00e0 caract\u00e8re personnel.<br><br>\nCes droits sont les suivants<br><br>\nAcc\u00e8s \u00e0 toutes les donn\u00e9es dont nous disposons sur l'utilisateur.<br><br>\nRectification des donn\u00e9es dont nous disposons d\u00e9j\u00e0, \u00e9tant entendu qu'en nous fournissant les donn\u00e9es, l'utilisateur garantit qu'elles sont vraies et exactes et s'engage \u00e0 nous informer de tout changement ou modification les concernant. Toute perte ou tout dommage caus\u00e9 \u00e0 la plate-forme ou au responsable de la plate-forme ou \u00e0 tout tiers en raison de la communication d'informations erron\u00e9es, inexactes ou incompl\u00e8tes dans les formulaires d'inscription rel\u00e8ve de la seule responsabilit\u00e9 de l'utilisateur.<br><br>\nSuppression des donn\u00e9es de l'utilisateur tant qu'elles ne sont pas n\u00e9cessaires \u00e0 la finalit\u00e9 du traitement ou lorsque le consentement ou l'autorisation de l'utilisateur n'est plus requis.\nLimitation du traitement des donn\u00e9es de l'utilisateur. Vous pouvez nous demander de suspendre temporairement le traitement de vos donn\u00e9es ou de les conserver pendant une p\u00e9riode plus longue pour le cas o\u00f9 vous en auriez besoin.<br><br>\nL'opposition au traitement des donn\u00e9es des utilisateurs, qui peut \u00eatre exerc\u00e9e dans les cas suivants :<br><br>(i) lorsque les donn\u00e9es sont trait\u00e9es sur la base d'une mission d'int\u00e9r\u00eat public ou d'un int\u00e9r\u00eat l\u00e9gitime, y compris le profilage. <br><br>(ii) lorsque le traitement est effectu\u00e9 \u00e0 des fins de marketing direct, y compris le profilage.<br><br>\nDe m\u00eame, l'utilisateur peut s'opposer au traitement automatis\u00e9 des donn\u00e9es personnelles recueillies par \"MONKEY PARK, S.L.\".<br><br>\nLes utilisateurs peuvent faire valoir leurs droits en utilisant les moyens de contact \u00e9num\u00e9r\u00e9s \u00e0 la section \"I\" de la pr\u00e9sente politique de protection de la vie priv\u00e9e.<br><br>\nSi vous n'\u00eates pas d'accord avec le traitement que \"MONKEY PARK, S.L.\" r\u00e9serve \u00e0 l'utilisateur dans l'exercice de ses droits, vous pouvez vous plaindre aupr\u00e8s de l'Agence espagnole de protection des donn\u00e9es et de toute autre entit\u00e9 de contr\u00f4le comp\u00e9tente.<br><br>\nL'utilisateur peut exercer les droits susmentionn\u00e9s ou r\u00e9voquer le consentement au traitement donn\u00e9 \u00e0 \"MONKEY PARK, S.L.\" ou demander toute clarification en envoyant une demande expresse \u00e0 l'adresse \u00e9lectronique info@monkeypark.com, en prouvant qu'il est le propri\u00e9taire des donn\u00e9es sur lesquelles il souhaite exercer ses droits.<\/p>\t\t\t\t<\/div>\n\t\t\t\t<\/div>\n\t\t<div class=\"elementor-element elementor-element-99ef884 e-con-full e-flex e-con e-child\" data-id=\"99ef884\" data-element_type=\"container\" data-e-type=\"container\" data-settings=\"{&quot;background_background&quot;:&quot;classic&quot;}\">\n\t\t\t\t<div class=\"elementor-element elementor-element-b8d1957 elementor-widget elementor-widget-heading\" data-id=\"b8d1957\" data-element_type=\"widget\" data-e-type=\"widget\" data-widget_type=\"heading.default\">\n\t\t\t\t\t<h3 class=\"elementor-heading-title elementor-size-default\">VII - Donn\u00e9es relatives aux tiers<\/h3>\t\t\t\t<\/div>\n\t\t\t\t<div class=\"elementor-element elementor-element-2322800 elementor-widget elementor-widget-heading\" data-id=\"2322800\" data-element_type=\"widget\" data-e-type=\"widget\" data-widget_type=\"heading.default\">\n\t\t\t\t\t<p class=\"elementor-heading-title elementor-size-default\">Si des donn\u00e9es personnelles sont obtenues aupr\u00e8s de tiers autres que l'utilisateur, ceux-ci seront inform\u00e9s au pr\u00e9alable du contenu de l'article 14 du r\u00e8glement g\u00e9n\u00e9ral sur la protection des donn\u00e9es.<\/p>\t\t\t\t<\/div>\n\t\t\t\t<\/div>\n\t\t<div class=\"elementor-element elementor-element-6a939a2 e-con-full e-flex e-con e-child\" data-id=\"6a939a2\" data-element_type=\"container\" data-e-type=\"container\" data-settings=\"{&quot;background_background&quot;:&quot;classic&quot;}\">\n\t\t\t\t<div class=\"elementor-element elementor-element-5a1325d elementor-widget elementor-widget-heading\" data-id=\"5a1325d\" data-element_type=\"widget\" data-e-type=\"widget\" data-widget_type=\"heading.default\">\n\t\t\t\t\t<h3 class=\"elementor-heading-title elementor-size-default\">VIII- \u00c0 partir de quel \u00e2ge l'utilisateur peut-il acc\u00e9der \u00e0 nos produits et services ? <\/h3>\t\t\t\t<\/div>\n\t\t\t\t<div class=\"elementor-element elementor-element-0b09e47 elementor-widget elementor-widget-heading\" data-id=\"0b09e47\" data-element_type=\"widget\" data-e-type=\"widget\" data-widget_type=\"heading.default\">\n\t\t\t\t\t<p class=\"elementor-heading-title elementor-size-default\">En r\u00e8gle g\u00e9n\u00e9rale et conform\u00e9ment \u00e0 l'article 8 du nouveau r\u00e8glement g\u00e9n\u00e9ral sur la protection des donn\u00e9es, lorsque l'article 6, paragraphe 1, point a), s'applique \u00e0 l'offre directe de services de la soci\u00e9t\u00e9 de l'information aux enfants, le traitement des donn\u00e9es \u00e0 caract\u00e8re personnel d'un enfant est consid\u00e9r\u00e9 comme licite lorsque l'enfant est \u00e2g\u00e9 d'au moins 16 ans. Si l'enfant est \u00e2g\u00e9 de moins de 16 ans, ce traitement n'est licite que si et seulement si le consentement a \u00e9t\u00e9 donn\u00e9 ou autoris\u00e9 par le titulaire de la responsabilit\u00e9 parentale ou de la tutelle \u00e0 l'\u00e9gard de l'enfant.<\/p>\t\t\t\t<\/div>\n\t\t\t\t<\/div>\n\t\t<div class=\"elementor-element elementor-element-63053b3 e-con-full e-flex e-con e-child\" data-id=\"63053b3\" data-element_type=\"container\" data-e-type=\"container\" data-settings=\"{&quot;background_background&quot;:&quot;classic&quot;}\">\n\t\t\t\t<div class=\"elementor-element elementor-element-b9231cf elementor-widget elementor-widget-heading\" data-id=\"b9231cf\" data-element_type=\"widget\" data-e-type=\"widget\" data-widget_type=\"heading.default\">\n\t\t\t\t\t<h3 class=\"elementor-heading-title elementor-size-default\">IX - Mesures de s\u00e9curit\u00e9 en place<\/h3>\t\t\t\t<\/div>\n\t\t\t\t<div class=\"elementor-element elementor-element-c30c4e3 elementor-widget elementor-widget-heading\" data-id=\"c30c4e3\" data-element_type=\"widget\" data-e-type=\"widget\" data-widget_type=\"heading.default\">\n\t\t\t\t\t<p class=\"elementor-heading-title elementor-size-default\">\"MONKEY PARK, S.L.\" s'engage \u00e0 respecter les obligations l\u00e9gales en mati\u00e8re de donn\u00e9es personnelles, a adopt\u00e9 et adoptera toutes les mesures de contr\u00f4le n\u00e9cessaires pour tenter d'emp\u00eacher que les donn\u00e9es fournies par les utilisateurs puissent \u00eatre alt\u00e9r\u00e9es et \/ ou subir un acc\u00e8s non autoris\u00e9 ou un traitement non autoris\u00e9. Pour ce faire, \"MONKEY PARK, S.L.\" maintient des mesures de s\u00e9curit\u00e9 op\u00e9rationnelle des mesures techniques et organisationnelles pour assurer la s\u00e9curit\u00e9 des donn\u00e9es personnelles de l'utilisateur conform\u00e9ment \u00e0 la r\u00e9glementation applicable.\n<\/p>\t\t\t\t<\/div>\n\t\t\t\t<\/div>\n\t\t<div class=\"elementor-element elementor-element-274af40 e-con-full e-flex e-con e-child\" data-id=\"274af40\" data-element_type=\"container\" data-e-type=\"container\" data-settings=\"{&quot;background_background&quot;:&quot;classic&quot;}\">\n\t\t\t\t<div class=\"elementor-element elementor-element-3752ed9 elementor-widget elementor-widget-heading\" data-id=\"3752ed9\" data-element_type=\"widget\" data-e-type=\"widget\" data-widget_type=\"heading.default\">\n\t\t\t\t\t<h3 class=\"elementor-heading-title elementor-size-default\">X.- Cookies<\/h3>\t\t\t\t<\/div>\n\t\t\t\t<div class=\"elementor-element elementor-element-e27e85e elementor-widget elementor-widget-heading\" data-id=\"e27e85e\" data-element_type=\"widget\" data-e-type=\"widget\" data-widget_type=\"heading.default\">\n\t\t\t\t\t<p class=\"elementor-heading-title elementor-size-default\">\"MONKEY PARK, S.L.\" informe les utilisateurs qu'en acc\u00e9dant au site Web, des cookies peuvent \u00eatre envoy\u00e9s \u00e0 votre ordinateur selon les modalit\u00e9s d\u00e9crites dans la politique de cookies contenue dans les conditions d'utilisation du site Web.<\/p>\t\t\t\t<\/div>\n\t\t\t\t<\/div>\n\t\t\t\t\t<\/div>\n\t\t\t\t<\/div>\n\t\t\t\t<\/div>","protected":false},"excerpt":{"rendered":"<p>Politique de confidentialit\u00e9 Identification et propri\u00e9t\u00e9 Conform\u00e9ment \u00e0 l'article 10 de la loi 34\/2002, du 11 juillet, sur les services de la soci\u00e9t\u00e9 de l'information et le commerce \u00e9lectronique, le propri\u00e9taire pr\u00e9sente ses donn\u00e9es d'identification : Propri\u00e9taire : Monkey Park, S.L.. CIF : B-38643375 Adresse : Llano Azul 17, Arona, Santa Cruz de Tenerife - Espagne. Site web ... <a title=\"Politique de confidentialit\u00e9\" class=\"read-more\" href=\"https:\/\/www.monkeypark.com\/fr\/politica-de-privacidad\/\" aria-label=\"En savoir plus sur Pol\u00edtica de Privacidad\">Lire la suite<\/a><\/p>","protected":false},"author":1,"featured_media":0,"parent":0,"menu_order":0,"comment_status":"closed","ping_status":"closed","template":"elementor_header_footer","meta":{"footnotes":""},"class_list":["post-3744","page","type-page","status-publish"],"_links":{"self":[{"href":"https:\/\/www.monkeypark.com\/fr\/wp-json\/wp\/v2\/pages\/3744","targetHints":{"allow":["GET"]}}],"collection":[{"href":"https:\/\/www.monkeypark.com\/fr\/wp-json\/wp\/v2\/pages"}],"about":[{"href":"https:\/\/www.monkeypark.com\/fr\/wp-json\/wp\/v2\/types\/page"}],"author":[{"embeddable":true,"href":"https:\/\/www.monkeypark.com\/fr\/wp-json\/wp\/v2\/users\/1"}],"replies":[{"embeddable":true,"href":"https:\/\/www.monkeypark.com\/fr\/wp-json\/wp\/v2\/comments?post=3744"}],"version-history":[{"count":4,"href":"https:\/\/www.monkeypark.com\/fr\/wp-json\/wp\/v2\/pages\/3744\/revisions"}],"predecessor-version":[{"id":3748,"href":"https:\/\/www.monkeypark.com\/fr\/wp-json\/wp\/v2\/pages\/3744\/revisions\/3748"}],"wp:attachment":[{"href":"https:\/\/www.monkeypark.com\/fr\/wp-json\/wp\/v2\/media?parent=3744"}],"curies":[{"name":"wp","href":"https:\/\/api.w.org\/{rel}","templated":true}]}}