{"id":33,"date":"2025-08-13T00:36:02","date_gmt":"2025-08-13T00:36:02","guid":{"rendered":"https:\/\/monkeypark.com\/?page_id=33"},"modified":"2026-02-09T14:01:44","modified_gmt":"2026-02-09T14:01:44","slug":"inicio","status":"publish","type":"page","link":"https:\/\/www.monkeypark.com\/fr\/","title":{"rendered":"Accueil"},"content":{"rendered":"\t\t<div data-elementor-type=\"wp-page\" data-elementor-id=\"33\" class=\"elementor elementor-33\" data-elementor-post-type=\"page\">\n\t\t\t\t<div class=\"elementor-element elementor-element-7fdeaa4 e-con-full header-video e-flex e-con e-parent\" data-id=\"7fdeaa4\" data-element_type=\"container\" data-e-type=\"container\" data-settings=\"{&quot;background_background&quot;:&quot;video&quot;,&quot;background_video_link&quot;:&quot;https:\\\/\\\/monkeypark.com\\\/wp-content\\\/uploads\\\/2025\\\/08\\\/header-video.mp4&quot;,&quot;background_play_on_mobile&quot;:&quot;yes&quot;}\">\n\t\t<div class=\"elementor-background-video-container\">\n\t\t\t\t\t\t\t<video class=\"elementor-background-video-hosted\" role=\"presentation\" autoplay muted playsinline loop><\/video>\n\t\t\t\t\t<\/div><div class=\"elementor-element elementor-element-7937526 e-flex e-con-boxed e-con e-child\" data-id=\"7937526\" data-element_type=\"container\" data-e-type=\"container\">\n\t\t\t\t\t<div class=\"e-con-inner\">\n\t\t\t\t<div class=\"elementor-element elementor-element-4037e4a elementor-widget elementor-widget-heading\" data-id=\"4037e4a\" data-element_type=\"widget\" data-e-type=\"widget\" data-widget_type=\"heading.default\">\n\t\t\t\t\t<h1 class=\"elementor-heading-title elementor-size-default\">Vive una experiencia \u00fanica<\/h1>\t\t\t\t<\/div>\n\t\t\t\t<div class=\"elementor-element elementor-element-fcad36e elementor-widget__width-initial elementor-hidden-mobile elementor-widget elementor-widget-heading\" data-id=\"fcad36e\" data-element_type=\"widget\" data-e-type=\"widget\" data-widget_type=\"heading.default\">\n\t\t\t\t\t<h2 class=\"elementor-heading-title elementor-size-default\">En Monkey Park disfrutaras un encuentro incomparable con nuestros animales.\u2028Podr\u00e1s admirar su belleza y aprender sobre ellos estando un paso m\u00e1s cerca.<\/h2>\t\t\t\t<\/div>\n\t\t\t\t<div class=\"elementor-element elementor-element-069bab1 elementor-widget__width-initial elementor-hidden-desktop elementor-hidden-tablet elementor-widget elementor-widget-heading\" data-id=\"069bab1\" data-element_type=\"widget\" data-e-type=\"widget\" data-widget_type=\"heading.default\">\n\t\t\t\t\t<h2 class=\"elementor-heading-title elementor-size-default\">En Monkey Park vivir\u00e1s un encuentro incomparable con nuestros animales.<\/h2>\t\t\t\t<\/div>\n\t\t\t\t\t<\/div>\n\t\t\t\t<\/div>\n\t\t<div class=\"elementor-element elementor-element-c1ae0db e-con-full elementor-hidden-mobile e-flex e-con e-child\" data-id=\"c1ae0db\" data-element_type=\"container\" data-e-type=\"container\" data-settings=\"{&quot;position&quot;:&quot;absolute&quot;}\">\n\t\t<div class=\"elementor-element elementor-element-b6a3c64 e-con-full blur e-flex e-con e-child\" data-id=\"b6a3c64\" data-element_type=\"container\" data-e-type=\"container\" data-settings=\"{&quot;background_background&quot;:&quot;classic&quot;}\">\n\t\t\t\t<div class=\"elementor-element elementor-element-3231ed9 elementor-widget elementor-widget-image\" data-id=\"3231ed9\" data-element_type=\"widget\" data-e-type=\"widget\" data-widget_type=\"image.default\">\n\t\t\t\t\t\t\t\t\t\t\t\t\t\t\t<img decoding=\"async\" width=\"44\" height=\"44\" src=\"https:\/\/www.monkeypark.com\/wp-content\/uploads\/2025\/08\/time-icon.svg\" class=\"attachment-large size-large wp-image-47\" alt=\"Icono Horario\" \/>\t\t\t\t\t\t\t\t\t\t\t\t\t\t\t<\/div>\n\t\t\t\t<div class=\"elementor-element elementor-element-9cc94b0 elementor-widget elementor-widget-heading\" data-id=\"9cc94b0\" data-element_type=\"widget\" data-e-type=\"widget\" data-widget_type=\"heading.default\">\n\t\t\t\t\t<h3 class=\"elementor-heading-title elementor-size-default\">Todos los d\u00edas de 9:30 a 16:00<\/h3>\t\t\t\t<\/div>\n\t\t\t\t<\/div>\n\t\t\t\t<\/div>\n\t\t<div class=\"elementor-element elementor-element-1e1982f e-con-full elementor-hidden-desktop elementor-hidden-tablet e-flex e-con e-child\" data-id=\"1e1982f\" data-element_type=\"container\" data-e-type=\"container\">\n\t\t<div class=\"elementor-element elementor-element-e2a13c2 e-con-full e-flex e-con e-child\" data-id=\"e2a13c2\" data-element_type=\"container\" data-e-type=\"container\" data-settings=\"{&quot;background_background&quot;:&quot;classic&quot;}\">\n\t\t\t\t<div class=\"elementor-element elementor-element-a9179ad elementor-widget elementor-widget-image\" data-id=\"a9179ad\" data-element_type=\"widget\" data-e-type=\"widget\" data-widget_type=\"image.default\">\n\t\t\t\t\t\t\t\t\t\t\t\t\t\t\t<img decoding=\"async\" width=\"44\" height=\"44\" src=\"https:\/\/www.monkeypark.com\/wp-content\/uploads\/2025\/08\/time-icon.svg\" class=\"attachment-large size-large wp-image-47\" alt=\"Icono Horario\" \/>\t\t\t\t\t\t\t\t\t\t\t\t\t\t\t<\/div>\n\t\t\t\t<div class=\"elementor-element elementor-element-7da4b66 elementor-widget elementor-widget-heading\" data-id=\"7da4b66\" data-element_type=\"widget\" data-e-type=\"widget\" data-widget_type=\"heading.default\">\n\t\t\t\t\t<h3 class=\"elementor-heading-title elementor-size-default\">Todos los d\u00edas de 9:30 a 16:00<\/h3>\t\t\t\t<\/div>\n\t\t\t\t<\/div>\n\t\t\t\t<\/div>\n\t\t\t\t<\/div>\n\t\t<div class=\"elementor-element elementor-element-6a1fba5 e-flex e-con-boxed e-con e-parent\" data-id=\"6a1fba5\" data-element_type=\"container\" data-e-type=\"container\">\n\t\t\t\t\t<div class=\"e-con-inner\">\n\t\t\t\t<div class=\"elementor-element elementor-element-a6147c4 elementor-widget elementor-widget-heading\" data-id=\"a6147c4\" data-element_type=\"widget\" data-e-type=\"widget\" data-widget_type=\"heading.default\">\n\t\t\t\t\t<h4 class=\"elementor-heading-title elementor-size-default\">Animales a nuestro cuidado<\/h4>\t\t\t\t<\/div>\n\t\t\t\t<div class=\"elementor-element elementor-element-d00140b elementor-widget-tablet__width-initial elementor-widget elementor-widget-heading\" data-id=\"d00140b\" data-element_type=\"widget\" data-e-type=\"widget\" data-widget_type=\"heading.default\">\n\t\t\t\t\t<p class=\"elementor-heading-title elementor-size-default\">Aprenda m\u00e1s sobre los habitantes de nuestro parque.<\/p>\t\t\t\t<\/div>\n\t\t<div class=\"elementor-element elementor-element-9c5ee55 e-con-full e-flex e-con e-child\" data-id=\"9c5ee55\" data-element_type=\"container\" data-e-type=\"container\">\n\t\t\t\t<div class=\"elementor-element elementor-element-cffa401 elementor-arrows-position-inside elementor-widget elementor-widget-n-carousel\" data-id=\"cffa401\" data-element_type=\"widget\" data-e-type=\"widget\" data-settings=\"{&quot;carousel_items&quot;:[{&quot;slide_title&quot;:&quot;Slide #1&quot;,&quot;_id&quot;:&quot;38d44e5&quot;},{&quot;slide_title&quot;:&quot;Slide #2&quot;,&quot;_id&quot;:&quot;60b454f&quot;},{&quot;slide_title&quot;:&quot;Slide #3&quot;,&quot;_id&quot;:&quot;1c3fe5e&quot;},{&quot;slide_title&quot;:&quot;Slide #4&quot;,&quot;_id&quot;:&quot;c337e6b&quot;}],&quot;slides_to_show&quot;:&quot;4&quot;,&quot;image_spacing_custom&quot;:{&quot;unit&quot;:&quot;px&quot;,&quot;size&quot;:24,&quot;sizes&quot;:[]},&quot;slides_to_show_tablet&quot;:&quot;3&quot;,&quot;slides_to_show_mobile&quot;:&quot;2&quot;,&quot;image_spacing_custom_mobile&quot;:{&quot;unit&quot;:&quot;px&quot;,&quot;size&quot;:6,&quot;sizes&quot;:[]},&quot;image_spacing_custom_tablet&quot;:{&quot;unit&quot;:&quot;px&quot;,&quot;size&quot;:8,&quot;sizes&quot;:[]},&quot;infinite&quot;:&quot;yes&quot;,&quot;speed&quot;:500,&quot;offset_sides&quot;:&quot;none&quot;,&quot;arrows&quot;:&quot;yes&quot;}\" data-widget_type=\"nested-carousel.default\">\n\t\t\t\t\t\t\t<div class=\"e-n-carousel swiper\" role=\"region\" aria-roledescription=\"carousel\" aria-label=\"Carousel\" dir=\"ltr\">\n\t\t\t<div class=\"swiper-wrapper\" aria-live=\"polite\">\n\t\t\t\t\t\t\t\t\t\t<div class=\"swiper-slide\" data-slide=\"1\" role=\"group\" aria-roledescription=\"slide\" aria-label=\"1 of 4\">\n\t\t\t\t\t\t\t<a class=\"elementor-element elementor-element-5d06141 e-flex e-con-boxed e-con e-child\" data-id=\"5d06141\" data-element_type=\"container\" data-e-type=\"container\" href=\"https:\/\/www.monkeypark.com\/animales\/lemur-de-cola-anillada\/\">\n\t\t\t\t\t<div class=\"e-con-inner\">\n\t\t<div class=\"elementor-element elementor-element-cf08185 e-con-full e-flex e-con e-child\" data-id=\"cf08185\" data-element_type=\"container\" data-e-type=\"container\" data-settings=\"{&quot;background_background&quot;:&quot;classic&quot;}\">\n\t\t\t\t<div class=\"elementor-element elementor-element-f0f322d elementor-widget elementor-widget-heading\" data-id=\"f0f322d\" data-element_type=\"widget\" data-e-type=\"widget\" data-widget_type=\"heading.default\">\n\t\t\t\t\t<span class=\"elementor-heading-title elementor-size-default\">LEMUR COLA ANILLADA<\/span>\t\t\t\t<\/div>\n\t\t\t\t<\/div>\n\t\t\t\t\t<\/div>\n\t\t\t\t<\/a>\n\t\t\t\t\t\t\t\t<\/div>\n\t\t\t\t\t\t\t\t\t\t\t<div class=\"swiper-slide\" data-slide=\"2\" role=\"group\" aria-roledescription=\"slide\" aria-label=\"2 of 4\">\n\t\t\t\t\t\t\t<a class=\"elementor-element elementor-element-dd35d2c e-flex e-con-boxed e-con e-child\" data-id=\"dd35d2c\" data-element_type=\"container\" data-e-type=\"container\" data-settings=\"{&quot;background_background&quot;:&quot;classic&quot;}\" href=\"https:\/\/www.monkeypark.com\/es\/animales\/cotorra-del-sol\/\">\n\t\t\t\t\t<div class=\"e-con-inner\">\n\t\t<div class=\"elementor-element elementor-element-25219c4 e-con-full e-flex e-con e-child\" data-id=\"25219c4\" data-element_type=\"container\" data-e-type=\"container\" data-settings=\"{&quot;background_background&quot;:&quot;classic&quot;}\">\n\t\t\t\t<div class=\"elementor-element elementor-element-4f40b56 elementor-widget elementor-widget-heading\" data-id=\"4f40b56\" data-element_type=\"widget\" data-e-type=\"widget\" data-widget_type=\"heading.default\">\n\t\t\t\t\t<span class=\"elementor-heading-title elementor-size-default\">COTORRA DEL SOL<\/span>\t\t\t\t<\/div>\n\t\t\t\t<\/div>\n\t\t\t\t\t<\/div>\n\t\t\t\t<\/a>\n\t\t\t\t\t\t\t\t<\/div>\n\t\t\t\t\t\t\t\t\t\t\t<div class=\"swiper-slide\" data-slide=\"3\" role=\"group\" aria-roledescription=\"slide\" aria-label=\"3 of 4\">\n\t\t\t\t\t\t\t<a class=\"elementor-element elementor-element-b6c7cfa e-flex e-con-boxed e-con e-child\" data-id=\"b6c7cfa\" data-element_type=\"container\" data-e-type=\"container\" data-settings=\"{&quot;background_background&quot;:&quot;classic&quot;}\" href=\"https:\/\/www.monkeypark.com\/animales\/cocodrilo-cubano\/\">\n\t\t\t\t\t<div class=\"e-con-inner\">\n\t\t<div class=\"elementor-element elementor-element-1f72eba e-con-full e-flex e-con e-child\" data-id=\"1f72eba\" data-element_type=\"container\" data-e-type=\"container\" data-settings=\"{&quot;background_background&quot;:&quot;classic&quot;}\">\n\t\t\t\t<div class=\"elementor-element elementor-element-8047c05 elementor-widget elementor-widget-heading\" data-id=\"8047c05\" data-element_type=\"widget\" data-e-type=\"widget\" data-widget_type=\"heading.default\">\n\t\t\t\t\t<span class=\"elementor-heading-title elementor-size-default\">COCODRILO CUBANO<\/span>\t\t\t\t<\/div>\n\t\t\t\t<\/div>\n\t\t\t\t\t<\/div>\n\t\t\t\t<\/a>\n\t\t\t\t\t\t\t\t<\/div>\n\t\t\t\t\t\t\t\t\t\t\t<div class=\"swiper-slide\" data-slide=\"4\" role=\"group\" aria-roledescription=\"slide\" aria-label=\"4 of 4\">\n\t\t\t\t\t\t\t<a class=\"elementor-element elementor-element-f6eae7e e-flex e-con-boxed e-con e-child\" data-id=\"f6eae7e\" data-element_type=\"container\" data-e-type=\"container\" data-settings=\"{&quot;background_background&quot;:&quot;classic&quot;}\" href=\"https:\/\/www.monkeypark.com\/es\/animales\/mono-de-brazza\/\">\n\t\t\t\t\t<div class=\"e-con-inner\">\n\t\t<div class=\"elementor-element elementor-element-c1c1d5e e-con-full e-flex e-con e-child\" data-id=\"c1c1d5e\" data-element_type=\"container\" data-e-type=\"container\" data-settings=\"{&quot;background_background&quot;:&quot;classic&quot;}\">\n\t\t\t\t<div class=\"elementor-element elementor-element-663492a elementor-widget elementor-widget-heading\" data-id=\"663492a\" data-element_type=\"widget\" data-e-type=\"widget\" data-widget_type=\"heading.default\">\n\t\t\t\t\t<span class=\"elementor-heading-title elementor-size-default\">MONO DE BRAZZA<\/span>\t\t\t\t<\/div>\n\t\t\t\t<\/div>\n\t\t\t\t\t<\/div>\n\t\t\t\t<\/a>\n\t\t\t\t\t\t\t\t<\/div>\n\t\t\t\t\t\t\t\t<\/div>\n\t\t<\/div>\n\t\t\t\t\t<div class=\"elementor-swiper-button elementor-swiper-button-prev\" role=\"button\" tabindex=\"0\" aria-label=\"Previous\">\n\t\t\t\t<svg xmlns=\"http:\/\/www.w3.org\/2000\/svg\" width=\"44\" height=\"44\" viewBox=\"0 0 44 44\" fill=\"none\"><path d=\"M42 22C42 10.9543 33.0457 2 22 2C10.9543 2 2 10.9543 2 22C2 33.0457 10.9543 42 22 42V44C9.84974 44 0 34.1503 0 22C0 9.84974 9.84974 0 22 0C34.1503 0 44 9.84974 44 22C44 34.1503 34.1503 44 22 44V42C33.0457 42 42 33.0457 42 22Z\" fill=\"#111111\"><\/path><path d=\"M24.5919 15C24.9535 15 25.3012 15.1473 25.5793 15.4273C26.1217 16.0018 26.1217 16.9448 25.5793 17.5193L21.3655 21.9982L25.5932 26.477C26.1356 27.0516 26.1356 27.9945 25.5932 28.5691C25.0508 29.1436 24.1608 29.1436 23.6184 28.5691L18.4033 23.0442C18.1391 22.7643 18 22.396 18 21.9982C18 21.6004 18.153 21.232 18.4033 20.9521L23.6045 15.4273C23.8827 15.1473 24.2442 15 24.5919 15Z\" fill=\"#111111\"><\/path><\/svg>\t\t\t<\/div>\n\t\t\t<div class=\"elementor-swiper-button elementor-swiper-button-next\" role=\"button\" tabindex=\"0\" aria-label=\"Next\">\n\t\t\t\t<svg xmlns=\"http:\/\/www.w3.org\/2000\/svg\" width=\"44\" height=\"44\" viewBox=\"0 0 44 44\" fill=\"none\"><path d=\"M2 22C2 33.0457 10.9543 42 22 42C33.0457 42 42 33.0457 42 22C42 10.9543 33.0457 2 22 2L22 0C34.1503 0 44 9.84974 44 22C44 34.1503 34.1503 44 22 44C9.84974 44 0 34.1503 0 22C0 9.84974 9.84974 0 22 0L22 2C10.9543 2 2 10.9543 2 22Z\" fill=\"#111111\"><\/path><path d=\"M19.4081 29C19.0465 29 18.6988 28.8527 18.4207 28.5727C17.8783 27.9982 17.8783 27.0552 18.4207 26.4807L22.6345 22.0018L18.4068 17.523C17.8644 16.9484 17.8644 16.0055 18.4068 15.4309C18.9492 14.8564 19.8392 14.8564 20.3816 15.4309L25.5967 20.9558C25.8609 21.2357 26 21.604 26 22.0018C26 22.3996 25.847 22.768 25.5967 23.0479L20.3955 28.5727C20.1173 28.8527 19.7558 29 19.4081 29Z\" fill=\"#111111\"><\/path><\/svg>\t\t\t<\/div>\n\t\t\t\t\t\t<\/div>\n\t\t\t\t<div class=\"elementor-element elementor-element-55d2872 elementor-align-center elementor-mobile-align-center elementor-widget elementor-widget-button\" data-id=\"55d2872\" data-element_type=\"widget\" data-e-type=\"widget\" data-widget_type=\"button.default\">\n\t\t\t\t\t\t\t\t\t\t<a class=\"elementor-button elementor-button-link elementor-size-sm\" href=\"https:\/\/www.monkeypark.com\/animales\/\">\n\t\t\t\t\t\t<span class=\"elementor-button-content-wrapper\">\n\t\t\t\t\t\t\t\t\t<span class=\"elementor-button-text\">Ver todos los animales<\/span>\n\t\t\t\t\t<\/span>\n\t\t\t\t\t<\/a>\n\t\t\t\t\t\t\t\t<\/div>\n\t\t\t\t<\/div>\n\t\t\t\t\t<\/div>\n\t\t\t\t<\/div>\n\t\t<div class=\"elementor-element elementor-element-01db45f e-flex e-con-boxed e-con e-parent\" data-id=\"01db45f\" data-element_type=\"container\" data-e-type=\"container\">\n\t\t\t\t\t<div class=\"e-con-inner\">\n\t\t\t\t<div class=\"elementor-element elementor-element-5c97c2b elementor-widget elementor-widget-heading\" data-id=\"5c97c2b\" data-element_type=\"widget\" data-e-type=\"widget\" data-widget_type=\"heading.default\">\n\t\t\t\t\t<h4 class=\"elementor-heading-title elementor-size-default\">Consejos para visitar Monkey Park<\/h4>\t\t\t\t<\/div>\n\t\t\t\t<div class=\"elementor-element elementor-element-8683dbb elementor-widget-tablet__width-initial elementor-widget__width-initial elementor-widget elementor-widget-heading\" data-id=\"8683dbb\" data-element_type=\"widget\" data-e-type=\"widget\" data-widget_type=\"heading.default\">\n\t\t\t\t\t<p class=\"elementor-heading-title elementor-size-default\">Nuestro parque es peque\u00f1o, se puede recorrer en una hora.<br>\n<br>Nuestra variedad de especies no es muy amplia ya que nuestra misi\u00f3n es cuidar de nuestros animales y conservar especies en peligro de extinci\u00f3n.<br>\n<br>Las zonas de interacci\u00f3n permiten a los visitantes estar cerca de los animales, pero, est\u00e1 prohibido tocarlos, son animales salvajes no mascotas.<br>\n<br>Puede alimentar a los animales con el snack que vendemos pero nunca alimente a los animales con comida externa al parque.<\/p>\t\t\t\t<\/div>\n\t\t\t\t\t<\/div>\n\t\t\t\t<\/div>\n\t\t<div class=\"elementor-element elementor-element-4072aa5 e-flex e-con-boxed e-con e-parent\" data-id=\"4072aa5\" data-element_type=\"container\" data-e-type=\"container\" data-settings=\"{&quot;background_background&quot;:&quot;classic&quot;}\">\n\t\t\t\t\t<div class=\"e-con-inner\">\n\t\t<div class=\"elementor-element elementor-element-1332b73 e-con-full e-flex e-con e-child\" data-id=\"1332b73\" data-element_type=\"container\" data-e-type=\"container\">\n\t\t\t\t<div class=\"elementor-element elementor-element-907c674 elementor-widget elementor-widget-heading\" data-id=\"907c674\" data-element_type=\"widget\" data-e-type=\"widget\" data-widget_type=\"heading.default\">\n\t\t\t\t\t<h4 class=\"elementor-heading-title elementor-size-default\">\u00a1Planifique su visita!<\/h4>\t\t\t\t<\/div>\n\t\t\t\t<div class=\"elementor-element elementor-element-b76082c elementor-widget-tablet__width-initial elementor-widget elementor-widget-heading\" data-id=\"b76082c\" data-element_type=\"widget\" data-e-type=\"widget\" data-widget_type=\"heading.default\">\n\t\t\t\t\t<p class=\"elementor-heading-title elementor-size-default\">Acceda a nuestro apartado de planificaci\u00f3n para obtener toda la informaci\u00f3n necesaria con la que organizar su aventura con nosotros.<\/p>\t\t\t\t<\/div>\n\t\t\t\t<div class=\"elementor-element elementor-element-fa98d09 elementor-align-left elementor-mobile-align-left elementor-widget elementor-widget-button\" data-id=\"fa98d09\" data-element_type=\"widget\" data-e-type=\"widget\" data-widget_type=\"button.default\">\n\t\t\t\t\t\t\t\t\t\t<a class=\"elementor-button elementor-button-link elementor-size-sm\" href=\"https:\/\/www.monkeypark.com\/organiza-tu-visita\/\">\n\t\t\t\t\t\t<span class=\"elementor-button-content-wrapper\">\n\t\t\t\t\t\t\t\t\t<span class=\"elementor-button-text\">Planificar ahora<\/span>\n\t\t\t\t\t<\/span>\n\t\t\t\t\t<\/a>\n\t\t\t\t\t\t\t\t<\/div>\n\t\t\t\t<\/div>\n\t\t<div class=\"elementor-element elementor-element-f597917 e-con-full e-flex e-con e-child\" data-id=\"f597917\" data-element_type=\"container\" data-e-type=\"container\">\n\t\t\t\t<div class=\"elementor-element elementor-element-64fecfc elementor-widget elementor-widget-image\" data-id=\"64fecfc\" data-element_type=\"widget\" data-e-type=\"widget\" data-widget_type=\"image.default\">\n\t\t\t\t\t\t\t\t\t\t\t\t\t\t\t<img fetchpriority=\"high\" decoding=\"async\" width=\"816\" height=\"481\" src=\"https:\/\/www.monkeypark.com\/wp-content\/uploads\/2025\/08\/planificacion-img.jpg\" class=\"attachment-large size-large wp-image-381\" alt=\"Planificaci\u00f3n de Visita\" srcset=\"https:\/\/www.monkeypark.com\/wp-content\/uploads\/2025\/08\/planificacion-img.jpg 816w, https:\/\/www.monkeypark.com\/wp-content\/uploads\/2025\/08\/planificacion-img-600x354.jpg 600w\" sizes=\"(max-width: 816px) 100vw, 816px\" \/>\t\t\t\t\t\t\t\t\t\t\t\t\t\t\t<\/div>\n\t\t\t\t<\/div>\n\t\t\t\t\t<\/div>\n\t\t\t\t<\/div>\n\t\t\t\t<\/div>\n\t\t","protected":false},"excerpt":{"rendered":"<p>Vivez une exp\u00e9rience unique Au Monkey Park, vous profiterez d'une rencontre incomparable avec nos animaux. Vous pourrez admirer leur beaut\u00e9 et en apprendre davantage \u00e0 leur sujet en vous approchant tout pr\u00e8s d'eux. Au Monkey Park, vous vivrez une rencontre incomparable avec nos animaux. Tous les jours de 9h30 \u00e0 16h00 Tous les jours de 9h30 \u00e0 16h00 Les animaux dont nous nous occupons Apprenez\u2026 <a title=\"Accueil\" class=\"read-more\" href=\"https:\/\/www.monkeypark.com\/fr\/\" aria-label=\"En savoir plus sur Accueil\">Lire la suite<\/a><\/p>","protected":false},"author":1,"featured_media":0,"parent":0,"menu_order":0,"comment_status":"closed","ping_status":"closed","template":"elementor_header_footer","meta":{"footnotes":""},"class_list":["post-33","page","type-page","status-publish"],"_links":{"self":[{"href":"https:\/\/www.monkeypark.com\/fr\/wp-json\/wp\/v2\/pages\/33","targetHints":{"allow":["GET"]}}],"collection":[{"href":"https:\/\/www.monkeypark.com\/fr\/wp-json\/wp\/v2\/pages"}],"about":[{"href":"https:\/\/www.monkeypark.com\/fr\/wp-json\/wp\/v2\/types\/page"}],"author":[{"embeddable":true,"href":"https:\/\/www.monkeypark.com\/fr\/wp-json\/wp\/v2\/users\/1"}],"replies":[{"embeddable":true,"href":"https:\/\/www.monkeypark.com\/fr\/wp-json\/wp\/v2\/comments?post=33"}],"version-history":[{"count":373,"href":"https:\/\/www.monkeypark.com\/fr\/wp-json\/wp\/v2\/pages\/33\/revisions"}],"predecessor-version":[{"id":27545,"href":"https:\/\/www.monkeypark.com\/fr\/wp-json\/wp\/v2\/pages\/33\/revisions\/27545"}],"wp:attachment":[{"href":"https:\/\/www.monkeypark.com\/fr\/wp-json\/wp\/v2\/media?parent=33"}],"curies":[{"name":"wp","href":"https:\/\/api.w.org\/{rel}","templated":true}]}}