{"id":16007,"date":"2025-12-20T14:55:37","date_gmt":"2025-12-20T14:55:37","guid":{"rendered":"https:\/\/www.monkeypark.com\/?page_id=16007"},"modified":"2026-02-21T20:49:37","modified_gmt":"2026-02-21T20:49:37","slug":"ninos","status":"publish","type":"page","link":"https:\/\/www.monkeypark.com\/fr\/ninos\/","title":{"rendered":"Enfants"},"content":{"rendered":"<div data-elementor-type=\"wp-page\" data-elementor-id=\"16007\" class=\"elementor elementor-16007\" data-elementor-post-type=\"page\">\n\t\t\t\t<div class=\"elementor-element elementor-element-7fdeaa4 e-con-full e-flex e-con e-parent\" data-id=\"7fdeaa4\" data-element_type=\"container\" data-e-type=\"container\" data-settings=\"{&quot;background_background&quot;:&quot;classic&quot;}\">\n\t\t<div class=\"elementor-element elementor-element-b6a3c64 e-con-full blur e-flex e-con e-child\" data-id=\"b6a3c64\" data-element_type=\"container\" data-e-type=\"container\" data-settings=\"{&quot;background_background&quot;:&quot;classic&quot;}\">\n\t\t\t\t<div class=\"elementor-element elementor-element-4037e4a elementor-widget elementor-widget-heading\" data-id=\"4037e4a\" data-element_type=\"widget\" data-e-type=\"widget\" data-widget_type=\"heading.default\">\n\t\t\t\t\t<h1 class=\"elementor-heading-title elementor-size-default\">Enfants<\/h1>\t\t\t\t<\/div>\n\t\t\t\t<div class=\"elementor-element elementor-element-fcad36e elementor-widget__width-initial elementor-widget elementor-widget-heading\" data-id=\"fcad36e\" data-element_type=\"widget\" data-e-type=\"widget\" data-widget_type=\"heading.default\">\n\t\t\t\t\t<h2 class=\"elementor-heading-title elementor-size-default\">Explorez le plaisir sauvage, profitez-en !<br>jeux d'animaux du zoo !<\/h2>\t\t\t\t<\/div>\n\t\t\t\t<\/div>\n\t\t\t\t<\/div>\n\t\t<div class=\"elementor-element elementor-element-2f501d5 e-flex e-con-boxed e-con e-parent\" data-id=\"2f501d5\" data-element_type=\"container\" data-e-type=\"container\">\n\t\t\t\t\t<div class=\"e-con-inner\">\n\t\t\t\t<div class=\"elementor-element elementor-element-50edb4c elementor-widget elementor-widget-heading\" data-id=\"50edb4c\" data-element_type=\"widget\" data-e-type=\"widget\" data-widget_type=\"heading.default\">\n\t\t\t\t\t<h3 class=\"elementor-heading-title elementor-size-default\">Notre collection de jeux vous emm\u00e8nera dans une aventure passionnante peupl\u00e9e de cr\u00e9atures fascinantes.<\/h3>\t\t\t\t<\/div>\n\t\t\t\t<div class=\"elementor-element elementor-element-b54ea79 elementor-widget-tablet__width-initial elementor-widget-mobile__width-inherit elementor-widget elementor-widget-heading\" data-id=\"b54ea79\" data-element_type=\"widget\" data-e-type=\"widget\" data-widget_type=\"heading.default\">\n\t\t\t\t\t<p class=\"elementor-heading-title elementor-size-default\">Testez vos comp\u00e9tences et vos connaissances tout en vous plongeant dans le monde animal de mani\u00e8re ludique et interactive. Rejoignez-nous et d\u00e9couvrez tout ce que vous savez sur les habitants du zoo !<\/p>\t\t\t\t<\/div>\n\t\t<div class=\"elementor-element elementor-element-6a1fba5 e-con-full e-flex e-con e-child\" data-id=\"6a1fba5\" data-element_type=\"container\" data-e-type=\"container\" data-settings=\"{&quot;background_background&quot;:&quot;classic&quot;}\">\n\t\t<div class=\"elementor-element elementor-element-f886f9a e-con-full e-flex e-con e-child\" data-id=\"f886f9a\" data-element_type=\"container\" data-e-type=\"container\" data-settings=\"{&quot;background_background&quot;:&quot;classic&quot;}\">\n\t\t\t\t<div class=\"elementor-element elementor-element-4037f39 elementor-widget elementor-widget-heading\" data-id=\"4037f39\" data-element_type=\"widget\" data-e-type=\"widget\" data-widget_type=\"heading.default\">\n\t\t\t\t\t<h4 class=\"elementor-heading-title elementor-size-default\">Mots m\u00eal\u00e9s<\/h4>\t\t\t\t<\/div>\n\t\t\t\t<div class=\"elementor-element elementor-element-3123e81 elementor-widget__width-initial elementor-widget-tablet__width-inherit elementor-widget elementor-widget-heading\" data-id=\"3123e81\" data-element_type=\"widget\" data-e-type=\"widget\" data-widget_type=\"heading.default\">\n\t\t\t\t\t<p class=\"elementor-heading-title elementor-size-default\">D\u00e9couvrez les noms de diff\u00e9rents animaux cach\u00e9s parmi les lettres. Un jeu \u00e9ducatif et amusant qui am\u00e9liore l'attention, la m\u00e9moire visuelle et le vocabulaire.<\/p>\t\t\t\t<\/div>\n\t\t\t\t<div class=\"elementor-element elementor-element-52bcdaf elementor-widget elementor-widget-button\" data-id=\"52bcdaf\" data-element_type=\"widget\" data-e-type=\"widget\" data-widget_type=\"button.default\">\n\t\t\t\t\t\t\t\t\t\t<a class=\"elementor-button elementor-button-link elementor-size-sm\" href=\"#elementor-action%3Aaction%3Dpopup%3Aopen%26settings%3DeyJpZCI6IjE2NjczIiwidG9nZ2xlIjpmYWxzZX0%3D\">\n\t\t\t\t\t\t<span class=\"elementor-button-content-wrapper\">\n\t\t\t\t\t\t\t\t\t<span class=\"elementor-button-text\">Jouer<\/span>\n\t\t\t\t\t<\/span>\n\t\t\t\t\t<\/a>\n\t\t\t\t\t\t\t\t<\/div>\n\t\t\t\t<\/div>\n\t\t<div class=\"elementor-element elementor-element-3bb41a2 e-con-full e-flex e-con e-child\" data-id=\"3bb41a2\" data-element_type=\"container\" data-e-type=\"container\" data-settings=\"{&quot;background_background&quot;:&quot;classic&quot;}\">\n\t\t\t\t<div class=\"elementor-element elementor-element-5b190e3 elementor-widget elementor-widget-heading\" data-id=\"5b190e3\" data-element_type=\"widget\" data-e-type=\"widget\" data-widget_type=\"heading.default\">\n\t\t\t\t\t<h4 class=\"elementor-heading-title elementor-size-default\">Trouvez le couple<\/h4>\t\t\t\t<\/div>\n\t\t\t\t<div class=\"elementor-element elementor-element-42a27cc elementor-widget elementor-widget-heading\" data-id=\"42a27cc\" data-element_type=\"widget\" data-e-type=\"widget\" data-widget_type=\"heading.default\">\n\t\t\t\t\t<p class=\"elementor-heading-title elementor-size-default\">Retournez les cartes et trouvez les bonnes paires d'animaux. Un d\u00e9fi id\u00e9al pour stimuler la m\u00e9moire, la concentration et l'agilit\u00e9 mentale, parfait pour tous les \u00e2ges.<\/p>\t\t\t\t<\/div>\n\t\t\t\t<div class=\"elementor-element elementor-element-20154d5 elementor-widget elementor-widget-button\" data-id=\"20154d5\" data-element_type=\"widget\" data-e-type=\"widget\" data-widget_type=\"button.default\">\n\t\t\t\t\t\t\t\t\t\t<a class=\"elementor-button elementor-button-link elementor-size-sm\" href=\"#elementor-action%3Aaction%3Dpopup%3Aopen%26settings%3DeyJpZCI6IjE2Njg2IiwidG9nZ2xlIjpmYWxzZX0%3D\">\n\t\t\t\t\t\t<span class=\"elementor-button-content-wrapper\">\n\t\t\t\t\t\t\t\t\t<span class=\"elementor-button-text\">Jouer<\/span>\n\t\t\t\t\t<\/span>\n\t\t\t\t\t<\/a>\n\t\t\t\t\t\t\t\t<\/div>\n\t\t\t\t<\/div>\n\t\t\t\t<\/div>\n\t\t\t\t\t<\/div>\n\t\t\t\t<\/div>\n\t\t<div class=\"elementor-element elementor-element-d0a15c9 e-flex e-con-boxed e-con e-parent\" data-id=\"d0a15c9\" data-element_type=\"container\" data-e-type=\"container\">\n\t\t\t\t\t<div class=\"e-con-inner\">\n\t\t\t\t<div class=\"elementor-element elementor-element-898cd5e elementor-widget elementor-widget-heading\" data-id=\"898cd5e\" data-element_type=\"widget\" data-e-type=\"widget\" data-widget_type=\"heading.default\">\n\t\t\t\t\t<h4 class=\"elementor-heading-title elementor-size-default\">L'incroyable histoire de la transformation du singe en homme.<\/h4>\t\t\t\t<\/div>\n\t\t\t\t<div class=\"elementor-element elementor-element-af76cbe elementor-widget-tablet__width-initial elementor-widget elementor-widget-heading\" data-id=\"af76cbe\" data-element_type=\"widget\" data-e-type=\"widget\" data-widget_type=\"heading.default\">\n\t\t\t\t\t<p class=\"elementor-heading-title elementor-size-default\">Bonjour, petits curieux ! Aujourd'hui, je vais vous raconter une histoire passionnante sur la fa\u00e7on dont les singes ont \u00e9volu\u00e9 pour devenir des humains comme nous. C'est une histoire de changements au fil du temps, comme un livre d'aventures, alors pr\u00e9parez-vous \u00e0 un voyage passionnant !<\/p>\t\t\t\t<\/div>\n\t\t\t\t<div class=\"elementor-element elementor-element-c769920 elementor-widget elementor-widget-image\" data-id=\"c769920\" data-element_type=\"widget\" data-e-type=\"widget\" data-widget_type=\"image.default\">\n\t\t\t\t\t\t\t\t\t\t\t\t\t\t\t<img fetchpriority=\"high\" decoding=\"async\" width=\"794\" height=\"377\" src=\"https:\/\/www.monkeypark.com\/wp-content\/uploads\/2025\/12\/evolucion-monkeypark.png\" class=\"attachment-large size-large wp-image-16575\" alt=\"\" srcset=\"https:\/\/www.monkeypark.com\/wp-content\/uploads\/2025\/12\/evolucion-monkeypark.png 794w, https:\/\/www.monkeypark.com\/wp-content\/uploads\/2025\/12\/evolucion-monkeypark-18x9.png 18w, https:\/\/www.monkeypark.com\/wp-content\/uploads\/2025\/12\/evolucion-monkeypark-60x28.png 60w, https:\/\/www.monkeypark.com\/wp-content\/uploads\/2025\/12\/evolucion-monkeypark-600x285.png 600w\" sizes=\"(max-width: 794px) 100vw, 794px\" \/>\t\t\t\t\t\t\t\t\t\t\t\t\t\t\t<\/div>\n\t\t\t\t<div class=\"elementor-element elementor-element-c3d297f elementor-widget-tablet__width-initial elementor-widget__width-initial elementor-widget-mobile__width-inherit elementor-widget elementor-widget-heading\" data-id=\"c3d297f\" data-element_type=\"widget\" data-e-type=\"widget\" data-widget_type=\"heading.default\">\n\t\t\t\t\t<p class=\"elementor-heading-title elementor-size-default\">Et ainsi, au fil de millions d'ann\u00e9es, ces changements ont transform\u00e9 les singes en \u00eatres humains comme nous. Cette aventure faite de changements et d'adaptations s'appelle \" l'\u00e9volution \", et c'est la raison pour laquelle nous existons aujourd'hui en tant qu'\u00eatres humains. La prochaine fois que vous verrez un singe au zoo, rappelez-vous qu'ils sont comme nos anciens cousins et que nous partageons une histoire extraordinaire sur cette belle plan\u00e8te appel\u00e9e Terre.<\/p>\t\t\t\t<\/div>\n\t\t\t\t\t<\/div>\n\t\t\t\t<\/div>\n\t\t<div class=\"elementor-element elementor-element-2c76d84 e-flex e-con-boxed e-con e-parent\" data-id=\"2c76d84\" data-element_type=\"container\" data-e-type=\"container\">\n\t\t\t\t\t<div class=\"e-con-inner\">\n\t\t\t\t<div class=\"elementor-element elementor-element-cf9281d elementor-widget elementor-widget-heading\" data-id=\"cf9281d\" data-element_type=\"widget\" data-e-type=\"widget\" data-widget_type=\"heading.default\">\n\t\t\t\t\t<h4 class=\"elementor-heading-title elementor-size-default\">Plus d'informations pour les curieux.<\/h4>\t\t\t\t<\/div>\n\t\t\t\t<div class=\"elementor-element elementor-element-d395a06 elementor-widget-tablet__width-initial elementor-widget-mobile__width-inherit elementor-widget elementor-widget-heading\" data-id=\"d395a06\" data-element_type=\"widget\" data-e-type=\"widget\" data-widget_type=\"heading.default\">\n\t\t\t\t\t<p class=\"elementor-heading-title elementor-size-default\">Apprenez des curiosit\u00e9s sur le monde des singes et le monde des perroquets, nos animaux pr\u00e9f\u00e9r\u00e9s.<\/p>\t\t\t\t<\/div>\n\t\t<div class=\"elementor-element elementor-element-aad4b76 e-con-full e-flex e-con e-child\" data-id=\"aad4b76\" data-element_type=\"container\" data-e-type=\"container\" data-settings=\"{&quot;background_background&quot;:&quot;classic&quot;}\">\n\t\t<div class=\"elementor-element elementor-element-48e1cc6 e-con-full e-flex e-con e-child\" data-id=\"48e1cc6\" data-element_type=\"container\" data-e-type=\"container\" data-settings=\"{&quot;background_background&quot;:&quot;classic&quot;}\">\n\t\t<div class=\"elementor-element elementor-element-fae82c3 e-con-full blur e-flex e-con e-child\" data-id=\"fae82c3\" data-element_type=\"container\" data-e-type=\"container\" data-settings=\"{&quot;background_background&quot;:&quot;classic&quot;}\">\n\t\t\t\t<div class=\"elementor-element elementor-element-6dfe4d1 elementor-widget elementor-widget-heading\" data-id=\"6dfe4d1\" data-element_type=\"widget\" data-e-type=\"widget\" data-widget_type=\"heading.default\">\n\t\t\t\t\t<h5 class=\"elementor-heading-title elementor-size-default\">D\u00e9couvrez le monde des singes !<\/h5>\t\t\t\t<\/div>\n\t\t\t\t<div class=\"elementor-element elementor-element-720680a elementor-widget elementor-widget-heading\" data-id=\"720680a\" data-element_type=\"widget\" data-e-type=\"widget\" data-widget_type=\"heading.default\">\n\t\t\t\t\t<p class=\"elementor-heading-title elementor-size-default\">Bonjour, petits aventuriers ! Aujourd'hui, nous allons explorer le monde passionnant des singes. \u00cates-vous pr\u00eats \u00e0 d\u00e9couvrir sept faits int\u00e9ressants sur ces animaux sympathiques ?<\/p>\t\t\t\t<\/div>\n\t\t\t\t<div class=\"elementor-element elementor-element-3af2d24 elementor-widget elementor-widget-button\" data-id=\"3af2d24\" data-element_type=\"widget\" data-e-type=\"widget\" data-widget_type=\"button.default\">\n\t\t\t\t\t\t\t\t\t\t<a class=\"elementor-button elementor-button-link elementor-size-sm\" href=\"#elementor-action%3Aaction%3Dpopup%3Aopen%26settings%3DeyJpZCI6IjE2NjYxIiwidG9nZ2xlIjpmYWxzZX0%3D\">\n\t\t\t\t\t\t<span class=\"elementor-button-content-wrapper\">\n\t\t\t\t\t\t\t\t\t<span class=\"elementor-button-text\">Allons-y !<\/span>\n\t\t\t\t\t<\/span>\n\t\t\t\t\t<\/a>\n\t\t\t\t\t\t\t\t<\/div>\n\t\t\t\t<\/div>\n\t\t\t\t<\/div>\n\t\t<div class=\"elementor-element elementor-element-9ebb0ba e-con-full e-flex e-con e-child\" data-id=\"9ebb0ba\" data-element_type=\"container\" data-e-type=\"container\" data-settings=\"{&quot;background_background&quot;:&quot;classic&quot;}\">\n\t\t<div class=\"elementor-element elementor-element-dbc0b54 e-con-full blur e-flex e-con e-child\" data-id=\"dbc0b54\" data-element_type=\"container\" data-e-type=\"container\" data-settings=\"{&quot;background_background&quot;:&quot;classic&quot;}\">\n\t\t\t\t<div class=\"elementor-element elementor-element-c3fa7ec elementor-widget elementor-widget-heading\" data-id=\"c3fa7ec\" data-element_type=\"widget\" data-e-type=\"widget\" data-widget_type=\"heading.default\">\n\t\t\t\t\t<h5 class=\"elementor-heading-title elementor-size-default\">D\u00e9couvrez les perroquets, ces oiseaux color\u00e9s et bavards !<\/h5>\t\t\t\t<\/div>\n\t\t\t\t<div class=\"elementor-element elementor-element-367060d elementor-widget elementor-widget-heading\" data-id=\"367060d\" data-element_type=\"widget\" data-e-type=\"widget\" data-widget_type=\"heading.default\">\n\t\t\t\t\t<p class=\"elementor-heading-title elementor-size-default\">Bonjour, petits curieux ! Aujourd'hui, nous allons explorer le monde passionnant des perroquets. \u00cates-vous pr\u00eats \u00e0 d\u00e9couvrir quelques faits int\u00e9ressants sur ces oiseaux incroyables ?<\/p>\t\t\t\t<\/div>\n\t\t\t\t<div class=\"elementor-element elementor-element-a2e312a elementor-widget elementor-widget-button\" data-id=\"a2e312a\" data-element_type=\"widget\" data-e-type=\"widget\" data-widget_type=\"button.default\">\n\t\t\t\t\t\t\t\t\t\t<a class=\"elementor-button elementor-button-link elementor-size-sm\" href=\"#elementor-action%3Aaction%3Dpopup%3Aopen%26settings%3DeyJpZCI6IjE2NjY3IiwidG9nZ2xlIjpmYWxzZX0%3D\">\n\t\t\t\t\t\t<span class=\"elementor-button-content-wrapper\">\n\t\t\t\t\t\t\t\t\t<span class=\"elementor-button-text\">Allons-y !<\/span>\n\t\t\t\t\t<\/span>\n\t\t\t\t\t<\/a>\n\t\t\t\t\t\t\t\t<\/div>\n\t\t\t\t<\/div>\n\t\t\t\t<\/div>\n\t\t\t\t<\/div>\n\t\t\t\t\t<\/div>\n\t\t\t\t<\/div>\n\t\t\t\t<\/div>","protected":false},"excerpt":{"rendered":"<p>Enfants Explorez les plaisirs de la vie sauvage, profitez des jeux sur les animaux du zoo ! Notre collection de jeux t'emm\u00e8nera dans une aventure passionnante pleine de cr\u00e9atures fascinantes. Testez vos comp\u00e9tences et vos connaissances en vous immergeant dans le monde des animaux de mani\u00e8re amusante et interactive. Participez au jeu et d\u00e9couvrez tout ce que vous savez sur les habitants du zoo ! <a title=\"Enfants\" class=\"read-more\" href=\"https:\/\/www.monkeypark.com\/fr\/ninos\/\" aria-label=\"En savoir plus sur Ni\u00f1os\">Lire la suite<\/a><\/p>","protected":false},"author":1,"featured_media":0,"parent":0,"menu_order":0,"comment_status":"closed","ping_status":"closed","template":"elementor_header_footer","meta":{"footnotes":""},"class_list":["post-16007","page","type-page","status-publish"],"_links":{"self":[{"href":"https:\/\/www.monkeypark.com\/fr\/wp-json\/wp\/v2\/pages\/16007","targetHints":{"allow":["GET"]}}],"collection":[{"href":"https:\/\/www.monkeypark.com\/fr\/wp-json\/wp\/v2\/pages"}],"about":[{"href":"https:\/\/www.monkeypark.com\/fr\/wp-json\/wp\/v2\/types\/page"}],"author":[{"embeddable":true,"href":"https:\/\/www.monkeypark.com\/fr\/wp-json\/wp\/v2\/users\/1"}],"replies":[{"embeddable":true,"href":"https:\/\/www.monkeypark.com\/fr\/wp-json\/wp\/v2\/comments?post=16007"}],"version-history":[{"count":58,"href":"https:\/\/www.monkeypark.com\/fr\/wp-json\/wp\/v2\/pages\/16007\/revisions"}],"predecessor-version":[{"id":30813,"href":"https:\/\/www.monkeypark.com\/fr\/wp-json\/wp\/v2\/pages\/16007\/revisions\/30813"}],"wp:attachment":[{"href":"https:\/\/www.monkeypark.com\/fr\/wp-json\/wp\/v2\/media?parent=16007"}],"curies":[{"name":"wp","href":"https:\/\/api.w.org\/{rel}","templated":true}]}}