{"id":15625,"date":"2025-12-19T13:38:17","date_gmt":"2025-12-19T13:38:17","guid":{"rendered":"https:\/\/www.monkeypark.com\/?page_id=15625"},"modified":"2025-12-22T16:44:25","modified_gmt":"2025-12-22T16:44:25","slug":"especies-endemicas","status":"publish","type":"page","link":"https:\/\/www.monkeypark.com\/fr\/especies-endemicas\/","title":{"rendered":"Esp\u00e8ces end\u00e9miques"},"content":{"rendered":"<div data-elementor-type=\"wp-page\" data-elementor-id=\"15625\" class=\"elementor elementor-15625\" data-elementor-post-type=\"page\">\n\t\t\t\t<div class=\"elementor-element elementor-element-7fdeaa4 e-con-full e-flex e-con e-parent\" data-id=\"7fdeaa4\" data-element_type=\"container\" data-e-type=\"container\" data-settings=\"{&quot;background_background&quot;:&quot;classic&quot;}\">\n\t\t<div class=\"elementor-element elementor-element-b6a3c64 e-con-full blur e-flex e-con e-child\" data-id=\"b6a3c64\" data-element_type=\"container\" data-e-type=\"container\" data-settings=\"{&quot;background_background&quot;:&quot;classic&quot;}\">\n\t\t\t\t<div class=\"elementor-element elementor-element-4037e4a elementor-widget elementor-widget-heading\" data-id=\"4037e4a\" data-element_type=\"widget\" data-e-type=\"widget\" data-widget_type=\"heading.default\">\n\t\t\t\t\t<h1 class=\"elementor-heading-title elementor-size-default\">\u00c0 la d\u00e9couverte de la faune de Tenerife au Monkey Park<\/h1>\t\t\t\t<\/div>\n\t\t\t\t<div class=\"elementor-element elementor-element-fcad36e elementor-widget__width-initial elementor-hidden-mobile elementor-widget elementor-widget-heading\" data-id=\"fcad36e\" data-element_type=\"widget\" data-e-type=\"widget\" data-widget_type=\"heading.default\">\n\t\t\t\t\t<h2 class=\"elementor-heading-title elementor-size-default\">Au Monkey Park, nous ne nous contentons pas de vous rapprocher des animaux dans un environnement responsable, nous voulons \u00e9galement vous faire d\u00e9couvrir l'incroyable biodiversit\u00e9 de Tenerife.<\/h2>\t\t\t\t<\/div>\n\t\t\t\t<\/div>\n\t\t\t\t<\/div>\n\t\t<div class=\"elementor-element elementor-element-2f501d5 e-flex e-con-boxed e-con e-parent\" data-id=\"2f501d5\" data-element_type=\"container\" data-e-type=\"container\">\n\t\t\t\t\t<div class=\"e-con-inner\">\n\t\t\t\t<div class=\"elementor-element elementor-element-50edb4c elementor-widget elementor-widget-heading\" data-id=\"50edb4c\" data-element_type=\"widget\" data-e-type=\"widget\" data-widget_type=\"heading.default\">\n\t\t\t\t\t<h3 class=\"elementor-heading-title elementor-size-default\">La faune de Tenerife : une vie unique sur une \u00eele volcanique<\/h3>\t\t\t\t<\/div>\n\t\t\t\t<div class=\"elementor-element elementor-element-b54ea79 elementor-widget-tablet__width-initial elementor-widget elementor-widget-heading\" data-id=\"b54ea79\" data-element_type=\"widget\" data-e-type=\"widget\" data-widget_type=\"heading.default\">\n\t\t\t\t\t<p class=\"elementor-heading-title elementor-size-default\">Tenerife abrite une grande vari\u00e9t\u00e9 d'esp\u00e8ces animales qui ont \u00e9volu\u00e9 de mani\u00e8re unique en raison de leur isolement g\u00e9ographique. Des oiseaux qui sillonnent le ciel aux reptiles qui se cachent parmi les roches volcaniques, la faune de l'\u00eele refl\u00e8te sa richesse naturelle. Parmi les esp\u00e8ces les plus embl\u00e9matiques, on trouve le l\u00e9zard g\u00e9ant de Tenerife, le pinson bleu et le puffin cendr\u00e9, chacun dot\u00e9 d'adaptations surprenantes qui leur ont permis de survivre dans cet environnement si particulier.<\/p>\t\t\t\t<\/div>\n\t\t\t\t\t<\/div>\n\t\t\t\t<\/div>\n\t\t<div class=\"elementor-element elementor-element-6a1fba5 e-flex e-con-boxed e-con e-parent\" data-id=\"6a1fba5\" data-element_type=\"container\" data-e-type=\"container\" data-settings=\"{&quot;background_background&quot;:&quot;classic&quot;}\">\n\t\t\t\t\t<div class=\"e-con-inner\">\n\t\t<div class=\"elementor-element elementor-element-f886f9a e-con-full e-flex e-con e-child\" data-id=\"f886f9a\" data-element_type=\"container\" data-e-type=\"container\" data-settings=\"{&quot;background_background&quot;:&quot;classic&quot;}\">\n\t\t<div class=\"elementor-element elementor-element-80184d2 e-con-full blur e-flex e-con e-child\" data-id=\"80184d2\" data-element_type=\"container\" data-e-type=\"container\" data-settings=\"{&quot;background_background&quot;:&quot;classic&quot;}\">\n\t\t\t\t<div class=\"elementor-element elementor-element-4037f39 elementor-widget elementor-widget-heading\" data-id=\"4037f39\" data-element_type=\"widget\" data-e-type=\"widget\" data-widget_type=\"heading.default\">\n\t\t\t\t\t<h4 class=\"elementor-heading-title elementor-size-default\">Fait int\u00e9ressant<\/h4>\t\t\t\t<\/div>\n\t\t\t\t<div class=\"elementor-element elementor-element-3123e81 elementor-widget elementor-widget-heading\" data-id=\"3123e81\" data-element_type=\"widget\" data-e-type=\"widget\" data-widget_type=\"heading.default\">\n\t\t\t\t\t<p class=\"elementor-heading-title elementor-size-default\">Saviez-vous que le l\u00e9zard g\u00e9ant de T\u00e9n\u00e9rife peut d\u00e9passer 50 cm de long et qu'il a failli dispara\u00eetre ? Gr\u00e2ce \u00e0 des projets de conservation, sa population a commenc\u00e9 \u00e0 se r\u00e9tablir.<\/p>\t\t\t\t<\/div>\n\t\t\t\t<\/div>\n\t\t\t\t<\/div>\n\t\t\t\t\t<\/div>\n\t\t\t\t<\/div>\n\t\t<div class=\"elementor-element elementor-element-d488bac e-flex e-con-boxed e-con e-parent\" data-id=\"d488bac\" data-element_type=\"container\" data-e-type=\"container\">\n\t\t\t\t\t<div class=\"e-con-inner\">\n\t\t\t\t<div class=\"elementor-element elementor-element-cb8930d elementor-widget elementor-widget-heading\" data-id=\"cb8930d\" data-element_type=\"widget\" data-e-type=\"widget\" data-widget_type=\"heading.default\">\n\t\t\t\t\t<h4 class=\"elementor-heading-title elementor-size-default\">Habitants uniques de Tenerife<\/h4>\t\t\t\t<\/div>\n\t\t<div class=\"elementor-element elementor-element-af5939b e-grid e-con-full e-con e-child\" data-id=\"af5939b\" data-element_type=\"container\" data-e-type=\"container\">\n\t\t<a class=\"elementor-element elementor-element-e97079e e-con-full e-flex e-con e-child\" data-id=\"e97079e\" data-element_type=\"container\" data-e-type=\"container\" data-settings=\"{&quot;background_background&quot;:&quot;classic&quot;}\" href=\"#elementor-action%3Aaction%3Dpopup%3Aopen%26settings%3DeyJpZCI6IjE1NzIwIiwidG9nZ2xlIjpmYWxzZX0%3D\">\n\t\t\t\t<div class=\"elementor-element elementor-element-adbd7c5 elementor-widget elementor-widget-heading\" data-id=\"adbd7c5\" data-element_type=\"widget\" data-e-type=\"widget\" data-widget_type=\"heading.default\">\n\t\t\t\t\t<span class=\"elementor-heading-title elementor-size-default\">Pinson bleu du Teide<\/span>\t\t\t\t<\/div>\n\t\t\t\t<\/a>\n\t\t<a class=\"elementor-element elementor-element-1f84554 e-con-full e-flex e-con e-child\" data-id=\"1f84554\" data-element_type=\"container\" data-e-type=\"container\" data-settings=\"{&quot;background_background&quot;:&quot;classic&quot;}\" href=\"#elementor-action%3Aaction%3Dpopup%3Aopen%26settings%3DeyJpZCI6IjE1NzIyIiwidG9nZ2xlIjpmYWxzZX0%3D\">\n\t\t\t\t<div class=\"elementor-element elementor-element-bbc459b elementor-widget elementor-widget-heading\" data-id=\"bbc459b\" data-element_type=\"widget\" data-e-type=\"widget\" data-widget_type=\"heading.default\">\n\t\t\t\t\t<span class=\"elementor-heading-title elementor-size-default\">L\u00e9zard tachet\u00e9<\/span>\t\t\t\t<\/div>\n\t\t\t\t<\/a>\n\t\t<a class=\"elementor-element elementor-element-413427f e-con-full e-flex e-con e-child\" data-id=\"413427f\" data-element_type=\"container\" data-e-type=\"container\" data-settings=\"{&quot;background_background&quot;:&quot;classic&quot;}\" href=\"#elementor-action%3Aaction%3Dpopup%3Aopen%26settings%3DeyJpZCI6IjE1NzAxIiwidG9nZ2xlIjpmYWxzZX0%3D\">\n\t\t\t\t<div class=\"elementor-element elementor-element-46c9146 elementor-widget elementor-widget-heading\" data-id=\"46c9146\" data-element_type=\"widget\" data-e-type=\"widget\" data-widget_type=\"heading.default\">\n\t\t\t\t\t<span class=\"elementor-heading-title elementor-size-default\">Canari<\/span>\t\t\t\t<\/div>\n\t\t\t\t<\/a>\n\t\t<a class=\"elementor-element elementor-element-eb5b73e e-con-full e-flex e-con e-child\" data-id=\"eb5b73e\" data-element_type=\"container\" data-e-type=\"container\" data-settings=\"{&quot;background_background&quot;:&quot;classic&quot;}\" href=\"#elementor-action%3Aaction%3Dpopup%3Aopen%26settings%3DeyJpZCI6IjE1NzI0IiwidG9nZ2xlIjpmYWxzZX0%3D\">\n\t\t\t\t<div class=\"elementor-element elementor-element-e081a6d elementor-widget elementor-widget-heading\" data-id=\"e081a6d\" data-element_type=\"widget\" data-e-type=\"widget\" data-widget_type=\"heading.default\">\n\t\t\t\t\t<span class=\"elementor-heading-title elementor-size-default\">Perenqu\u00e9n commun<\/span>\t\t\t\t<\/div>\n\t\t\t\t<\/a>\n\t\t<a class=\"elementor-element elementor-element-154015b e-con-full e-flex e-con e-child\" data-id=\"154015b\" data-element_type=\"container\" data-e-type=\"container\" data-settings=\"{&quot;background_background&quot;:&quot;classic&quot;}\" href=\"#elementor-action%3Aaction%3Dpopup%3Aopen%26settings%3DeyJpZCI6IjE1NzI2IiwidG9nZ2xlIjpmYWxzZX0%3D\">\n\t\t\t\t<div class=\"elementor-element elementor-element-3e755e3 elementor-widget elementor-widget-heading\" data-id=\"3e755e3\" data-element_type=\"widget\" data-e-type=\"widget\" data-widget_type=\"heading.default\">\n\t\t\t\t\t<span class=\"elementor-heading-title elementor-size-default\">Chauve-souris \u00e0 grandes oreilles des Canaries<\/span>\t\t\t\t<\/div>\n\t\t\t\t<\/a>\n\t\t\t\t<\/div>\n\t\t\t\t\t<\/div>\n\t\t\t\t<\/div>\n\t\t<div class=\"elementor-element elementor-element-a07b2be e-flex e-con-boxed e-con e-parent\" data-id=\"a07b2be\" data-element_type=\"container\" data-e-type=\"container\" data-settings=\"{&quot;background_background&quot;:&quot;classic&quot;}\">\n\t\t\t\t\t<div class=\"e-con-inner\">\n\t\t<div class=\"elementor-element elementor-element-6db04b7 e-con-full e-flex e-con e-child\" data-id=\"6db04b7\" data-element_type=\"container\" data-e-type=\"container\" data-settings=\"{&quot;background_background&quot;:&quot;classic&quot;}\">\n\t\t<div class=\"elementor-element elementor-element-43b4f91 e-con-full blur e-flex e-con e-child\" data-id=\"43b4f91\" data-element_type=\"container\" data-e-type=\"container\" data-settings=\"{&quot;background_background&quot;:&quot;classic&quot;}\">\n\t\t\t\t<div class=\"elementor-element elementor-element-59a0b8e elementor-widget elementor-widget-heading\" data-id=\"59a0b8e\" data-element_type=\"widget\" data-e-type=\"widget\" data-widget_type=\"heading.default\">\n\t\t\t\t\t<h4 class=\"elementor-heading-title elementor-size-default\">Les l\u00e9muriens \u00e0 Tenerife<\/h4>\t\t\t\t<\/div>\n\t\t\t\t<div class=\"elementor-element elementor-element-6cd782e elementor-widget elementor-widget-heading\" data-id=\"6cd782e\" data-element_type=\"widget\" data-e-type=\"widget\" data-widget_type=\"heading.default\">\n\t\t\t\t\t<p class=\"elementor-heading-title elementor-size-default\">Bien que les l\u00e9muriens ne soient pas originaires de T\u00e9n\u00e9rife, nous avons cr\u00e9\u00e9 au Monkey Park un espace sp\u00e9cial o\u00f9 ces primates charismatiques peuvent vivre dans un environnement s\u00fbr et adapt\u00e9 \u00e0 leurs besoins.<\/p>\t\t\t\t<\/div>\n\t\t\t\t<\/div>\n\t\t\t\t<\/div>\n\t\t\t\t\t<\/div>\n\t\t\t\t<\/div>\n\t\t<div class=\"elementor-element elementor-element-d0a15c9 e-flex e-con-boxed e-con e-parent\" data-id=\"d0a15c9\" data-element_type=\"container\" data-e-type=\"container\">\n\t\t\t\t\t<div class=\"e-con-inner\">\n\t\t\t\t<div class=\"elementor-element elementor-element-898cd5e elementor-widget elementor-widget-heading\" data-id=\"898cd5e\" data-element_type=\"widget\" data-e-type=\"widget\" data-widget_type=\"heading.default\">\n\t\t\t\t\t<h5 class=\"elementor-heading-title elementor-size-default\">Prot\u00e9ger la nature \u00e0 Tenerife : conseils pour les touristes et les habitants<\/h5>\t\t\t\t<\/div>\n\t\t\t\t<div class=\"elementor-element elementor-element-af76cbe elementor-widget-tablet__width-initial elementor-widget elementor-widget-heading\" data-id=\"af76cbe\" data-element_type=\"widget\" data-e-type=\"widget\" data-widget_type=\"heading.default\">\n\t\t\t\t\t<p class=\"elementor-heading-title elementor-size-default\">Tenerife est un paradis naturel dot\u00e9 d'une biodiversit\u00e9 unique que nous devons prot\u00e9ger. Que vous soyez visiteur ou r\u00e9sident, chaque petit geste compte pour pr\u00e9server la faune et la flore de l'\u00eele. Respecter les sentiers, ne pas nourrir les animaux sauvages et \u00e9viter de cueillir des plantes ne sont que quelques-unes des fa\u00e7ons de contribuer \u00e0 cette pr\u00e9servation. De plus, choisir des activit\u00e9s responsables et soutenir les initiatives de conservation permet de garantir que les g\u00e9n\u00e9rations futures pourront continuer \u00e0 profiter de cet environnement unique. Pr\u00e9servons ensemble la nature de Tenerife !<\/p>\t\t\t\t<\/div>\n\t\t\t\t\t<\/div>\n\t\t\t\t<\/div>\n\t\t\t\t<\/div>","protected":false},"excerpt":{"rendered":"<p>D\u00e9couvrir la faune de T\u00e9n\u00e9rife au Monkey Park Au Monkey Park, notre objectif n'est pas seulement de vous rapprocher des animaux dans un environnement responsable, mais aussi de vous faire d\u00e9couvrir l'incroyable biodiversit\u00e9 de T\u00e9n\u00e9rife. La faune de T\u00e9n\u00e9rife : une vie unique sur une \u00eele volcanique T\u00e9n\u00e9rife abrite une grande vari\u00e9t\u00e9 d'esp\u00e8ces animales qui ont \u00e9t\u00e9 ... <a title=\"Esp\u00e8ces end\u00e9miques\" class=\"read-more\" href=\"https:\/\/www.monkeypark.com\/fr\/especies-endemicas\/\" aria-label=\"En savoir plus sur Especies End\u00e9micas\">Lire la suite<\/a><\/p>","protected":false},"author":1,"featured_media":0,"parent":0,"menu_order":0,"comment_status":"closed","ping_status":"closed","template":"elementor_header_footer","meta":{"footnotes":""},"class_list":["post-15625","page","type-page","status-publish"],"_links":{"self":[{"href":"https:\/\/www.monkeypark.com\/fr\/wp-json\/wp\/v2\/pages\/15625","targetHints":{"allow":["GET"]}}],"collection":[{"href":"https:\/\/www.monkeypark.com\/fr\/wp-json\/wp\/v2\/pages"}],"about":[{"href":"https:\/\/www.monkeypark.com\/fr\/wp-json\/wp\/v2\/types\/page"}],"author":[{"embeddable":true,"href":"https:\/\/www.monkeypark.com\/fr\/wp-json\/wp\/v2\/users\/1"}],"replies":[{"embeddable":true,"href":"https:\/\/www.monkeypark.com\/fr\/wp-json\/wp\/v2\/comments?post=15625"}],"version-history":[{"count":61,"href":"https:\/\/www.monkeypark.com\/fr\/wp-json\/wp\/v2\/pages\/15625\/revisions"}],"predecessor-version":[{"id":16531,"href":"https:\/\/www.monkeypark.com\/fr\/wp-json\/wp\/v2\/pages\/15625\/revisions\/16531"}],"wp:attachment":[{"href":"https:\/\/www.monkeypark.com\/fr\/wp-json\/wp\/v2\/media?parent=15625"}],"curies":[{"name":"wp","href":"https:\/\/api.w.org\/{rel}","templated":true}]}}