{"id":14719,"date":"2025-12-15T04:32:08","date_gmt":"2025-12-15T04:32:08","guid":{"rendered":"https:\/\/www.monkeypark.com\/?page_id=14719"},"modified":"2025-12-22T16:56:18","modified_gmt":"2025-12-22T16:56:18","slug":"ticket-para-grupos","status":"publish","type":"page","link":"https:\/\/www.monkeypark.com\/fr\/ticket-para-grupos\/","title":{"rendered":"Billet pour les groupes"},"content":{"rendered":"<div data-elementor-type=\"wp-page\" data-elementor-id=\"14719\" class=\"elementor elementor-14719\" data-elementor-post-type=\"page\">\n\t\t\t\t<div class=\"elementor-element elementor-element-7fdeaa4 e-con-full e-flex e-con e-parent\" data-id=\"7fdeaa4\" data-element_type=\"container\" data-e-type=\"container\" data-settings=\"{&quot;background_background&quot;:&quot;classic&quot;}\">\n\t\t<div class=\"elementor-element elementor-element-b6a3c64 e-con-full blur e-flex e-con e-child\" data-id=\"b6a3c64\" data-element_type=\"container\" data-e-type=\"container\" data-settings=\"{&quot;background_background&quot;:&quot;classic&quot;}\">\n\t\t\t\t<div class=\"elementor-element elementor-element-4037e4a elementor-widget elementor-widget-heading\" data-id=\"4037e4a\" data-element_type=\"widget\" data-e-type=\"widget\" data-widget_type=\"heading.default\">\n\t\t\t\t\t<h1 class=\"elementor-heading-title elementor-size-default\">Visite pour les groupes<\/h1>\t\t\t\t<\/div>\n\t\t\t\t<div class=\"elementor-element elementor-element-fcad36e elementor-widget__width-initial elementor-hidden-mobile elementor-widget elementor-widget-heading\" data-id=\"fcad36e\" data-element_type=\"widget\" data-e-type=\"widget\" data-widget_type=\"heading.default\">\n\t\t\t\t\t<h2 class=\"elementor-heading-title elementor-size-default\">Afin de garantir une exp\u00e9rience agr\u00e9able et bien organis\u00e9e, les visites de groupes ou scolaires de plus de 10 personnes doivent \u00eatre coordonn\u00e9es \u00e0 l'avance. Remplissez le formulaire et notre \u00e9quipe vous aidera \u00e0 planifier votre visite.<\/h2>\t\t\t\t<\/div>\n\t\t\t\t<div class=\"elementor-element elementor-element-069bab1 elementor-widget__width-initial elementor-hidden-desktop elementor-hidden-tablet elementor-widget elementor-widget-heading\" data-id=\"069bab1\" data-element_type=\"widget\" data-e-type=\"widget\" data-widget_type=\"heading.default\">\n\t\t\t\t\t<h2 class=\"elementor-heading-title elementor-size-default\">Afin de garantir une exp\u00e9rience agr\u00e9able et bien organis\u00e9e, les visites de groupes ou scolaires de plus de 10 personnes doivent \u00eatre coordonn\u00e9es \u00e0 l'avance. Remplissez le formulaire et notre \u00e9quipe vous aidera \u00e0 planifier votre visite.<\/h2>\t\t\t\t<\/div>\n\t\t\t\t<div class=\"elementor-element elementor-element-5f2521e elementor-align-right elementor-widget elementor-widget-button\" data-id=\"5f2521e\" data-element_type=\"widget\" data-e-type=\"widget\" data-widget_type=\"button.default\">\n\t\t\t\t\t\t\t\t\t\t<a class=\"elementor-button elementor-button-link elementor-size-sm\" href=\"#elementor-action%3Aaction%3Dpopup%3Aopen%26settings%3DeyJpZCI6IjE0NzI2IiwidG9nZ2xlIjpmYWxzZX0%3D\">\n\t\t\t\t\t\t<span class=\"elementor-button-content-wrapper\">\n\t\t\t\t\t\t\t\t\t<span class=\"elementor-button-text\">R\u00e9server<\/span>\n\t\t\t\t\t<\/span>\n\t\t\t\t\t<\/a>\n\t\t\t\t\t\t\t\t<\/div>\n\t\t\t\t<\/div>\n\t\t\t\t<\/div>\n\t\t\t\t<\/div>","protected":false},"excerpt":{"rendered":"<p>Visites de groupes Afin de garantir une exp\u00e9rience confortable et organis\u00e9e, les visites de groupes ou d'\u00e9coles de plus de 10 personnes doivent \u00eatre organis\u00e9es \u00e0 l'avance. Remplissez le formulaire et notre \u00e9quipe vous aidera \u00e0 planifier votre visite. Pour garantir une exp\u00e9rience confortable et organis\u00e9e, les visites de groupes ou d'\u00e9coles de plus de 10 personnes doivent \u00eatre organis\u00e9es \u00e0 l'avance. <a title=\"Billet pour les groupes\" class=\"read-more\" href=\"https:\/\/www.monkeypark.com\/fr\/ticket-para-grupos\/\" aria-label=\"En savoir plus sur Ticket para Grupos\">Lire la suite<\/a><\/p>","protected":false},"author":1,"featured_media":0,"parent":0,"menu_order":0,"comment_status":"closed","ping_status":"closed","template":"elementor_header_footer","meta":{"footnotes":""},"class_list":["post-14719","page","type-page","status-publish"],"_links":{"self":[{"href":"https:\/\/www.monkeypark.com\/fr\/wp-json\/wp\/v2\/pages\/14719","targetHints":{"allow":["GET"]}}],"collection":[{"href":"https:\/\/www.monkeypark.com\/fr\/wp-json\/wp\/v2\/pages"}],"about":[{"href":"https:\/\/www.monkeypark.com\/fr\/wp-json\/wp\/v2\/types\/page"}],"author":[{"embeddable":true,"href":"https:\/\/www.monkeypark.com\/fr\/wp-json\/wp\/v2\/users\/1"}],"replies":[{"embeddable":true,"href":"https:\/\/www.monkeypark.com\/fr\/wp-json\/wp\/v2\/comments?post=14719"}],"version-history":[{"count":16,"href":"https:\/\/www.monkeypark.com\/fr\/wp-json\/wp\/v2\/pages\/14719\/revisions"}],"predecessor-version":[{"id":16553,"href":"https:\/\/www.monkeypark.com\/fr\/wp-json\/wp\/v2\/pages\/14719\/revisions\/16553"}],"wp:attachment":[{"href":"https:\/\/www.monkeypark.com\/fr\/wp-json\/wp\/v2\/media?parent=14719"}],"curies":[{"name":"wp","href":"https:\/\/api.w.org\/{rel}","templated":true}]}}