{"id":3744,"date":"2025-11-22T05:30:13","date_gmt":"2025-11-22T05:30:13","guid":{"rendered":"https:\/\/monkeypark.com\/?page_id=3744"},"modified":"2025-11-22T05:39:19","modified_gmt":"2025-11-22T05:39:19","slug":"politica-de-privacidad","status":"publish","type":"page","link":"https:\/\/www.monkeypark.com\/es\/politica-de-privacidad\/","title":{"rendered":"Pol\u00edtica de Privacidad"},"content":{"rendered":"\t\t<div data-elementor-type=\"wp-page\" data-elementor-id=\"3744\" class=\"elementor elementor-3744\" data-elementor-post-type=\"page\">\n\t\t\t\t<div class=\"elementor-element elementor-element-01db45f e-flex e-con-boxed e-con e-parent\" data-id=\"01db45f\" data-element_type=\"container\" data-e-type=\"container\">\n\t\t\t\t\t<div class=\"e-con-inner\">\n\t\t\t\t<div class=\"elementor-element elementor-element-5c97c2b elementor-widget__width-initial elementor-widget elementor-widget-heading\" data-id=\"5c97c2b\" data-element_type=\"widget\" data-e-type=\"widget\" data-widget_type=\"heading.default\">\n\t\t\t\t\t<h1 class=\"elementor-heading-title elementor-size-default\">Pol\u00edtica de privacidad<\/h1>\t\t\t\t<\/div>\n\t\t\t\t\t<\/div>\n\t\t\t\t<\/div>\n\t\t<div class=\"elementor-element elementor-element-c4fe311 e-flex e-con-boxed e-con e-parent\" data-id=\"c4fe311\" data-element_type=\"container\" data-e-type=\"container\">\n\t\t\t\t\t<div class=\"e-con-inner\">\n\t\t<div class=\"elementor-element elementor-element-53b8418 e-con-full e-flex e-con e-child\" data-id=\"53b8418\" data-element_type=\"container\" data-e-type=\"container\" data-settings=\"{&quot;background_background&quot;:&quot;classic&quot;}\">\n\t\t\t\t<div class=\"elementor-element elementor-element-36efda5 elementor-widget elementor-widget-heading\" data-id=\"36efda5\" data-element_type=\"widget\" data-e-type=\"widget\" data-widget_type=\"heading.default\">\n\t\t\t\t\t<h3 class=\"elementor-heading-title elementor-size-default\">Identificaci\u00f3n y titularidad<\/h3>\t\t\t\t<\/div>\n\t\t\t\t<div class=\"elementor-element elementor-element-e1b5cd0 elementor-widget elementor-widget-heading\" data-id=\"e1b5cd0\" data-element_type=\"widget\" data-e-type=\"widget\" data-widget_type=\"heading.default\">\n\t\t\t\t\t<p class=\"elementor-heading-title elementor-size-default\">En cumplimiento del art\u00edculo 10 de la Ley 34\/2002, de 11 de julio, de Servicios de la Sociedad de la Informaci\u00f3n y Comercio Electr\u00f3nico, el Titular expone sus datos identificativos:<br><br><br>\nTitular:  Monkey Park, S.L..<br><br>\nCIF: B-38643375<br><br>\nDirecci\u00f3n  :  Llano Azul 17, Arona, Santa Cruz de Tenerife - Espa\u00f1a.<br><br>\nSitio Web:  https:\/\/monkeypark.com\/<br><\/p>\t\t\t\t<\/div>\n\t\t\t\t<\/div>\n\t\t<div class=\"elementor-element elementor-element-279e4b1 e-con-full e-flex e-con e-child\" data-id=\"279e4b1\" data-element_type=\"container\" data-e-type=\"container\" data-settings=\"{&quot;background_background&quot;:&quot;classic&quot;}\">\n\t\t\t\t<div class=\"elementor-element elementor-element-feb998f elementor-widget elementor-widget-heading\" data-id=\"feb998f\" data-element_type=\"widget\" data-e-type=\"widget\" data-widget_type=\"heading.default\">\n\t\t\t\t\t<h3 class=\"elementor-heading-title elementor-size-default\">Reglamento de protecci\u00f3n de datos<\/h3>\t\t\t\t<\/div>\n\t\t\t\t<div class=\"elementor-element elementor-element-c19e1c3 elementor-widget elementor-widget-heading\" data-id=\"c19e1c3\" data-element_type=\"widget\" data-e-type=\"widget\" data-widget_type=\"heading.default\">\n\t\t\t\t\t<p class=\"elementor-heading-title elementor-size-default\">En MONKEY PARK seguimos trabajando la privacidad en el tratamiento de sus datos de car\u00e1cter personal, actualizando nuestra Pol\u00edtica de Privacidad para informar sobre la manera que tenemos de recopilar, utilizar y guardar todos los datos de las personas que contactan con nosotros por cualquier medio, seg\u00fan los siguientes apartados:<br><br><br>\nI.- Responsable del tratamiento.<br><br>\nII.- Finalidades del tratamiento de los datos.<br><br>\nIII.- Tiempo de conservaci\u00f3n de sus datos personales.<br><br>\nIV.- \u00bfCu\u00e1l es la legitimaci\u00f3n para el tratamiento de sus datos personales?<br><br>\nV.- \u00bfQui\u00e9n puede tener acceso a sus datos personales?<br><br>\nVI.- \u00bfQu\u00e9 derechos tiene como usuario?<br><br>\nVII.- Datos de terceros<br><br>\nVIII- \u00bfA partir de qu\u00e9 edad puede el Usuario acceder a nuestros productos y servicios?<br><br>\nIX.- Medidas de seguridad implantadas.<br><br>\nX.- Cookies\n<\/p>\t\t\t\t<\/div>\n\t\t\t\t<\/div>\n\t\t<div class=\"elementor-element elementor-element-0d8283c e-con-full e-flex e-con e-child\" data-id=\"0d8283c\" data-element_type=\"container\" data-e-type=\"container\" data-settings=\"{&quot;background_background&quot;:&quot;classic&quot;}\">\n\t\t\t\t<div class=\"elementor-element elementor-element-a3d1227 elementor-widget elementor-widget-heading\" data-id=\"a3d1227\" data-element_type=\"widget\" data-e-type=\"widget\" data-widget_type=\"heading.default\">\n\t\t\t\t\t<h3 class=\"elementor-heading-title elementor-size-default\">I.- Responsable del tratamiento<\/h3>\t\t\t\t<\/div>\n\t\t\t\t<div class=\"elementor-element elementor-element-402783d elementor-widget elementor-widget-heading\" data-id=\"402783d\" data-element_type=\"widget\" data-e-type=\"widget\" data-widget_type=\"heading.default\">\n\t\t\t\t\t<p class=\"elementor-heading-title elementor-size-default\">Que el interesado (usuario) que facilite a MONKEY PARK datos de car\u00e1cter personal a trav\u00e9s de redes sociales o plataformas online queda informado que el responsable del tratamiento de los datos personales que nos proporcione ser\u00e1: \u201cMONKEY PARK, S.L.\u201d, con C.I.F. B-38643375, y direcci\u00f3n en Llano Azul 17, Arona, Santa Cruz de Tenerife - Espa\u00f1a.. Tel\u00e9fono 922790720 y se\u00f1as de correo info@monkeypark.com.\nComo responsable del tratamiento, \u201cMONKEY PARK, S.L.\u201d solicitar\u00e1 expresamente autorizaci\u00f3n al usuario a la presente pol\u00edtica de privacidad.\nEn caso de cualquier duda sobre protecci\u00f3n de datos, el usuario, podr\u00e1 ponerse en contacto con \u201cMONKEY PARK, S.L.\u201d y ser\u00e1 atendido.\n<\/p>\t\t\t\t<\/div>\n\t\t\t\t<\/div>\n\t\t<div class=\"elementor-element elementor-element-838df7e e-con-full e-flex e-con e-child\" data-id=\"838df7e\" data-element_type=\"container\" data-e-type=\"container\" data-settings=\"{&quot;background_background&quot;:&quot;classic&quot;}\">\n\t\t\t\t<div class=\"elementor-element elementor-element-4137d22 elementor-widget elementor-widget-heading\" data-id=\"4137d22\" data-element_type=\"widget\" data-e-type=\"widget\" data-widget_type=\"heading.default\">\n\t\t\t\t\t<h3 class=\"elementor-heading-title elementor-size-default\">II.- Finalidades del tratamiento de datos<\/h3>\t\t\t\t<\/div>\n\t\t\t\t<div class=\"elementor-element elementor-element-ffdf2e7 elementor-widget elementor-widget-heading\" data-id=\"ffdf2e7\" data-element_type=\"widget\" data-e-type=\"widget\" data-widget_type=\"heading.default\">\n\t\t\t\t\t<p class=\"elementor-heading-title elementor-size-default\">Dependiendo del motivo por el que el Usuario haya contactado con nosotros, \u201cMONKEY PARK, S.L.\u201d el tratamiento de los datos proporcionados tendr\u00e1 los siguientes objetivos o finalidades:<br><br>\n\u2013 Gestionar las compras y peticiones hechas por el Usuario a trav\u00e9s de nuestras p\u00e1ginas web.<br><br>\n\u2013 Contactar con el Usuario para atender sus solicitudes, peticiones o consultas.<br><br>\n\u2013 Gestionar y controlar la cartera de clientes, atender peticiones de servicio y proceder a su facturaci\u00f3n y cobro.<br><br>\n\u2013 Hacer part\u00edcipe al Usuario en actividades promocionales como juegos, concursos y sorteos llevados a cabo a trav\u00e9s de nuestra p\u00e1gina web.<br><br>\n\u2013 La obtenci\u00f3n de curriculum vitae, a los efectos de selecci\u00f3n de personal.\n<\/p>\t\t\t\t<\/div>\n\t\t\t\t<\/div>\n\t\t<div class=\"elementor-element elementor-element-2bf5d03 e-con-full e-flex e-con e-child\" data-id=\"2bf5d03\" data-element_type=\"container\" data-e-type=\"container\" data-settings=\"{&quot;background_background&quot;:&quot;classic&quot;}\">\n\t\t\t\t<div class=\"elementor-element elementor-element-ee36751 elementor-widget elementor-widget-heading\" data-id=\"ee36751\" data-element_type=\"widget\" data-e-type=\"widget\" data-widget_type=\"heading.default\">\n\t\t\t\t\t<h3 class=\"elementor-heading-title elementor-size-default\">III.- Duraci\u00f3n del tratamiento de datos. Tiempo de conservaci\u00f3n de sus datos personales <\/h3>\t\t\t\t<\/div>\n\t\t\t\t<div class=\"elementor-element elementor-element-3c7ce3f elementor-widget elementor-widget-heading\" data-id=\"3c7ce3f\" data-element_type=\"widget\" data-e-type=\"widget\" data-widget_type=\"heading.default\">\n\t\t\t\t\t<p class=\"elementor-heading-title elementor-size-default\">Los datos personales del Usuario ser\u00e1n almacenados por \u201cMONKEY PARK, S.L.\u201d por el tiempo legalmente permitido seg\u00fan el motivo por el que los datos nos fueron proporcionados por el Usuario.<br><br>\nA los efectos de facturaci\u00f3n y cobro de servicios, en su caso, se conservar\u00e1n los datos durante el tiempo de vigencia de la relaci\u00f3n contractual, con m\u00e1s el plazo de conservaci\u00f3n que exija la legislaci\u00f3n que resulte de aplicaci\u00f3n y hasta que se entienda ha transcurrido el plazo de prescripci\u00f3n para reclamar hipot\u00e9ticas responsabilidades contractuales.<br><br>\nLos datos obtenidos para la gesti\u00f3n de consultas y solicitudes se guardar\u00e1n durante el plazo que duren.<br><br>\nLos datos obtenidos con ocasi\u00f3n de la participaci\u00f3n en actividades promocionales, como juegos, sorteos y concursos, se conservar\u00e1n durante el tiempo de duraci\u00f3n de las actividades dichas a los efectos de su desarrollo efectivo seg\u00fan bases de participaci\u00f3n y, hasta la consumaci\u00f3n de los efectos de la participaci\u00f3n del Usuario en las mismas.<br><br>\nLos datos relativos a curriculum vitae, durante el proceso de selecci\u00f3n.\n<\/p>\t\t\t\t<\/div>\n\t\t\t\t<\/div>\n\t\t<div class=\"elementor-element elementor-element-b65033e e-con-full e-flex e-con e-child\" data-id=\"b65033e\" data-element_type=\"container\" data-e-type=\"container\" data-settings=\"{&quot;background_background&quot;:&quot;classic&quot;}\">\n\t\t\t\t<div class=\"elementor-element elementor-element-fb87fb5 elementor-widget elementor-widget-heading\" data-id=\"fb87fb5\" data-element_type=\"widget\" data-e-type=\"widget\" data-widget_type=\"heading.default\">\n\t\t\t\t\t<h3 class=\"elementor-heading-title elementor-size-default\">IV.- \u00bfCu\u00e1l es la legitimaci\u00f3n para el tratamiento de sus datos personales? <\/h3>\t\t\t\t<\/div>\n\t\t\t\t<div class=\"elementor-element elementor-element-d2bd7d3 elementor-widget elementor-widget-heading\" data-id=\"d2bd7d3\" data-element_type=\"widget\" data-e-type=\"widget\" data-widget_type=\"heading.default\">\n\t\t\t\t\t<p class=\"elementor-heading-title elementor-size-default\">Los datos personales proporcionados por el Usuario tienen como finalidad \u00faltima que \u201cMONKEY PARK, S.L.\u201d pueda proporcionar los servicios ofertados, y por usted aceptados, as\u00ed como que \u201cMONKEY PARK, S.L.\u201d pueda seguir alcanzando su leg\u00edtimo derecho a crecer como empresa fidelizando a sus clientes y ofrecerles nuevos servicios y productos.<\/p>\t\t\t\t<\/div>\n\t\t\t\t<\/div>\n\t\t<div class=\"elementor-element elementor-element-c9435ab e-con-full e-flex e-con e-child\" data-id=\"c9435ab\" data-element_type=\"container\" data-e-type=\"container\" data-settings=\"{&quot;background_background&quot;:&quot;classic&quot;}\">\n\t\t\t\t<div class=\"elementor-element elementor-element-4f93639 elementor-widget elementor-widget-heading\" data-id=\"4f93639\" data-element_type=\"widget\" data-e-type=\"widget\" data-widget_type=\"heading.default\">\n\t\t\t\t\t<h3 class=\"elementor-heading-title elementor-size-default\">V.- \u00bfQui\u00e9n puede tener acceso a sus datos personales?<\/h3>\t\t\t\t<\/div>\n\t\t\t\t<div class=\"elementor-element elementor-element-f2bdc8e elementor-widget elementor-widget-heading\" data-id=\"f2bdc8e\" data-element_type=\"widget\" data-e-type=\"widget\" data-widget_type=\"heading.default\">\n\t\t\t\t\t<p class=\"elementor-heading-title elementor-size-default\">Los datos personales no ser\u00e1n cedidos a ninguna otra empresa.<br><br>\n\u201cMONKEY PARK, S.L.\u201d podr\u00e1 realizar cesiones o comunicaciones de datos personales para atender sus obligaciones con las Administraciones P\u00fablicas cuando, en cumplimiento de la legislaci\u00f3n vigente, sea as\u00ed formalmente requerido a ello. Del mismo modo proceder\u00e1 cuando sea requerido por los cuerpos y fuerzas de seguridad del Estado y a los \u00f3rganos judiciales en el ejercicio de sus atribuciones.\n<\/p>\t\t\t\t<\/div>\n\t\t\t\t<\/div>\n\t\t<div class=\"elementor-element elementor-element-56ae80e e-con-full e-flex e-con e-child\" data-id=\"56ae80e\" data-element_type=\"container\" data-e-type=\"container\" data-settings=\"{&quot;background_background&quot;:&quot;classic&quot;}\">\n\t\t\t\t<div class=\"elementor-element elementor-element-4273604 elementor-widget elementor-widget-heading\" data-id=\"4273604\" data-element_type=\"widget\" data-e-type=\"widget\" data-widget_type=\"heading.default\">\n\t\t\t\t\t<h3 class=\"elementor-heading-title elementor-size-default\">VI.- \u00bfQu\u00e9 derechos tiene como usuario?<\/h3>\t\t\t\t<\/div>\n\t\t\t\t<div class=\"elementor-element elementor-element-1484740 elementor-widget elementor-widget-heading\" data-id=\"1484740\" data-element_type=\"widget\" data-e-type=\"widget\" data-widget_type=\"heading.default\">\n\t\t\t\t\t<p class=\"elementor-heading-title elementor-size-default\">Todo Usuario tendr\u00e1 derecho a ejercitar los derechos de acceso, rectificaci\u00f3n, oposici\u00f3n, supresi\u00f3n, portabilidad y limitaci\u00f3n del tratamiento de sus datos personales.<br><br>\nEstos derechos consisten en:<br><br>\nAcceso, a todos los datos que disponemos del usuario.<br><br>\nRectificaci\u00f3n de los datos que ya disponemos, teniendo en cuenta que al habernos facilitado los datos el usuario garantiza que son ciertos y exactos y se compromete a notificarnos cualquier cambio o modificaci\u00f3n de los mismos. Cualquier p\u00e9rdida o da\u00f1o causado a la Plataforma o al responsable de la Plataforma o a cualquier tercero por motivo de una comunicaci\u00f3n de informaci\u00f3n err\u00f3nea, inexacta o incompleta en los formularios de registro, ser\u00e1 responsabilidad exclusiva del usuario.<br><br>\nSupresi\u00f3n de los datos del usuario mientras que estos no sean necesarios para la finalidad del tratamiento o cuando ya no se disponga de la legitimaci\u00f3n o permiso del usuario.\nLimitaci\u00f3n del tratamiento de los datos del usuario. Este podr\u00e1 solicitarnos que suspendamos temporalmente el tratamiento de los datos o que los conservemos m\u00e1s tiempo para cuando pueda necesitarlos.<br><br>\nOposici\u00f3n al tratamiento de los datos del usuario, pudi\u00e9ndose ejercer en los siguientes supuestos:<br><br>(i) Cuando los datos sean objeto de tratamiento basado en una misi\u00f3n de inter\u00e9s p\u00fablico o en el inter\u00e9s leg\u00edtimo, incluido la elaboraci\u00f3n de perfiles. <br><br>(ii) Cuando el tratamiento tenga como finalidad la mercadotecnia directa, incluida tambi\u00e9n la elaboraci\u00f3n de perfiles.<br><br>\nDel mismo modo, puede el Usuario rechazar el tratamiento automatizado de datos personales recogidos por \u201cMONKEY PARK, S.L.\u201d<br><br>\nLos derechos de los Usuarios podr\u00e1n hacerse valer a trav\u00e9s de los medios de contacto que figuran en el apartado \u201cI\u201d de la presente Pol\u00edtica de Privacidad.<br><br>\nDe no estar conforme con el tratamiento que \u201cMONKEY PARK, S.L.\u201d da al Usuario en el ejercicio de sus derechos, cabe reclamar ante la Agencia Espa\u00f1ola de Protecci\u00f3n de Datos y ante cualquier otra entidad de control competente.<br><br>\nEl Usuario puede ejercer los derechos dichos o revocar los consentimientos de tratamiento dados a \u201cMONKEY PARK, S.L.\u201d o pedir cualquier aclaraci\u00f3n enviando una petici\u00f3n expresa al correo electr\u00f3nico info@monkeypark.com, acreditando ser titular de los datos sobre los que quiere ejercer sus derechos.<\/p>\t\t\t\t<\/div>\n\t\t\t\t<\/div>\n\t\t<div class=\"elementor-element elementor-element-99ef884 e-con-full e-flex e-con e-child\" data-id=\"99ef884\" data-element_type=\"container\" data-e-type=\"container\" data-settings=\"{&quot;background_background&quot;:&quot;classic&quot;}\">\n\t\t\t\t<div class=\"elementor-element elementor-element-b8d1957 elementor-widget elementor-widget-heading\" data-id=\"b8d1957\" data-element_type=\"widget\" data-e-type=\"widget\" data-widget_type=\"heading.default\">\n\t\t\t\t\t<h3 class=\"elementor-heading-title elementor-size-default\">VII.- Datos de terceros<\/h3>\t\t\t\t<\/div>\n\t\t\t\t<div class=\"elementor-element elementor-element-2322800 elementor-widget elementor-widget-heading\" data-id=\"2322800\" data-element_type=\"widget\" data-e-type=\"widget\" data-widget_type=\"heading.default\">\n\t\t\t\t\t<p class=\"elementor-heading-title elementor-size-default\">De obtenerse datos personales de terceras personas distintas del Usuario, se proceder\u00e1 a informarles previamente del contenido del art. 14 del Reglamento General de Protecci\u00f3n de Datos.<\/p>\t\t\t\t<\/div>\n\t\t\t\t<\/div>\n\t\t<div class=\"elementor-element elementor-element-6a939a2 e-con-full e-flex e-con e-child\" data-id=\"6a939a2\" data-element_type=\"container\" data-e-type=\"container\" data-settings=\"{&quot;background_background&quot;:&quot;classic&quot;}\">\n\t\t\t\t<div class=\"elementor-element elementor-element-5a1325d elementor-widget elementor-widget-heading\" data-id=\"5a1325d\" data-element_type=\"widget\" data-e-type=\"widget\" data-widget_type=\"heading.default\">\n\t\t\t\t\t<h3 class=\"elementor-heading-title elementor-size-default\">VIII- \u00bfA partir de que edad puede el usuario acceder  a nuestros productos y servicios? <\/h3>\t\t\t\t<\/div>\n\t\t\t\t<div class=\"elementor-element elementor-element-0b09e47 elementor-widget elementor-widget-heading\" data-id=\"0b09e47\" data-element_type=\"widget\" data-e-type=\"widget\" data-widget_type=\"heading.default\">\n\t\t\t\t\t<p class=\"elementor-heading-title elementor-size-default\">Como regla general y conforme establece el nuevo Reglamento General de Protecci\u00f3n de Datos, en su art\u00edculo 8, cuando se aplique el art\u00edculo 6, apartado 1, letra a), en relaci\u00f3n con la oferta directa a ni\u00f1os de servicios de la sociedad de la informaci\u00f3n, el tratamiento de los datos personales de un ni\u00f1o se considerar\u00e1 l\u00edcito cuando tengo como m\u00ednimo 16 a\u00f1os. Si el ni\u00f1o es menor de 16 a\u00f1os, tal tratamiento \u00fanicamente se considerar\u00e1 l\u00edcito si el consentimiento lo dio o autoriz\u00f3 el titular de la patria potestad o tutela sobre el ni\u00f1o, y solo en la medida en que se dio o autoriz\u00f3.<\/p>\t\t\t\t<\/div>\n\t\t\t\t<\/div>\n\t\t<div class=\"elementor-element elementor-element-63053b3 e-con-full e-flex e-con e-child\" data-id=\"63053b3\" data-element_type=\"container\" data-e-type=\"container\" data-settings=\"{&quot;background_background&quot;:&quot;classic&quot;}\">\n\t\t\t\t<div class=\"elementor-element elementor-element-b9231cf elementor-widget elementor-widget-heading\" data-id=\"b9231cf\" data-element_type=\"widget\" data-e-type=\"widget\" data-widget_type=\"heading.default\">\n\t\t\t\t\t<h3 class=\"elementor-heading-title elementor-size-default\">IX.- Medidas de seguridad implantadas<\/h3>\t\t\t\t<\/div>\n\t\t\t\t<div class=\"elementor-element elementor-element-c30c4e3 elementor-widget elementor-widget-heading\" data-id=\"c30c4e3\" data-element_type=\"widget\" data-e-type=\"widget\" data-widget_type=\"heading.default\">\n\t\t\t\t\t<p class=\"elementor-heading-title elementor-size-default\">\u201cMONKEY PARK, S.L.\u201d comprometido con las obligaciones legalmente establecidas en materia de datos de car\u00e1cter personal, ha adoptado y adoptar\u00e1 cu\u00e1ntas medidas de control sean necesarias para intentar evitar que los datos proporcionados por los Usuarios puedan ser alterados y\/o sufran acceso o tratamiento no autorizado. Para ello, \u201cMONKEY PARK, S.L.\u201d mantiene operativas las medidas de seguridad de car\u00e1cter t\u00e9cnico y organizativo para garantizar la seguridad de los datos de car\u00e1cter personal del Usuario de conformidad con la normativa aplicable.\n<\/p>\t\t\t\t<\/div>\n\t\t\t\t<\/div>\n\t\t<div class=\"elementor-element elementor-element-274af40 e-con-full e-flex e-con e-child\" data-id=\"274af40\" data-element_type=\"container\" data-e-type=\"container\" data-settings=\"{&quot;background_background&quot;:&quot;classic&quot;}\">\n\t\t\t\t<div class=\"elementor-element elementor-element-3752ed9 elementor-widget elementor-widget-heading\" data-id=\"3752ed9\" data-element_type=\"widget\" data-e-type=\"widget\" data-widget_type=\"heading.default\">\n\t\t\t\t\t<h3 class=\"elementor-heading-title elementor-size-default\">X.- Cookies<\/h3>\t\t\t\t<\/div>\n\t\t\t\t<div class=\"elementor-element elementor-element-e27e85e elementor-widget elementor-widget-heading\" data-id=\"e27e85e\" data-element_type=\"widget\" data-e-type=\"widget\" data-widget_type=\"heading.default\">\n\t\t\t\t\t<p class=\"elementor-heading-title elementor-size-default\">\u201cMONKEY PARK, S.L.\u201d informa a los Usuarios que al acceder al sitio web se podr\u00e1n enviar Cookies a su ordenador seg\u00fan las modalidades descritas en la pol\u00edtica de Cookies recogidas en las condiciones de uso de la web.<\/p>\t\t\t\t<\/div>\n\t\t\t\t<\/div>\n\t\t\t\t\t<\/div>\n\t\t\t\t<\/div>\n\t\t\t\t<\/div>\n\t\t","protected":false},"excerpt":{"rendered":"<p>Pol\u00edtica de privacidad Identificaci\u00f3n y titularidad En cumplimiento del art\u00edculo 10 de la Ley 34\/2002, de 11 de julio, de Servicios de la Sociedad de la Informaci\u00f3n y Comercio Electr\u00f3nico, el Titular expone sus datos identificativos: Titular: Monkey Park, S.L.. CIF: B-38643375 Direcci\u00f3n : Llano Azul 17, Arona, Santa Cruz de Tenerife &#8211; Espa\u00f1a. Sitio &#8230; <a title=\"Pol\u00edtica de Privacidad\" class=\"read-more\" href=\"https:\/\/www.monkeypark.com\/es\/politica-de-privacidad\/\" aria-label=\"Leer m\u00e1s sobre Pol\u00edtica de Privacidad\">Leer m\u00e1s<\/a><\/p>\n","protected":false},"author":1,"featured_media":0,"parent":0,"menu_order":0,"comment_status":"closed","ping_status":"closed","template":"elementor_header_footer","meta":{"footnotes":""},"class_list":["post-3744","page","type-page","status-publish"],"_links":{"self":[{"href":"https:\/\/www.monkeypark.com\/es\/wp-json\/wp\/v2\/pages\/3744","targetHints":{"allow":["GET"]}}],"collection":[{"href":"https:\/\/www.monkeypark.com\/es\/wp-json\/wp\/v2\/pages"}],"about":[{"href":"https:\/\/www.monkeypark.com\/es\/wp-json\/wp\/v2\/types\/page"}],"author":[{"embeddable":true,"href":"https:\/\/www.monkeypark.com\/es\/wp-json\/wp\/v2\/users\/1"}],"replies":[{"embeddable":true,"href":"https:\/\/www.monkeypark.com\/es\/wp-json\/wp\/v2\/comments?post=3744"}],"version-history":[{"count":4,"href":"https:\/\/www.monkeypark.com\/es\/wp-json\/wp\/v2\/pages\/3744\/revisions"}],"predecessor-version":[{"id":3748,"href":"https:\/\/www.monkeypark.com\/es\/wp-json\/wp\/v2\/pages\/3744\/revisions\/3748"}],"wp:attachment":[{"href":"https:\/\/www.monkeypark.com\/es\/wp-json\/wp\/v2\/media?parent=3744"}],"curies":[{"name":"wp","href":"https:\/\/api.w.org\/{rel}","templated":true}]}}