{"id":16007,"date":"2025-12-20T14:55:37","date_gmt":"2025-12-20T14:55:37","guid":{"rendered":"https:\/\/www.monkeypark.com\/?page_id=16007"},"modified":"2026-02-21T20:49:37","modified_gmt":"2026-02-21T20:49:37","slug":"ninos","status":"publish","type":"page","link":"https:\/\/www.monkeypark.com\/es\/ninos\/","title":{"rendered":"Ni\u00f1os"},"content":{"rendered":"\t\t<div data-elementor-type=\"wp-page\" data-elementor-id=\"16007\" class=\"elementor elementor-16007\" data-elementor-post-type=\"page\">\n\t\t\t\t<div class=\"elementor-element elementor-element-7fdeaa4 e-con-full e-flex e-con e-parent\" data-id=\"7fdeaa4\" data-element_type=\"container\" data-e-type=\"container\" data-settings=\"{&quot;background_background&quot;:&quot;classic&quot;}\">\n\t\t<div class=\"elementor-element elementor-element-b6a3c64 e-con-full blur e-flex e-con e-child\" data-id=\"b6a3c64\" data-element_type=\"container\" data-e-type=\"container\" data-settings=\"{&quot;background_background&quot;:&quot;classic&quot;}\">\n\t\t\t\t<div class=\"elementor-element elementor-element-4037e4a elementor-widget elementor-widget-heading\" data-id=\"4037e4a\" data-element_type=\"widget\" data-e-type=\"widget\" data-widget_type=\"heading.default\">\n\t\t\t\t\t<h1 class=\"elementor-heading-title elementor-size-default\">Ni\u00f1os<\/h1>\t\t\t\t<\/div>\n\t\t\t\t<div class=\"elementor-element elementor-element-fcad36e elementor-widget__width-initial elementor-widget elementor-widget-heading\" data-id=\"fcad36e\" data-element_type=\"widget\" data-e-type=\"widget\" data-widget_type=\"heading.default\">\n\t\t\t\t\t<h2 class=\"elementor-heading-title elementor-size-default\">\u00a1Explora la diversi\u00f3n salvaje, disfruta<br>juegos de animales de zool\u00f3gico!<\/h2>\t\t\t\t<\/div>\n\t\t\t\t<\/div>\n\t\t\t\t<\/div>\n\t\t<div class=\"elementor-element elementor-element-2f501d5 e-flex e-con-boxed e-con e-parent\" data-id=\"2f501d5\" data-element_type=\"container\" data-e-type=\"container\">\n\t\t\t\t\t<div class=\"e-con-inner\">\n\t\t\t\t<div class=\"elementor-element elementor-element-50edb4c elementor-widget elementor-widget-heading\" data-id=\"50edb4c\" data-element_type=\"widget\" data-e-type=\"widget\" data-widget_type=\"heading.default\">\n\t\t\t\t\t<h3 class=\"elementor-heading-title elementor-size-default\">Nuestra colecci\u00f3n de juegos te llevar\u00e1 a una\u2028emocionante aventura llena de criaturas fascinantes.<\/h3>\t\t\t\t<\/div>\n\t\t\t\t<div class=\"elementor-element elementor-element-b54ea79 elementor-widget-tablet__width-initial elementor-widget-mobile__width-inherit elementor-widget elementor-widget-heading\" data-id=\"b54ea79\" data-element_type=\"widget\" data-e-type=\"widget\" data-widget_type=\"heading.default\">\n\t\t\t\t\t<p class=\"elementor-heading-title elementor-size-default\">Pon a prueba tus habilidades y conocimientos mientras te sumerges en el mundo animal de una manera\u2028divertida e interactiva. \u00a1\u00danete a la diversi\u00f3n y descubre cu\u00e1nto sabes sobre los habitantes del zool\u00f3gico!<\/p>\t\t\t\t<\/div>\n\t\t<div class=\"elementor-element elementor-element-6a1fba5 e-con-full e-flex e-con e-child\" data-id=\"6a1fba5\" data-element_type=\"container\" data-e-type=\"container\" data-settings=\"{&quot;background_background&quot;:&quot;classic&quot;}\">\n\t\t<div class=\"elementor-element elementor-element-f886f9a e-con-full e-flex e-con e-child\" data-id=\"f886f9a\" data-element_type=\"container\" data-e-type=\"container\" data-settings=\"{&quot;background_background&quot;:&quot;classic&quot;}\">\n\t\t\t\t<div class=\"elementor-element elementor-element-4037f39 elementor-widget elementor-widget-heading\" data-id=\"4037f39\" data-element_type=\"widget\" data-e-type=\"widget\" data-widget_type=\"heading.default\">\n\t\t\t\t\t<h4 class=\"elementor-heading-title elementor-size-default\">Sopa de Letras<\/h4>\t\t\t\t<\/div>\n\t\t\t\t<div class=\"elementor-element elementor-element-3123e81 elementor-widget__width-initial elementor-widget-tablet__width-inherit elementor-widget elementor-widget-heading\" data-id=\"3123e81\" data-element_type=\"widget\" data-e-type=\"widget\" data-widget_type=\"heading.default\">\n\t\t\t\t\t<p class=\"elementor-heading-title elementor-size-default\">Descubre los nombres de distintos animales escondidos entre las letras. Un juego educativo y divertido que mejora la atenci\u00f3n, la memoria visual y el vocabulario.<\/p>\t\t\t\t<\/div>\n\t\t\t\t<div class=\"elementor-element elementor-element-52bcdaf elementor-widget elementor-widget-button\" data-id=\"52bcdaf\" data-element_type=\"widget\" data-e-type=\"widget\" data-widget_type=\"button.default\">\n\t\t\t\t\t\t\t\t\t\t<a class=\"elementor-button elementor-button-link elementor-size-sm\" href=\"#elementor-action%3Aaction%3Dpopup%3Aopen%26settings%3DeyJpZCI6IjE2NjczIiwidG9nZ2xlIjpmYWxzZX0%3D\">\n\t\t\t\t\t\t<span class=\"elementor-button-content-wrapper\">\n\t\t\t\t\t\t\t\t\t<span class=\"elementor-button-text\">Jugar<\/span>\n\t\t\t\t\t<\/span>\n\t\t\t\t\t<\/a>\n\t\t\t\t\t\t\t\t<\/div>\n\t\t\t\t<\/div>\n\t\t<div class=\"elementor-element elementor-element-3bb41a2 e-con-full e-flex e-con e-child\" data-id=\"3bb41a2\" data-element_type=\"container\" data-e-type=\"container\" data-settings=\"{&quot;background_background&quot;:&quot;classic&quot;}\">\n\t\t\t\t<div class=\"elementor-element elementor-element-5b190e3 elementor-widget elementor-widget-heading\" data-id=\"5b190e3\" data-element_type=\"widget\" data-e-type=\"widget\" data-widget_type=\"heading.default\">\n\t\t\t\t\t<h4 class=\"elementor-heading-title elementor-size-default\">Encuentra la Pareja<\/h4>\t\t\t\t<\/div>\n\t\t\t\t<div class=\"elementor-element elementor-element-42a27cc elementor-widget elementor-widget-heading\" data-id=\"42a27cc\" data-element_type=\"widget\" data-e-type=\"widget\" data-widget_type=\"heading.default\">\n\t\t\t\t\t<p class=\"elementor-heading-title elementor-size-default\">Da vuelta las cartas y encuentra las parejas correctas de animales. Un desaf\u00edo ideal para estimular la memoria, la concentraci\u00f3n y la agilidad mental, perfecto para todas las edades.<\/p>\t\t\t\t<\/div>\n\t\t\t\t<div class=\"elementor-element elementor-element-20154d5 elementor-widget elementor-widget-button\" data-id=\"20154d5\" data-element_type=\"widget\" data-e-type=\"widget\" data-widget_type=\"button.default\">\n\t\t\t\t\t\t\t\t\t\t<a class=\"elementor-button elementor-button-link elementor-size-sm\" href=\"#elementor-action%3Aaction%3Dpopup%3Aopen%26settings%3DeyJpZCI6IjE2Njg2IiwidG9nZ2xlIjpmYWxzZX0%3D\">\n\t\t\t\t\t\t<span class=\"elementor-button-content-wrapper\">\n\t\t\t\t\t\t\t\t\t<span class=\"elementor-button-text\">Jugar<\/span>\n\t\t\t\t\t<\/span>\n\t\t\t\t\t<\/a>\n\t\t\t\t\t\t\t\t<\/div>\n\t\t\t\t<\/div>\n\t\t\t\t<\/div>\n\t\t\t\t\t<\/div>\n\t\t\t\t<\/div>\n\t\t<div class=\"elementor-element elementor-element-d0a15c9 e-flex e-con-boxed e-con e-parent\" data-id=\"d0a15c9\" data-element_type=\"container\" data-e-type=\"container\">\n\t\t\t\t\t<div class=\"e-con-inner\">\n\t\t\t\t<div class=\"elementor-element elementor-element-898cd5e elementor-widget elementor-widget-heading\" data-id=\"898cd5e\" data-element_type=\"widget\" data-e-type=\"widget\" data-widget_type=\"heading.default\">\n\t\t\t\t\t<h4 class=\"elementor-heading-title elementor-size-default\">La incre\u00edble historia de c\u00f3mo los monos se convirtieron en humanos.<\/h4>\t\t\t\t<\/div>\n\t\t\t\t<div class=\"elementor-element elementor-element-af76cbe elementor-widget-tablet__width-initial elementor-widget elementor-widget-heading\" data-id=\"af76cbe\" data-element_type=\"widget\" data-e-type=\"widget\" data-widget_type=\"heading.default\">\n\t\t\t\t\t<p class=\"elementor-heading-title elementor-size-default\">\u00a1Hola, amiguitos curiosos! Hoy les contar\u00e9 una historia emocionante sobre c\u00f3mo los monos evolucionaron para convertirse en humanos como nosotros. Es una historia de cambios a lo largo del tiempo, como un libro de aventuras, \u00a1as\u00ed que prep\u00e1rense para un viaje emocionante!<\/p>\t\t\t\t<\/div>\n\t\t\t\t<div class=\"elementor-element elementor-element-c769920 elementor-widget elementor-widget-image\" data-id=\"c769920\" data-element_type=\"widget\" data-e-type=\"widget\" data-widget_type=\"image.default\">\n\t\t\t\t\t\t\t\t\t\t\t\t\t\t\t<img fetchpriority=\"high\" decoding=\"async\" width=\"794\" height=\"377\" src=\"https:\/\/www.monkeypark.com\/wp-content\/uploads\/2025\/12\/evolucion-monkeypark.png\" class=\"attachment-large size-large wp-image-16575\" alt=\"\" srcset=\"https:\/\/www.monkeypark.com\/wp-content\/uploads\/2025\/12\/evolucion-monkeypark.png 794w, https:\/\/www.monkeypark.com\/wp-content\/uploads\/2025\/12\/evolucion-monkeypark-18x9.png 18w, https:\/\/www.monkeypark.com\/wp-content\/uploads\/2025\/12\/evolucion-monkeypark-60x28.png 60w, https:\/\/www.monkeypark.com\/wp-content\/uploads\/2025\/12\/evolucion-monkeypark-600x285.png 600w\" sizes=\"(max-width: 794px) 100vw, 794px\" \/>\t\t\t\t\t\t\t\t\t\t\t\t\t\t\t<\/div>\n\t\t\t\t<div class=\"elementor-element elementor-element-c3d297f elementor-widget-tablet__width-initial elementor-widget__width-initial elementor-widget-mobile__width-inherit elementor-widget elementor-widget-heading\" data-id=\"c3d297f\" data-element_type=\"widget\" data-e-type=\"widget\" data-widget_type=\"heading.default\">\n\t\t\t\t\t<p class=\"elementor-heading-title elementor-size-default\">Y as\u00ed, a lo largo de millones de a\u00f1os, estos cambios transformaron a los monos en seres humanos como nosotros. Esta aventura de cambios y adaptaciones se llama \"evoluci\u00f3n\", y es la raz\u00f3n por la que existimos hoy como seres humanos.\u2028La pr\u00f3xima vez que veas un mono en el zool\u00f3gico, recuerda que son como nuestros antiguos parientes y que compartimos una historia\u2028asombrosa en este hermoso planeta llamado Tierra.<\/p>\t\t\t\t<\/div>\n\t\t\t\t\t<\/div>\n\t\t\t\t<\/div>\n\t\t<div class=\"elementor-element elementor-element-2c76d84 e-flex e-con-boxed e-con e-parent\" data-id=\"2c76d84\" data-element_type=\"container\" data-e-type=\"container\">\n\t\t\t\t\t<div class=\"e-con-inner\">\n\t\t\t\t<div class=\"elementor-element elementor-element-cf9281d elementor-widget elementor-widget-heading\" data-id=\"cf9281d\" data-element_type=\"widget\" data-e-type=\"widget\" data-widget_type=\"heading.default\">\n\t\t\t\t\t<h4 class=\"elementor-heading-title elementor-size-default\">M\u00e1s informaci\u00f3n para los m\u00e1s curiosos.<\/h4>\t\t\t\t<\/div>\n\t\t\t\t<div class=\"elementor-element elementor-element-d395a06 elementor-widget-tablet__width-initial elementor-widget-mobile__width-inherit elementor-widget elementor-widget-heading\" data-id=\"d395a06\" data-element_type=\"widget\" data-e-type=\"widget\" data-widget_type=\"heading.default\">\n\t\t\t\t\t<p class=\"elementor-heading-title elementor-size-default\">Aprende curiosidades sobre el mundo de los monos y el mundo de los loros, nuestros animales favoritos.<\/p>\t\t\t\t<\/div>\n\t\t<div class=\"elementor-element elementor-element-aad4b76 e-con-full e-flex e-con e-child\" data-id=\"aad4b76\" data-element_type=\"container\" data-e-type=\"container\" data-settings=\"{&quot;background_background&quot;:&quot;classic&quot;}\">\n\t\t<div class=\"elementor-element elementor-element-48e1cc6 e-con-full e-flex e-con e-child\" data-id=\"48e1cc6\" data-element_type=\"container\" data-e-type=\"container\" data-settings=\"{&quot;background_background&quot;:&quot;classic&quot;}\">\n\t\t<div class=\"elementor-element elementor-element-fae82c3 e-con-full blur e-flex e-con e-child\" data-id=\"fae82c3\" data-element_type=\"container\" data-e-type=\"container\" data-settings=\"{&quot;background_background&quot;:&quot;classic&quot;}\">\n\t\t\t\t<div class=\"elementor-element elementor-element-6dfe4d1 elementor-widget elementor-widget-heading\" data-id=\"6dfe4d1\" data-element_type=\"widget\" data-e-type=\"widget\" data-widget_type=\"heading.default\">\n\t\t\t\t\t<h5 class=\"elementor-heading-title elementor-size-default\">\u00a1Descubre el Mundo de los Monos!<\/h5>\t\t\t\t<\/div>\n\t\t\t\t<div class=\"elementor-element elementor-element-720680a elementor-widget elementor-widget-heading\" data-id=\"720680a\" data-element_type=\"widget\" data-e-type=\"widget\" data-widget_type=\"heading.default\">\n\t\t\t\t\t<p class=\"elementor-heading-title elementor-size-default\">\u00a1Hola, amiguitos aventureros! Hoy vamos a explorar el emocionante mundo de los monos. \u00bfEst\u00e1s listo para descubrir siete curiosidades emocionantes sobre estos simp\u00e1ticos animales?<\/p>\t\t\t\t<\/div>\n\t\t\t\t<div class=\"elementor-element elementor-element-3af2d24 elementor-widget elementor-widget-button\" data-id=\"3af2d24\" data-element_type=\"widget\" data-e-type=\"widget\" data-widget_type=\"button.default\">\n\t\t\t\t\t\t\t\t\t\t<a class=\"elementor-button elementor-button-link elementor-size-sm\" href=\"#elementor-action%3Aaction%3Dpopup%3Aopen%26settings%3DeyJpZCI6IjE2NjYxIiwidG9nZ2xlIjpmYWxzZX0%3D\">\n\t\t\t\t\t\t<span class=\"elementor-button-content-wrapper\">\n\t\t\t\t\t\t\t\t\t<span class=\"elementor-button-text\">\u00a1Vamos All\u00e1!<\/span>\n\t\t\t\t\t<\/span>\n\t\t\t\t\t<\/a>\n\t\t\t\t\t\t\t\t<\/div>\n\t\t\t\t<\/div>\n\t\t\t\t<\/div>\n\t\t<div class=\"elementor-element elementor-element-9ebb0ba e-con-full e-flex e-con e-child\" data-id=\"9ebb0ba\" data-element_type=\"container\" data-e-type=\"container\" data-settings=\"{&quot;background_background&quot;:&quot;classic&quot;}\">\n\t\t<div class=\"elementor-element elementor-element-dbc0b54 e-con-full blur e-flex e-con e-child\" data-id=\"dbc0b54\" data-element_type=\"container\" data-e-type=\"container\" data-settings=\"{&quot;background_background&quot;:&quot;classic&quot;}\">\n\t\t\t\t<div class=\"elementor-element elementor-element-c3fa7ec elementor-widget elementor-widget-heading\" data-id=\"c3fa7ec\" data-element_type=\"widget\" data-e-type=\"widget\" data-widget_type=\"heading.default\">\n\t\t\t\t\t<h5 class=\"elementor-heading-title elementor-size-default\">\u00a1Descubre los Loros, las aves coloridas y parlanchinas!<\/h5>\t\t\t\t<\/div>\n\t\t\t\t<div class=\"elementor-element elementor-element-367060d elementor-widget elementor-widget-heading\" data-id=\"367060d\" data-element_type=\"widget\" data-e-type=\"widget\" data-widget_type=\"heading.default\">\n\t\t\t\t\t<p class=\"elementor-heading-title elementor-size-default\">\u00a1Hola, amiguitos curiosos! Hoy vamos a explorar el emocionante mundo de los loros. \u00bfEst\u00e1s listo para descubrir algunas curiosidades emocionantes sobre estas aves incre\u00edbles?<\/p>\t\t\t\t<\/div>\n\t\t\t\t<div class=\"elementor-element elementor-element-a2e312a elementor-widget elementor-widget-button\" data-id=\"a2e312a\" data-element_type=\"widget\" data-e-type=\"widget\" data-widget_type=\"button.default\">\n\t\t\t\t\t\t\t\t\t\t<a class=\"elementor-button elementor-button-link elementor-size-sm\" href=\"#elementor-action%3Aaction%3Dpopup%3Aopen%26settings%3DeyJpZCI6IjE2NjY3IiwidG9nZ2xlIjpmYWxzZX0%3D\">\n\t\t\t\t\t\t<span class=\"elementor-button-content-wrapper\">\n\t\t\t\t\t\t\t\t\t<span class=\"elementor-button-text\">\u00a1Vamos All\u00e1!<\/span>\n\t\t\t\t\t<\/span>\n\t\t\t\t\t<\/a>\n\t\t\t\t\t\t\t\t<\/div>\n\t\t\t\t<\/div>\n\t\t\t\t<\/div>\n\t\t\t\t<\/div>\n\t\t\t\t\t<\/div>\n\t\t\t\t<\/div>\n\t\t\t\t<\/div>\n\t\t","protected":false},"excerpt":{"rendered":"<p>Ni\u00f1os \u00a1Explora la diversi\u00f3n salvaje, disfrutajuegos de animales de zool\u00f3gico! Nuestra colecci\u00f3n de juegos te llevar\u00e1 a una\u2028emocionante aventura llena de criaturas fascinantes. Pon a prueba tus habilidades y conocimientos mientras te sumerges en el mundo animal de una manera\u2028divertida e interactiva. \u00a1\u00danete a la diversi\u00f3n y descubre cu\u00e1nto sabes sobre los habitantes del zool\u00f3gico! &#8230; <a title=\"Ni\u00f1os\" class=\"read-more\" href=\"https:\/\/www.monkeypark.com\/es\/ninos\/\" aria-label=\"Leer m\u00e1s sobre Ni\u00f1os\">Leer m\u00e1s<\/a><\/p>\n","protected":false},"author":1,"featured_media":0,"parent":0,"menu_order":0,"comment_status":"closed","ping_status":"closed","template":"elementor_header_footer","meta":{"footnotes":""},"class_list":["post-16007","page","type-page","status-publish"],"_links":{"self":[{"href":"https:\/\/www.monkeypark.com\/es\/wp-json\/wp\/v2\/pages\/16007","targetHints":{"allow":["GET"]}}],"collection":[{"href":"https:\/\/www.monkeypark.com\/es\/wp-json\/wp\/v2\/pages"}],"about":[{"href":"https:\/\/www.monkeypark.com\/es\/wp-json\/wp\/v2\/types\/page"}],"author":[{"embeddable":true,"href":"https:\/\/www.monkeypark.com\/es\/wp-json\/wp\/v2\/users\/1"}],"replies":[{"embeddable":true,"href":"https:\/\/www.monkeypark.com\/es\/wp-json\/wp\/v2\/comments?post=16007"}],"version-history":[{"count":58,"href":"https:\/\/www.monkeypark.com\/es\/wp-json\/wp\/v2\/pages\/16007\/revisions"}],"predecessor-version":[{"id":30813,"href":"https:\/\/www.monkeypark.com\/es\/wp-json\/wp\/v2\/pages\/16007\/revisions\/30813"}],"wp:attachment":[{"href":"https:\/\/www.monkeypark.com\/es\/wp-json\/wp\/v2\/media?parent=16007"}],"curies":[{"name":"wp","href":"https:\/\/api.w.org\/{rel}","templated":true}]}}