{"id":15625,"date":"2025-12-19T13:38:17","date_gmt":"2025-12-19T13:38:17","guid":{"rendered":"https:\/\/www.monkeypark.com\/?page_id=15625"},"modified":"2025-12-22T16:44:25","modified_gmt":"2025-12-22T16:44:25","slug":"especies-endemicas","status":"publish","type":"page","link":"https:\/\/www.monkeypark.com\/es\/especies-endemicas\/","title":{"rendered":"Especies End\u00e9micas"},"content":{"rendered":"\t\t<div data-elementor-type=\"wp-page\" data-elementor-id=\"15625\" class=\"elementor elementor-15625\" data-elementor-post-type=\"page\">\n\t\t\t\t<div class=\"elementor-element elementor-element-7fdeaa4 e-con-full e-flex e-con e-parent\" data-id=\"7fdeaa4\" data-element_type=\"container\" data-e-type=\"container\" data-settings=\"{&quot;background_background&quot;:&quot;classic&quot;}\">\n\t\t<div class=\"elementor-element elementor-element-b6a3c64 e-con-full blur e-flex e-con e-child\" data-id=\"b6a3c64\" data-element_type=\"container\" data-e-type=\"container\" data-settings=\"{&quot;background_background&quot;:&quot;classic&quot;}\">\n\t\t\t\t<div class=\"elementor-element elementor-element-4037e4a elementor-widget elementor-widget-heading\" data-id=\"4037e4a\" data-element_type=\"widget\" data-e-type=\"widget\" data-widget_type=\"heading.default\">\n\t\t\t\t\t<h1 class=\"elementor-heading-title elementor-size-default\">Descubriendo la Fauna de Tenerife en Monkey Park<\/h1>\t\t\t\t<\/div>\n\t\t\t\t<div class=\"elementor-element elementor-element-fcad36e elementor-widget__width-initial elementor-hidden-mobile elementor-widget elementor-widget-heading\" data-id=\"fcad36e\" data-element_type=\"widget\" data-e-type=\"widget\" data-widget_type=\"heading.default\">\n\t\t\t\t\t<h2 class=\"elementor-heading-title elementor-size-default\">En Monkey Park, no solo nos dedicamos a acercarte a los animales en un entorno responsable, sino que tambi\u00e9n queremos que descubras la incre\u00edble biodiversidad de Tenerife.<\/h2>\t\t\t\t<\/div>\n\t\t\t\t<\/div>\n\t\t\t\t<\/div>\n\t\t<div class=\"elementor-element elementor-element-2f501d5 e-flex e-con-boxed e-con e-parent\" data-id=\"2f501d5\" data-element_type=\"container\" data-e-type=\"container\">\n\t\t\t\t\t<div class=\"e-con-inner\">\n\t\t\t\t<div class=\"elementor-element elementor-element-50edb4c elementor-widget elementor-widget-heading\" data-id=\"50edb4c\" data-element_type=\"widget\" data-e-type=\"widget\" data-widget_type=\"heading.default\">\n\t\t\t\t\t<h3 class=\"elementor-heading-title elementor-size-default\">La Fauna de Tenerife: Vida \u00danica en una Isla Volc\u00e1nica<\/h3>\t\t\t\t<\/div>\n\t\t\t\t<div class=\"elementor-element elementor-element-b54ea79 elementor-widget-tablet__width-initial elementor-widget elementor-widget-heading\" data-id=\"b54ea79\" data-element_type=\"widget\" data-e-type=\"widget\" data-widget_type=\"heading.default\">\n\t\t\t\t\t<p class=\"elementor-heading-title elementor-size-default\">Tenerife alberga una gran variedad de especies animales que han evolucionado de forma \u00fanica debido a su aislamiento geogr\u00e1fico. Desde aves que surcan los cielos hasta reptiles que se esconden entre las rocas volc\u00e1nicas, la fauna de la isla es un reflejo de su riqueza natural. Entre los m\u00e1s emblem\u00e1ticos encontramos el Lagarto Gigante de Tenerife, el Pinz\u00f3n Azul y la Pardela Cenicienta, cada uno con adaptaciones sorprendentes que les han permitido sobrevivir en este entorno tan particular.<\/p>\t\t\t\t<\/div>\n\t\t\t\t\t<\/div>\n\t\t\t\t<\/div>\n\t\t<div class=\"elementor-element elementor-element-6a1fba5 e-flex e-con-boxed e-con e-parent\" data-id=\"6a1fba5\" data-element_type=\"container\" data-e-type=\"container\" data-settings=\"{&quot;background_background&quot;:&quot;classic&quot;}\">\n\t\t\t\t\t<div class=\"e-con-inner\">\n\t\t<div class=\"elementor-element elementor-element-f886f9a e-con-full e-flex e-con e-child\" data-id=\"f886f9a\" data-element_type=\"container\" data-e-type=\"container\" data-settings=\"{&quot;background_background&quot;:&quot;classic&quot;}\">\n\t\t<div class=\"elementor-element elementor-element-80184d2 e-con-full blur e-flex e-con e-child\" data-id=\"80184d2\" data-element_type=\"container\" data-e-type=\"container\" data-settings=\"{&quot;background_background&quot;:&quot;classic&quot;}\">\n\t\t\t\t<div class=\"elementor-element elementor-element-4037f39 elementor-widget elementor-widget-heading\" data-id=\"4037f39\" data-element_type=\"widget\" data-e-type=\"widget\" data-widget_type=\"heading.default\">\n\t\t\t\t\t<h4 class=\"elementor-heading-title elementor-size-default\">Dato Curioso<\/h4>\t\t\t\t<\/div>\n\t\t\t\t<div class=\"elementor-element elementor-element-3123e81 elementor-widget elementor-widget-heading\" data-id=\"3123e81\" data-element_type=\"widget\" data-e-type=\"widget\" data-widget_type=\"heading.default\">\n\t\t\t\t\t<p class=\"elementor-heading-title elementor-size-default\">\u00bfSab\u00edas que el Lagarto Gigante de Tenerife puede superar los 50 cm de longitud y que estuvo a punto de extinguirse? Gracias a proyectos de conservaci\u00f3n, su poblaci\u00f3n ha comenzado a recuperarse.<\/p>\t\t\t\t<\/div>\n\t\t\t\t<\/div>\n\t\t\t\t<\/div>\n\t\t\t\t\t<\/div>\n\t\t\t\t<\/div>\n\t\t<div class=\"elementor-element elementor-element-d488bac e-flex e-con-boxed e-con e-parent\" data-id=\"d488bac\" data-element_type=\"container\" data-e-type=\"container\">\n\t\t\t\t\t<div class=\"e-con-inner\">\n\t\t\t\t<div class=\"elementor-element elementor-element-cb8930d elementor-widget elementor-widget-heading\" data-id=\"cb8930d\" data-element_type=\"widget\" data-e-type=\"widget\" data-widget_type=\"heading.default\">\n\t\t\t\t\t<h4 class=\"elementor-heading-title elementor-size-default\">Habitantes \u00danicos de Tenerife<\/h4>\t\t\t\t<\/div>\n\t\t<div class=\"elementor-element elementor-element-af5939b e-grid e-con-full e-con e-child\" data-id=\"af5939b\" data-element_type=\"container\" data-e-type=\"container\">\n\t\t<a class=\"elementor-element elementor-element-e97079e e-con-full e-flex e-con e-child\" data-id=\"e97079e\" data-element_type=\"container\" data-e-type=\"container\" data-settings=\"{&quot;background_background&quot;:&quot;classic&quot;}\" href=\"#elementor-action%3Aaction%3Dpopup%3Aopen%26settings%3DeyJpZCI6IjE1NzIwIiwidG9nZ2xlIjpmYWxzZX0%3D\">\n\t\t\t\t<div class=\"elementor-element elementor-element-adbd7c5 elementor-widget elementor-widget-heading\" data-id=\"adbd7c5\" data-element_type=\"widget\" data-e-type=\"widget\" data-widget_type=\"heading.default\">\n\t\t\t\t\t<span class=\"elementor-heading-title elementor-size-default\">Pinz\u00f3n Azul del Teide<\/span>\t\t\t\t<\/div>\n\t\t\t\t<\/a>\n\t\t<a class=\"elementor-element elementor-element-1f84554 e-con-full e-flex e-con e-child\" data-id=\"1f84554\" data-element_type=\"container\" data-e-type=\"container\" data-settings=\"{&quot;background_background&quot;:&quot;classic&quot;}\" href=\"#elementor-action%3Aaction%3Dpopup%3Aopen%26settings%3DeyJpZCI6IjE1NzIyIiwidG9nZ2xlIjpmYWxzZX0%3D\">\n\t\t\t\t<div class=\"elementor-element elementor-element-bbc459b elementor-widget elementor-widget-heading\" data-id=\"bbc459b\" data-element_type=\"widget\" data-e-type=\"widget\" data-widget_type=\"heading.default\">\n\t\t\t\t\t<span class=\"elementor-heading-title elementor-size-default\">Lagarto Moteado<\/span>\t\t\t\t<\/div>\n\t\t\t\t<\/a>\n\t\t<a class=\"elementor-element elementor-element-413427f e-con-full e-flex e-con e-child\" data-id=\"413427f\" data-element_type=\"container\" data-e-type=\"container\" data-settings=\"{&quot;background_background&quot;:&quot;classic&quot;}\" href=\"#elementor-action%3Aaction%3Dpopup%3Aopen%26settings%3DeyJpZCI6IjE1NzAxIiwidG9nZ2xlIjpmYWxzZX0%3D\">\n\t\t\t\t<div class=\"elementor-element elementor-element-46c9146 elementor-widget elementor-widget-heading\" data-id=\"46c9146\" data-element_type=\"widget\" data-e-type=\"widget\" data-widget_type=\"heading.default\">\n\t\t\t\t\t<span class=\"elementor-heading-title elementor-size-default\">Canario<\/span>\t\t\t\t<\/div>\n\t\t\t\t<\/a>\n\t\t<a class=\"elementor-element elementor-element-eb5b73e e-con-full e-flex e-con e-child\" data-id=\"eb5b73e\" data-element_type=\"container\" data-e-type=\"container\" data-settings=\"{&quot;background_background&quot;:&quot;classic&quot;}\" href=\"#elementor-action%3Aaction%3Dpopup%3Aopen%26settings%3DeyJpZCI6IjE1NzI0IiwidG9nZ2xlIjpmYWxzZX0%3D\">\n\t\t\t\t<div class=\"elementor-element elementor-element-e081a6d elementor-widget elementor-widget-heading\" data-id=\"e081a6d\" data-element_type=\"widget\" data-e-type=\"widget\" data-widget_type=\"heading.default\">\n\t\t\t\t\t<span class=\"elementor-heading-title elementor-size-default\">Perenqu\u00e9n Com\u00fan<\/span>\t\t\t\t<\/div>\n\t\t\t\t<\/a>\n\t\t<a class=\"elementor-element elementor-element-154015b e-con-full e-flex e-con e-child\" data-id=\"154015b\" data-element_type=\"container\" data-e-type=\"container\" data-settings=\"{&quot;background_background&quot;:&quot;classic&quot;}\" href=\"#elementor-action%3Aaction%3Dpopup%3Aopen%26settings%3DeyJpZCI6IjE1NzI2IiwidG9nZ2xlIjpmYWxzZX0%3D\">\n\t\t\t\t<div class=\"elementor-element elementor-element-3e755e3 elementor-widget elementor-widget-heading\" data-id=\"3e755e3\" data-element_type=\"widget\" data-e-type=\"widget\" data-widget_type=\"heading.default\">\n\t\t\t\t\t<span class=\"elementor-heading-title elementor-size-default\">Murci\u00e9lago Orejudo Canario<\/span>\t\t\t\t<\/div>\n\t\t\t\t<\/a>\n\t\t\t\t<\/div>\n\t\t\t\t\t<\/div>\n\t\t\t\t<\/div>\n\t\t<div class=\"elementor-element elementor-element-a07b2be e-flex e-con-boxed e-con e-parent\" data-id=\"a07b2be\" data-element_type=\"container\" data-e-type=\"container\" data-settings=\"{&quot;background_background&quot;:&quot;classic&quot;}\">\n\t\t\t\t\t<div class=\"e-con-inner\">\n\t\t<div class=\"elementor-element elementor-element-6db04b7 e-con-full e-flex e-con e-child\" data-id=\"6db04b7\" data-element_type=\"container\" data-e-type=\"container\" data-settings=\"{&quot;background_background&quot;:&quot;classic&quot;}\">\n\t\t<div class=\"elementor-element elementor-element-43b4f91 e-con-full blur e-flex e-con e-child\" data-id=\"43b4f91\" data-element_type=\"container\" data-e-type=\"container\" data-settings=\"{&quot;background_background&quot;:&quot;classic&quot;}\">\n\t\t\t\t<div class=\"elementor-element elementor-element-59a0b8e elementor-widget elementor-widget-heading\" data-id=\"59a0b8e\" data-element_type=\"widget\" data-e-type=\"widget\" data-widget_type=\"heading.default\">\n\t\t\t\t\t<h4 class=\"elementor-heading-title elementor-size-default\">L\u00e9mures en Tenerife<\/h4>\t\t\t\t<\/div>\n\t\t\t\t<div class=\"elementor-element elementor-element-6cd782e elementor-widget elementor-widget-heading\" data-id=\"6cd782e\" data-element_type=\"widget\" data-e-type=\"widget\" data-widget_type=\"heading.default\">\n\t\t\t\t\t<p class=\"elementor-heading-title elementor-size-default\">Aunque los l\u00e9mures no son nativos de Tenerife, en Monkey Park hemos creado un espacio especial donde estos carism\u00e1ticos primates pueden vivir en un ambiente seguro y adaptado a sus necesidades.<\/p>\t\t\t\t<\/div>\n\t\t\t\t<\/div>\n\t\t\t\t<\/div>\n\t\t\t\t\t<\/div>\n\t\t\t\t<\/div>\n\t\t<div class=\"elementor-element elementor-element-d0a15c9 e-flex e-con-boxed e-con e-parent\" data-id=\"d0a15c9\" data-element_type=\"container\" data-e-type=\"container\">\n\t\t\t\t\t<div class=\"e-con-inner\">\n\t\t\t\t<div class=\"elementor-element elementor-element-898cd5e elementor-widget elementor-widget-heading\" data-id=\"898cd5e\" data-element_type=\"widget\" data-e-type=\"widget\" data-widget_type=\"heading.default\">\n\t\t\t\t\t<h5 class=\"elementor-heading-title elementor-size-default\">Protegiendo la Naturaleza de Tenerife:\nConsejos para Turistas y Locales<\/h5>\t\t\t\t<\/div>\n\t\t\t\t<div class=\"elementor-element elementor-element-af76cbe elementor-widget-tablet__width-initial elementor-widget elementor-widget-heading\" data-id=\"af76cbe\" data-element_type=\"widget\" data-e-type=\"widget\" data-widget_type=\"heading.default\">\n\t\t\t\t\t<p class=\"elementor-heading-title elementor-size-default\">Tenerife es un para\u00edso natural con una biodiversidad \u00fanica que debemos proteger. Tanto si eres visitante como residente, cada peque\u00f1a acci\u00f3n cuenta para preservar la fauna y flora de la isla. Respetar los senderos, no alimentar a los animales salvajes y evitar la recolecci\u00f3n de plantas son solo algunas formas de contribuir. Adem\u00e1s, elegir actividades responsables y apoyar iniciativas de conservaci\u00f3n ayuda a garantizar que futuras generaciones puedan seguir disfrutando de este entorno \u00fanico. \u00a1Cuidemos juntos la naturaleza de Tenerife!<\/p>\t\t\t\t<\/div>\n\t\t\t\t\t<\/div>\n\t\t\t\t<\/div>\n\t\t\t\t<\/div>\n\t\t","protected":false},"excerpt":{"rendered":"<p>Descubriendo la Fauna de Tenerife en Monkey Park En Monkey Park, no solo nos dedicamos a acercarte a los animales en un entorno responsable, sino que tambi\u00e9n queremos que descubras la incre\u00edble biodiversidad de Tenerife. La Fauna de Tenerife: Vida \u00danica en una Isla Volc\u00e1nica Tenerife alberga una gran variedad de especies animales que han &#8230; <a title=\"Especies End\u00e9micas\" class=\"read-more\" href=\"https:\/\/www.monkeypark.com\/es\/especies-endemicas\/\" aria-label=\"Leer m\u00e1s sobre Especies End\u00e9micas\">Leer m\u00e1s<\/a><\/p>\n","protected":false},"author":1,"featured_media":0,"parent":0,"menu_order":0,"comment_status":"closed","ping_status":"closed","template":"elementor_header_footer","meta":{"footnotes":""},"class_list":["post-15625","page","type-page","status-publish"],"_links":{"self":[{"href":"https:\/\/www.monkeypark.com\/es\/wp-json\/wp\/v2\/pages\/15625","targetHints":{"allow":["GET"]}}],"collection":[{"href":"https:\/\/www.monkeypark.com\/es\/wp-json\/wp\/v2\/pages"}],"about":[{"href":"https:\/\/www.monkeypark.com\/es\/wp-json\/wp\/v2\/types\/page"}],"author":[{"embeddable":true,"href":"https:\/\/www.monkeypark.com\/es\/wp-json\/wp\/v2\/users\/1"}],"replies":[{"embeddable":true,"href":"https:\/\/www.monkeypark.com\/es\/wp-json\/wp\/v2\/comments?post=15625"}],"version-history":[{"count":61,"href":"https:\/\/www.monkeypark.com\/es\/wp-json\/wp\/v2\/pages\/15625\/revisions"}],"predecessor-version":[{"id":16531,"href":"https:\/\/www.monkeypark.com\/es\/wp-json\/wp\/v2\/pages\/15625\/revisions\/16531"}],"wp:attachment":[{"href":"https:\/\/www.monkeypark.com\/es\/wp-json\/wp\/v2\/media?parent=15625"}],"curies":[{"name":"wp","href":"https:\/\/api.w.org\/{rel}","templated":true}]}}