{"id":14531,"date":"2025-12-13T22:27:16","date_gmt":"2025-12-13T22:27:16","guid":{"rendered":"https:\/\/www.monkeypark.com\/?page_id=14531"},"modified":"2026-04-25T14:12:06","modified_gmt":"2026-04-25T13:12:06","slug":"ticket-general","status":"publish","type":"page","link":"https:\/\/www.monkeypark.com\/es\/ticket-general\/","title":{"rendered":"Ticket General"},"content":{"rendered":"\t\t<div data-elementor-type=\"wp-page\" data-elementor-id=\"14531\" class=\"elementor elementor-14531\" data-elementor-post-type=\"page\">\n\t\t\t\t<div class=\"elementor-element elementor-element-6a1fba5 e-flex e-con-boxed e-con e-parent\" data-id=\"6a1fba5\" data-element_type=\"container\" data-e-type=\"container\">\n\t\t\t\t\t<div class=\"e-con-inner\">\n\t\t\t\t<div class=\"elementor-element elementor-element-a6147c4 elementor-widget elementor-widget-heading\" data-id=\"a6147c4\" data-element_type=\"widget\" data-e-type=\"widget\" data-widget_type=\"heading.default\">\n\t\t\t\t\t<h1 class=\"elementor-heading-title elementor-size-default\">Compre sus tickets generales<\/h1>\t\t\t\t<\/div>\n\t\t\t\t<div class=\"elementor-element elementor-element-d00140b elementor-widget-tablet__width-initial elementor-widget elementor-widget-heading\" data-id=\"d00140b\" data-element_type=\"widget\" data-e-type=\"widget\" data-widget_type=\"heading.default\">\n\t\t\t\t\t<p class=\"elementor-heading-title elementor-size-default\">Si los tickets online est\u00e1n agotados deber\u00e1 comprar en nuestro parque seg\u00fan aforo.<\/p>\t\t\t\t<\/div>\n\t\t<div class=\"elementor-element elementor-element-9c5ee55 e-con-full e-flex e-con e-child\" data-id=\"9c5ee55\" data-element_type=\"container\" data-e-type=\"container\">\n\t\t\t\t<div class=\"elementor-element elementor-element-eventon elementor-widget elementor-widget-EventON\" data-id=\"eventon\" data-element_type=\"widget\" data-e-type=\"widget\" data-widget_type=\"EventON.default\">\n\t\t\t\t<div class=\"elementor-widget-container\">\n\t\t\t\t\t<!-- EventON Calendar --><div id='evcal_calendar_109' class='ajde_evcal_calendar sev cev color esty_2 etttc_custom evofc_nolist evofcsty_ evoFC ajax_loading_cal' data-cal=''><div id='evcal_head' class='calendar_header evcal_nosort' ><div class='evo_cal_above evodfx evofx_dr_r marb5 evofx_ww'><button class='cal_head_btn evo-gototoday-btn' style='' data-mo='4' data-yr='2026' data-dy='' aria-label='Go to today'>Current Month<\/button><\/div><div class='evo_cal_above_content'><\/div><div class='evo_header_title '><div class='evo_header_mo evodfx evofx_ai_c'><div class='evo_loading_bar_holder h100 noMinH swipe' style=''><div class='evo_loading_bar wid_80% hi_40px' style='width:80%; height:40px; '><\/div><\/div><\/div><\/div><\/div><div class='evo_filter_bar evo_main_filter_bar eventon_sorting_section '><div class='evo_filter_container evodfx evo_fx_ai_c'><div class='evo_filter_container_in'><div class='eventon_filter_line' ><div class='evo_loading_bar_holder h100 loading_filters swipe' style='min-height:30px;'><div class='nesthold r g10'><div class='evo_loading_bar wid_100% hi_30px' style='width:100%; height:30px; margin-bottom:1px;'><\/div><div class='evo_loading_bar wid_100% hi_30px' style='width:100%; height:30px; margin-bottom:1px;'><\/div><div class='evo_loading_bar wid_100% hi_30px' style='width:100%; height:30px; margin-bottom:1px;'><\/div><div class='evo_loading_bar wid_100% hi_30px' style='width:100%; height:30px; margin-bottom:1px;'><\/div><div class='evo_loading_bar wid_100% hi_30px' style='width:100%; height:30px; margin-bottom:1px;'><\/div><\/div><\/div><\/div><\/div><div class='evo_filter_nav evo_filter_l'><i class='fa fa-chevron-left'><\/i><\/div><div class='evo_filter_nav evo_filter_r'><i class='fa fa-chevron-right'><\/i><\/div><\/div><div class='evo_filter_aply_btns'><\/div><div class='evo_filter_menu'><\/div><\/div><div id='eventon_loadbar_section'><div id='eventon_loadbar'><\/div><\/div><div class='evofc_content evoposr'>\r\n\t\t\t\t\t<div class='evofc_einfobox evodni'>\r\n\t\t\t\t\t\t<div class='evofc_einfobox_in evopadb5'><\/div>\r\n\t\t\t\t\t<\/div>\r\n\t\t\t\t<\/div><div class='evofc_month_grid evoADDS eventon_fullcal evomarb20 evofc_loading_grid' style='display:block' data-d='{\"heat_c\":\"4ccdea\"}'>\r\n\t\t\t\t\t<div class='evoFC_tip' style='display:none'><\/div>\r\n\t\t\t\t\t<div class='evofc_title_tip' style='display:none'><span class='evofc_ttle_cnt'>3<\/span><ul class='evofc_ttle_events'><li style='border-left-color:#FBAD61'>Event Name<\/li><\/ul><\/div>\r\n\t\t\t\t\t<div class='evofc_months_strip evoposr'><div class='eventon_fc_daynames'><p class='evofc_day_name evo_fc_day' data-d='1'>Lun<\/p><p class='evofc_day_name evo_fc_day' data-d='2'>Mar<\/p><p class='evofc_day_name evo_fc_day' data-d='3'>Mie<\/p><p class='evofc_day_name evo_fc_day' data-d='4'>Jue<\/p><p class='evofc_day_name evo_fc_day' data-d='5'>Vie<\/p><p class='evofc_day_name evo_fc_day' data-d='6'>Sab<\/p><p class='evofc_day_name evo_fc_day' data-d='0'>Dom<\/p><\/div><div class='evofc_grid evoposr'><div class='evofc_month m_0'><div class='eventon_fc_days'><p class='evo_fc_day evo_fc_empty'><\/p><p class='evo_fc_day evo_fc_empty'><\/p><p class='evofc_day evo_fc_day frs d_1' data-d='1'>\r\n\t\t\t    \t<span class='evo_day_in evo_ajax_load_events evofc_pre_loader'>\r\n\t\t\t    \t\t<span class='evo_day_in_num evoboxbb' style='    max-width: 33%;'><\/span>\r\n\t\t\t    \t\t<span class='evo_day_in_num evoboxbb'><\/span>\r\n\t\t\t    \t\t<span class='evo_day_in_num evoboxbb'><\/span>\r\n\t\t\t    \t<\/span>\r\n\t\t\t    <\/p><p class='evofc_day evo_fc_day  d_2' data-d='2'>\r\n\t\t\t    \t<span class='evo_day_in evo_ajax_load_events evofc_pre_loader'>\r\n\t\t\t    \t\t<span class='evo_day_in_num evoboxbb' style='    max-width: 33%;'><\/span>\r\n\t\t\t    \t\t<span class='evo_day_in_num evoboxbb'><\/span>\r\n\t\t\t    \t\t<span class='evo_day_in_num evoboxbb'><\/span>\r\n\t\t\t    \t<\/span>\r\n\t\t\t    <\/p><p class='evofc_day evo_fc_day  d_3' data-d='3'>\r\n\t\t\t    \t<span class='evo_day_in evo_ajax_load_events evofc_pre_loader'>\r\n\t\t\t    \t\t<span class='evo_day_in_num evoboxbb' style='    max-width: 33%;'><\/span>\r\n\t\t\t    \t\t<span class='evo_day_in_num evoboxbb'><\/span>\r\n\t\t\t    \t\t<span class='evo_day_in_num evoboxbb'><\/span>\r\n\t\t\t    \t<\/span>\r\n\t\t\t    <\/p><p class='evofc_day evo_fc_day  d_4' data-d='4'>\r\n\t\t\t    \t<span class='evo_day_in evo_ajax_load_events evofc_pre_loader'>\r\n\t\t\t    \t\t<span class='evo_day_in_num evoboxbb' style='    max-width: 33%;'><\/span>\r\n\t\t\t    \t\t<span class='evo_day_in_num evoboxbb'><\/span>\r\n\t\t\t    \t\t<span class='evo_day_in_num evoboxbb'><\/span>\r\n\t\t\t    \t<\/span>\r\n\t\t\t    <\/p><p class='evofc_day evo_fc_day  d_5' data-d='5'>\r\n\t\t\t    \t<span class='evo_day_in evo_ajax_load_events evofc_pre_loader'>\r\n\t\t\t    \t\t<span class='evo_day_in_num evoboxbb' style='    max-width: 33%;'><\/span>\r\n\t\t\t    \t\t<span class='evo_day_in_num evoboxbb'><\/span>\r\n\t\t\t    \t\t<span class='evo_day_in_num evoboxbb'><\/span>\r\n\t\t\t    \t<\/span>\r\n\t\t\t    <\/p><p class='evofc_day evo_fc_day str tl d_6' data-d='6'>\r\n\t\t\t    \t<span class='evo_day_in evo_ajax_load_events evofc_pre_loader'>\r\n\t\t\t    \t\t<span class='evo_day_in_num evoboxbb' style='    max-width: 33%;'><\/span>\r\n\t\t\t    \t\t<span class='evo_day_in_num evoboxbb'><\/span>\r\n\t\t\t    \t\t<span class='evo_day_in_num evoboxbb'><\/span>\r\n\t\t\t    \t<\/span>\r\n\t\t\t    <\/p><p class='evofc_day evo_fc_day  d_7' data-d='7'>\r\n\t\t\t    \t<span class='evo_day_in evo_ajax_load_events evofc_pre_loader'>\r\n\t\t\t    \t\t<span class='evo_day_in_num evoboxbb' style='    max-width: 33%;'><\/span>\r\n\t\t\t    \t\t<span class='evo_day_in_num evoboxbb'><\/span>\r\n\t\t\t    \t\t<span class='evo_day_in_num evoboxbb'><\/span>\r\n\t\t\t    \t<\/span>\r\n\t\t\t    <\/p><p class='evofc_day evo_fc_day  d_8' data-d='8'>\r\n\t\t\t    \t<span class='evo_day_in evo_ajax_load_events evofc_pre_loader'>\r\n\t\t\t    \t\t<span class='evo_day_in_num evoboxbb' style='    max-width: 33%;'><\/span>\r\n\t\t\t    \t\t<span class='evo_day_in_num evoboxbb'><\/span>\r\n\t\t\t    \t\t<span class='evo_day_in_num evoboxbb'><\/span>\r\n\t\t\t    \t<\/span>\r\n\t\t\t    <\/p><p class='evofc_day evo_fc_day  d_9' data-d='9'>\r\n\t\t\t    \t<span class='evo_day_in evo_ajax_load_events evofc_pre_loader'>\r\n\t\t\t    \t\t<span class='evo_day_in_num evoboxbb' style='    max-width: 33%;'><\/span>\r\n\t\t\t    \t\t<span class='evo_day_in_num evoboxbb'><\/span>\r\n\t\t\t    \t\t<span class='evo_day_in_num evoboxbb'><\/span>\r\n\t\t\t    \t<\/span>\r\n\t\t\t    <\/p><p class='evofc_day evo_fc_day  d_10' data-d='10'>\r\n\t\t\t    \t<span class='evo_day_in evo_ajax_load_events evofc_pre_loader'>\r\n\t\t\t    \t\t<span class='evo_day_in_num evoboxbb' style='    max-width: 33%;'><\/span>\r\n\t\t\t    \t\t<span class='evo_day_in_num evoboxbb'><\/span>\r\n\t\t\t    \t\t<span class='evo_day_in_num evoboxbb'><\/span>\r\n\t\t\t    \t<\/span>\r\n\t\t\t    <\/p><p class='evofc_day evo_fc_day  d_11' data-d='11'>\r\n\t\t\t    \t<span class='evo_day_in evo_ajax_load_events evofc_pre_loader'>\r\n\t\t\t    \t\t<span class='evo_day_in_num evoboxbb' style='    max-width: 33%;'><\/span>\r\n\t\t\t    \t\t<span class='evo_day_in_num evoboxbb'><\/span>\r\n\t\t\t    \t\t<span class='evo_day_in_num evoboxbb'><\/span>\r\n\t\t\t    \t<\/span>\r\n\t\t\t    <\/p><p class='evofc_day evo_fc_day  d_12' data-d='12'>\r\n\t\t\t    \t<span class='evo_day_in evo_ajax_load_events evofc_pre_loader'>\r\n\t\t\t    \t\t<span class='evo_day_in_num evoboxbb' style='    max-width: 33%;'><\/span>\r\n\t\t\t    \t\t<span class='evo_day_in_num evoboxbb'><\/span>\r\n\t\t\t    \t\t<span class='evo_day_in_num evoboxbb'><\/span>\r\n\t\t\t    \t<\/span>\r\n\t\t\t    <\/p><p class='evofc_day evo_fc_day str d_13' data-d='13'>\r\n\t\t\t    \t<span class='evo_day_in evo_ajax_load_events evofc_pre_loader'>\r\n\t\t\t    \t\t<span class='evo_day_in_num evoboxbb' style='    max-width: 33%;'><\/span>\r\n\t\t\t    \t\t<span class='evo_day_in_num evoboxbb'><\/span>\r\n\t\t\t    \t\t<span class='evo_day_in_num evoboxbb'><\/span>\r\n\t\t\t    \t<\/span>\r\n\t\t\t    <\/p><p class='evofc_day evo_fc_day  d_14' data-d='14'>\r\n\t\t\t    \t<span class='evo_day_in evo_ajax_load_events evofc_pre_loader'>\r\n\t\t\t    \t\t<span class='evo_day_in_num evoboxbb' style='    max-width: 33%;'><\/span>\r\n\t\t\t    \t\t<span class='evo_day_in_num evoboxbb'><\/span>\r\n\t\t\t    \t\t<span class='evo_day_in_num evoboxbb'><\/span>\r\n\t\t\t    \t<\/span>\r\n\t\t\t    <\/p><p class='evofc_day evo_fc_day  d_15' data-d='15'>\r\n\t\t\t    \t<span class='evo_day_in evo_ajax_load_events evofc_pre_loader'>\r\n\t\t\t    \t\t<span class='evo_day_in_num evoboxbb' style='    max-width: 33%;'><\/span>\r\n\t\t\t    \t\t<span class='evo_day_in_num evoboxbb'><\/span>\r\n\t\t\t    \t\t<span class='evo_day_in_num evoboxbb'><\/span>\r\n\t\t\t    \t<\/span>\r\n\t\t\t    <\/p><p class='evofc_day evo_fc_day  d_16' data-d='16'>\r\n\t\t\t    \t<span class='evo_day_in evo_ajax_load_events evofc_pre_loader'>\r\n\t\t\t    \t\t<span class='evo_day_in_num evoboxbb' style='    max-width: 33%;'><\/span>\r\n\t\t\t    \t\t<span class='evo_day_in_num evoboxbb'><\/span>\r\n\t\t\t    \t\t<span class='evo_day_in_num evoboxbb'><\/span>\r\n\t\t\t    \t<\/span>\r\n\t\t\t    <\/p><p class='evofc_day evo_fc_day  d_17' data-d='17'>\r\n\t\t\t    \t<span class='evo_day_in evo_ajax_load_events evofc_pre_loader'>\r\n\t\t\t    \t\t<span class='evo_day_in_num evoboxbb' style='    max-width: 33%;'><\/span>\r\n\t\t\t    \t\t<span class='evo_day_in_num evoboxbb'><\/span>\r\n\t\t\t    \t\t<span class='evo_day_in_num evoboxbb'><\/span>\r\n\t\t\t    \t<\/span>\r\n\t\t\t    <\/p><p class='evofc_day evo_fc_day  d_18' data-d='18'>\r\n\t\t\t    \t<span class='evo_day_in evo_ajax_load_events evofc_pre_loader'>\r\n\t\t\t    \t\t<span class='evo_day_in_num evoboxbb' style='    max-width: 33%;'><\/span>\r\n\t\t\t    \t\t<span class='evo_day_in_num evoboxbb'><\/span>\r\n\t\t\t    \t\t<span class='evo_day_in_num evoboxbb'><\/span>\r\n\t\t\t    \t<\/span>\r\n\t\t\t    <\/p><p class='evofc_day evo_fc_day  d_19' data-d='19'>\r\n\t\t\t    \t<span class='evo_day_in evo_ajax_load_events evofc_pre_loader'>\r\n\t\t\t    \t\t<span class='evo_day_in_num evoboxbb' style='    max-width: 33%;'><\/span>\r\n\t\t\t    \t\t<span class='evo_day_in_num evoboxbb'><\/span>\r\n\t\t\t    \t\t<span class='evo_day_in_num evoboxbb'><\/span>\r\n\t\t\t    \t<\/span>\r\n\t\t\t    <\/p><p class='evofc_day evo_fc_day str d_20' data-d='20'>\r\n\t\t\t    \t<span class='evo_day_in evo_ajax_load_events evofc_pre_loader'>\r\n\t\t\t    \t\t<span class='evo_day_in_num evoboxbb' style='    max-width: 33%;'><\/span>\r\n\t\t\t    \t\t<span class='evo_day_in_num evoboxbb'><\/span>\r\n\t\t\t    \t\t<span class='evo_day_in_num evoboxbb'><\/span>\r\n\t\t\t    \t<\/span>\r\n\t\t\t    <\/p><p class='evofc_day evo_fc_day  d_21' data-d='21'>\r\n\t\t\t    \t<span class='evo_day_in evo_ajax_load_events evofc_pre_loader'>\r\n\t\t\t    \t\t<span class='evo_day_in_num evoboxbb' style='    max-width: 33%;'><\/span>\r\n\t\t\t    \t\t<span class='evo_day_in_num evoboxbb'><\/span>\r\n\t\t\t    \t\t<span class='evo_day_in_num evoboxbb'><\/span>\r\n\t\t\t    \t<\/span>\r\n\t\t\t    <\/p><p class='evofc_day evo_fc_day  d_22' data-d='22'>\r\n\t\t\t    \t<span class='evo_day_in evo_ajax_load_events evofc_pre_loader'>\r\n\t\t\t    \t\t<span class='evo_day_in_num evoboxbb' style='    max-width: 33%;'><\/span>\r\n\t\t\t    \t\t<span class='evo_day_in_num evoboxbb'><\/span>\r\n\t\t\t    \t\t<span class='evo_day_in_num evoboxbb'><\/span>\r\n\t\t\t    \t<\/span>\r\n\t\t\t    <\/p><p class='evofc_day evo_fc_day  d_23' data-d='23'>\r\n\t\t\t    \t<span class='evo_day_in evo_ajax_load_events evofc_pre_loader'>\r\n\t\t\t    \t\t<span class='evo_day_in_num evoboxbb' style='    max-width: 33%;'><\/span>\r\n\t\t\t    \t\t<span class='evo_day_in_num evoboxbb'><\/span>\r\n\t\t\t    \t\t<span class='evo_day_in_num evoboxbb'><\/span>\r\n\t\t\t    \t<\/span>\r\n\t\t\t    <\/p><p class='evofc_day evo_fc_day bb d_24' data-d='24'>\r\n\t\t\t    \t<span class='evo_day_in evo_ajax_load_events evofc_pre_loader'>\r\n\t\t\t    \t\t<span class='evo_day_in_num evoboxbb' style='    max-width: 33%;'><\/span>\r\n\t\t\t    \t\t<span class='evo_day_in_num evoboxbb'><\/span>\r\n\t\t\t    \t\t<span class='evo_day_in_num evoboxbb'><\/span>\r\n\t\t\t    \t<\/span>\r\n\t\t\t    <\/p><p class='evofc_day evo_fc_day bb d_25' data-d='25'>\r\n\t\t\t    \t<span class='evo_day_in evo_ajax_load_events evofc_pre_loader'>\r\n\t\t\t    \t\t<span class='evo_day_in_num evoboxbb' style='    max-width: 33%;'><\/span>\r\n\t\t\t    \t\t<span class='evo_day_in_num evoboxbb'><\/span>\r\n\t\t\t    \t\t<span class='evo_day_in_num evoboxbb'><\/span>\r\n\t\t\t    \t<\/span>\r\n\t\t\t    <\/p><p class='evofc_day evo_fc_day rb bb d_26' data-d='26'>\r\n\t\t\t    \t<span class='evo_day_in evo_ajax_load_events evofc_pre_loader'>\r\n\t\t\t    \t\t<span class='evo_day_in_num evoboxbb' style='    max-width: 33%;'><\/span>\r\n\t\t\t    \t\t<span class='evo_day_in_num evoboxbb'><\/span>\r\n\t\t\t    \t\t<span class='evo_day_in_num evoboxbb'><\/span>\r\n\t\t\t    \t<\/span>\r\n\t\t\t    <\/p><p class='evofc_day evo_fc_day lb str bb d_27' data-d='27'>\r\n\t\t\t    \t<span class='evo_day_in evo_ajax_load_events evofc_pre_loader'>\r\n\t\t\t    \t\t<span class='evo_day_in_num evoboxbb' style='    max-width: 33%;'><\/span>\r\n\t\t\t    \t\t<span class='evo_day_in_num evoboxbb'><\/span>\r\n\t\t\t    \t\t<span class='evo_day_in_num evoboxbb'><\/span>\r\n\t\t\t    \t<\/span>\r\n\t\t\t    <\/p><p class='evofc_day evo_fc_day bb d_28' data-d='28'>\r\n\t\t\t    \t<span class='evo_day_in evo_ajax_load_events evofc_pre_loader'>\r\n\t\t\t    \t\t<span class='evo_day_in_num evoboxbb' style='    max-width: 33%;'><\/span>\r\n\t\t\t    \t\t<span class='evo_day_in_num evoboxbb'><\/span>\r\n\t\t\t    \t\t<span class='evo_day_in_num evoboxbb'><\/span>\r\n\t\t\t    \t<\/span>\r\n\t\t\t    <\/p><p class='evofc_day evo_fc_day bb d_29' data-d='29'>\r\n\t\t\t    \t<span class='evo_day_in evo_ajax_load_events evofc_pre_loader'>\r\n\t\t\t    \t\t<span class='evo_day_in_num evoboxbb' style='    max-width: 33%;'><\/span>\r\n\t\t\t    \t\t<span class='evo_day_in_num evoboxbb'><\/span>\r\n\t\t\t    \t\t<span class='evo_day_in_num evoboxbb'><\/span>\r\n\t\t\t    \t<\/span>\r\n\t\t\t    <\/p><p class='evofc_day evo_fc_day bb d_30' data-d='30'>\r\n\t\t\t    \t<span class='evo_day_in evo_ajax_load_events evofc_pre_loader'>\r\n\t\t\t    \t\t<span class='evo_day_in_num evoboxbb' style='    max-width: 33%;'><\/span>\r\n\t\t\t    \t\t<span class='evo_day_in_num evoboxbb'><\/span>\r\n\t\t\t    \t\t<span class='evo_day_in_num evoboxbb'><\/span>\r\n\t\t\t    \t<\/span>\r\n\t\t\t    <\/p><\/div><\/div><\/div><\/div>\r\n\t\t\t<div class='clear'><\/div>\r\n\t\t\t<\/div>\t\t\t\r\n\t\t\t<!-- Events List --><div class='evo_events_list_box'><div id='evcal_list' class='eventon_events_list '><div class='evo_loading_bar_holder h100 loading_e swipe' style=''><div class='nest nest1 e'><div class='nesthold r g10'><div class='nest nest2 e1'><div class='evo_loading_bar wid_100px hi_95px' style='width:100px; height:95px; '><\/div><\/div><div class='nest nest2 e2'><div class='evo_loading_bar wid_50% hi_55px' style='width:50%; height:55px; '><\/div><div class='evo_loading_bar wid_90% hi_30px' style='width:90%; height:30px; '><\/div><\/div><\/div><\/div><div class='nest nest1 e'><div class='nesthold r g10'><div class='nest nest2 e1'><div class='evo_loading_bar wid_100px hi_95px' style='width:100px; height:95px; '><\/div><\/div><div class='nest nest2 e2'><div class='evo_loading_bar wid_50% hi_55px' style='width:50%; height:55px; '><\/div><div class='evo_loading_bar wid_90% hi_30px' style='width:90%; height:30px; '><\/div><\/div><\/div><\/div><div class='nest nest1 e'><div class='nesthold r g10'><div class='nest nest2 e1'><div class='evo_loading_bar wid_100px hi_95px' style='width:100px; height:95px; '><\/div><\/div><div class='nest nest2 e2'><div class='evo_loading_bar wid_50% hi_55px' style='width:50%; height:55px; '><\/div><div class='evo_loading_bar wid_90% hi_30px' style='width:90%; height:30px; '><\/div><\/div><\/div><\/div><\/div>\t\t\t<\/div>\r\n\t\t\t<\/div><!-- evo_events_list_box -->\t\r\n\t\t\t<div class='clear'><\/div>\r\n\t\t\t\t\t \t<div id='evcal_footer' class='evo_bottom' style='display:none'>\r\n\t\t \t\t<div class='evo_cal_data' data-sc=\"{&quot;accord&quot;:&quot;no&quot;,&quot;bottom_nav&quot;:&quot;no&quot;,&quot;cal_id&quot;:&quot;&quot;,&quot;cal_init_nonajax&quot;:&quot;no&quot;,&quot;calendar_type&quot;:&quot;fullcal&quot;,&quot;currentuser&quot;:&quot;no&quot;,&quot;day_incre&quot;:0,&quot;ehover&quot;:&quot;def&quot;,&quot;ep_fields&quot;:&quot;&quot;,&quot;etc_override&quot;:&quot;no&quot;,&quot;evc_open&quot;:&quot;yes&quot;,&quot;event_count&quot;:0,&quot;event_location&quot;:&quot;all&quot;,&quot;event_order&quot;:&quot;ASC&quot;,&quot;event_organizer&quot;:&quot;all&quot;,&quot;event_parts&quot;:&quot;no&quot;,&quot;event_past_future&quot;:&quot;future&quot;,&quot;event_status&quot;:&quot;all&quot;,&quot;event_tag&quot;:&quot;all&quot;,&quot;event_type&quot;:&quot;all&quot;,&quot;event_type_2&quot;:&quot;all&quot;,&quot;event_users&quot;:&quot;all&quot;,&quot;event_virtual&quot;:&quot;all&quot;,&quot;eventtop_date_style&quot;:0,&quot;eventtop_style&quot;:&quot;2&quot;,&quot;exp_jumper&quot;:&quot;no&quot;,&quot;exp_so&quot;:&quot;no&quot;,&quot;filter_relationship&quot;:&quot;AND&quot;,&quot;filter_show_set_only&quot;:&quot;no&quot;,&quot;filter_style&quot;:&quot;default&quot;,&quot;filter_type&quot;:&quot;default&quot;,&quot;filters&quot;:&quot;yes&quot;,&quot;fixed_day&quot;:&quot;26&quot;,&quot;fixed_month&quot;:&quot;4&quot;,&quot;fixed_year&quot;:&quot;2026&quot;,&quot;focus_end_date_range&quot;:&quot;1777589999&quot;,&quot;focus_start_date_range&quot;:&quot;1774998000&quot;,&quot;ft_event_priority&quot;:&quot;no&quot;,&quot;grid_ux&quot;:&quot;2&quot;,&quot;heat&quot;:&quot;no&quot;,&quot;hide_arrows&quot;:&quot;no&quot;,&quot;hide_cancels&quot;:&quot;no&quot;,&quot;hide_empty_months&quot;:&quot;no&quot;,&quot;hide_end_time&quot;:&quot;no&quot;,&quot;hide_et_dn&quot;:&quot;no&quot;,&quot;hide_et_extra&quot;:&quot;no&quot;,&quot;hide_et_tags&quot;:&quot;no&quot;,&quot;hide_et_tl&quot;:&quot;no&quot;,&quot;hide_ft&quot;:&quot;no&quot;,&quot;hide_ft_img&quot;:&quot;no&quot;,&quot;hide_month_headers&quot;:&quot;no&quot;,&quot;hide_mult_occur&quot;:&quot;no&quot;,&quot;hide_past&quot;:&quot;yes&quot;,&quot;hide_past_by&quot;:&quot;ee&quot;,&quot;hide_so&quot;:&quot;no&quot;,&quot;hide_sort_options&quot;:&quot;no&quot;,&quot;hover&quot;:&quot;number&quot;,&quot;ics&quot;:&quot;no&quot;,&quot;jumper&quot;:&quot;no&quot;,&quot;jumper_count&quot;:5,&quot;jumper_offset&quot;:&quot;0&quot;,&quot;lang&quot;:&quot;L1&quot;,&quot;layout_changer&quot;:&quot;no&quot;,&quot;livenow_bar&quot;:&quot;yes&quot;,&quot;load_fullmonth&quot;:&quot;no&quot;,&quot;mapformat&quot;:&quot;roadmap&quot;,&quot;mapiconurl&quot;:&quot;&quot;,&quot;maps_load&quot;:&quot;yes&quot;,&quot;mapscroll&quot;:&quot;true&quot;,&quot;mapzoom&quot;:&quot;18&quot;,&quot;members_only&quot;:&quot;no&quot;,&quot;ml_priority&quot;:&quot;no&quot;,&quot;ml_toend&quot;:&quot;no&quot;,&quot;mo1st&quot;:&quot;&quot;,&quot;month_incre&quot;:0,&quot;nexttogrid&quot;:&quot;no&quot;,&quot;number_of_months&quot;:&quot;1&quot;,&quot;only_ft&quot;:&quot;no&quot;,&quot;pec&quot;:&quot;&quot;,&quot;s&quot;:&quot;&quot;,&quot;search&quot;:&quot;&quot;,&quot;search_all&quot;:&quot;no&quot;,&quot;sep_month&quot;:&quot;no&quot;,&quot;show_et_ft_img&quot;:&quot;no&quot;,&quot;show_limit&quot;:&quot;no&quot;,&quot;show_limit_ajax&quot;:&quot;no&quot;,&quot;show_limit_paged&quot;:1,&quot;show_limit_redir&quot;:&quot;&quot;,&quot;show_repeats&quot;:&quot;no&quot;,&quot;show_search&quot;:&quot;no&quot;,&quot;show_upcoming&quot;:0,&quot;show_year&quot;:&quot;no&quot;,&quot;social_share&quot;:&quot;no&quot;,&quot;sort_by&quot;:&quot;sort_date&quot;,&quot;style&quot;:&quot;&quot;,&quot;tile_bg&quot;:0,&quot;tile_bg_size&quot;:&quot;full&quot;,&quot;tile_count&quot;:2,&quot;tile_height&quot;:0,&quot;tile_style&quot;:0,&quot;tiles&quot;:&quot;no&quot;,&quot;users&quot;:&quot;all&quot;,&quot;ux_val&quot;:&quot;0&quot;,&quot;view_switcher&quot;:&quot;no&quot;,&quot;wpml_l1&quot;:&quot;&quot;,&quot;wpml_l2&quot;:&quot;&quot;,&quot;wpml_l3&quot;:&quot;&quot;,&quot;x_ids&quot;:&quot;&quot;,&quot;yl_priority&quot;:&quot;no&quot;,&quot;yl_toend&quot;:&quot;no&quot;,&quot;_cver&quot;:&quot;5.0.6&quot;}\" data-filter_data=\"[]\" data-nav_data=\"{&quot;month_title&quot;:&quot;&lt;p id=&#039;evcal_cur&#039; class=&#039;evo_month_title padr10&#039;&gt; abril, 2026&lt;\\\/p&gt;&quot;,&quot;arrows&quot;:&quot;&lt;p class=&#039;evo_arrows&#039;&gt;\\r\\n\\t\\t\\t\\t\\t&lt;button id=&#039;evcal_prev&#039; class=&#039;evcal_arrows evcal_btn_prev evodfx evofx_jc_c evofx_ai_c&#039; aria-label=&#039;Previous Month&#039;&gt;&lt;i class=&#039;fa fa-chevron-left&#039; aria-hidden=&#039;true&#039;&gt;&lt;\\\/i&gt;&lt;\\\/button&gt;\\r\\n\\t\\t\\t\\t\\t&lt;button id=&#039;evcal_next&#039; class=&#039;evcal_arrows evo_arrow_next evcal_btn_next evodfx evofx_jc_c evofx_ai_c&#039; aria-label=&#039;Next Month&#039;&gt;&lt;i class=&#039;fa fa-chevron-right&#039; aria-hidden=&#039;true&#039;&gt;&lt;\\\/i&gt;&lt;\\\/button&gt;\\r\\n\\t\\t\\t\\t\\t&lt;\\\/p&gt;&quot;}\" data-od=\"{&quot;lang_no_events&quot;:&quot;No Events&quot;,&quot;cal_tz_offset&quot;:60,&quot;cal_tz&quot;:&quot;Europe\\\/Lisbon&quot;}\" ><\/div>\r\n\t\t \t\t<div class='evo_cal_events' data-events=\"\"><\/div>\r\n\t\t \t<\/div>\r\n\t\t\t\t\r\n\t\t\t\r\n\t\t\t\t\t\t<\/div><!-- EventON End -->\r\n\t\t\t\n\t\t\t\t<\/div>\n\t\t\t\t<\/div>\n\t\t\t\t<\/div>\n\t\t\t\t\t<\/div>\n\t\t\t\t<\/div>\n\t\t\t\t<\/div>\n\t\t","protected":false},"excerpt":{"rendered":"<p>Compre sus tickets generales Si los tickets online est\u00e1n agotados deber\u00e1 comprar en nuestro parque seg\u00fan aforo.<\/p>\n","protected":false},"author":1,"featured_media":0,"parent":0,"menu_order":0,"comment_status":"closed","ping_status":"closed","template":"elementor_header_footer","meta":{"footnotes":""},"class_list":["post-14531","page","type-page","status-publish"],"_links":{"self":[{"href":"https:\/\/www.monkeypark.com\/es\/wp-json\/wp\/v2\/pages\/14531","targetHints":{"allow":["GET"]}}],"collection":[{"href":"https:\/\/www.monkeypark.com\/es\/wp-json\/wp\/v2\/pages"}],"about":[{"href":"https:\/\/www.monkeypark.com\/es\/wp-json\/wp\/v2\/types\/page"}],"author":[{"embeddable":true,"href":"https:\/\/www.monkeypark.com\/es\/wp-json\/wp\/v2\/users\/1"}],"replies":[{"embeddable":true,"href":"https:\/\/www.monkeypark.com\/es\/wp-json\/wp\/v2\/comments?post=14531"}],"version-history":[{"count":16,"href":"https:\/\/www.monkeypark.com\/es\/wp-json\/wp\/v2\/pages\/14531\/revisions"}],"predecessor-version":[{"id":52680,"href":"https:\/\/www.monkeypark.com\/es\/wp-json\/wp\/v2\/pages\/14531\/revisions\/52680"}],"wp:attachment":[{"href":"https:\/\/www.monkeypark.com\/es\/wp-json\/wp\/v2\/media?parent=14531"}],"curies":[{"name":"wp","href":"https:\/\/api.w.org\/{rel}","templated":true}]}}