{"id":677,"date":"2025-08-16T07:25:54","date_gmt":"2025-08-16T07:25:54","guid":{"rendered":"https:\/\/monkeypark.com\/?page_id=677"},"modified":"2026-02-09T14:00:33","modified_gmt":"2026-02-09T14:00:33","slug":"sobre-nosotros","status":"publish","type":"page","link":"https:\/\/www.monkeypark.com\/de\/sobre-nosotros\/","title":{"rendered":"\u00dcber uns"},"content":{"rendered":"<div data-elementor-type=\"wp-page\" data-elementor-id=\"677\" class=\"elementor elementor-677\" data-elementor-post-type=\"page\">\n\t\t\t\t<div class=\"elementor-element elementor-element-7fdeaa4 e-con-full e-flex e-con e-parent\" data-id=\"7fdeaa4\" data-element_type=\"container\" data-e-type=\"container\" data-settings=\"{&quot;background_background&quot;:&quot;classic&quot;}\">\n\t\t<div class=\"elementor-element elementor-element-b6a3c64 e-con-full blur e-flex e-con e-child\" data-id=\"b6a3c64\" data-element_type=\"container\" data-e-type=\"container\" data-settings=\"{&quot;background_background&quot;:&quot;classic&quot;}\">\n\t\t\t\t<div class=\"elementor-element elementor-element-4037e4a elementor-widget elementor-widget-heading\" data-id=\"4037e4a\" data-element_type=\"widget\" data-e-type=\"widget\" data-widget_type=\"heading.default\">\n\t\t\t\t\t<h1 class=\"elementor-heading-title elementor-size-default\">Affenpark<\/h1>\t\t\t\t<\/div>\n\t\t\t\t<div class=\"elementor-element elementor-element-fcad36e elementor-widget__width-initial elementor-hidden-mobile elementor-widget elementor-widget-heading\" data-id=\"fcad36e\" data-element_type=\"widget\" data-e-type=\"widget\" data-widget_type=\"heading.default\">\n\t\t\t\t\t<h2 class=\"elementor-heading-title elementor-size-default\">Der 1991 gegr\u00fcndete Affenpark befindet sich im S\u00fcden der Insel Teneriffa, in der N\u00e4he von Los Cristianos. Unser Park ist ein Zentrum, das sich der Erhaltung, Vermehrung und Pflege bedrohter Arten widmet und geretteten Tieren ein Zuhause bietet.<\/h2>\t\t\t\t<\/div>\n\t\t\t\t<div class=\"elementor-element elementor-element-069bab1 elementor-widget__width-initial elementor-hidden-desktop elementor-hidden-tablet elementor-widget elementor-widget-heading\" data-id=\"069bab1\" data-element_type=\"widget\" data-e-type=\"widget\" data-widget_type=\"heading.default\">\n\t\t\t\t\t<h2 class=\"elementor-heading-title elementor-size-default\">Der 1991 gegr\u00fcndete Monkey Park befindet sich im S\u00fcden der Insel Teneriffa, in der N\u00e4he von Los Cristianos.<\/h2>\t\t\t\t<\/div>\n\t\t\t\t<\/div>\n\t\t\t\t<\/div>\n\t\t<div class=\"elementor-element elementor-element-6a1fba5 e-flex e-con-boxed e-con e-parent\" data-id=\"6a1fba5\" data-element_type=\"container\" data-e-type=\"container\">\n\t\t\t\t\t<div class=\"e-con-inner\">\n\t\t<div class=\"elementor-element elementor-element-c839a62 e-grid e-con-full e-con e-child\" data-id=\"c839a62\" data-element_type=\"container\" data-e-type=\"container\">\n\t\t<a class=\"elementor-element elementor-element-3014c46 e-con-full e-flex e-con e-child\" data-id=\"3014c46\" data-element_type=\"container\" data-e-type=\"container\" data-settings=\"{&quot;background_background&quot;:&quot;classic&quot;}\" href=\"#elementor-action%3Aaction%3Dpopup%3Aopen%26settings%3DeyJpZCI6IjEwODAiLCJ0b2dnbGUiOmZhbHNlfQ%3D%3D\">\n\t\t\t\t<div class=\"elementor-element elementor-element-1284ed4 elementor-widget elementor-widget-heading\" data-id=\"1284ed4\" data-element_type=\"widget\" data-e-type=\"widget\" data-widget_type=\"heading.default\">\n\t\t\t\t\t<h3 class=\"elementor-heading-title elementor-size-default\">Geschichte<\/h3>\t\t\t\t<\/div>\n\t\t\t\t<\/a>\n\t\t<a class=\"elementor-element elementor-element-32374bf e-con-full e-flex e-con e-child\" data-id=\"32374bf\" data-element_type=\"container\" data-e-type=\"container\" data-settings=\"{&quot;background_background&quot;:&quot;classic&quot;}\" href=\"#elementor-action%3Aaction%3Dpopup%3Aopen%26settings%3DeyJpZCI6IjEwODIiLCJ0b2dnbGUiOmZhbHNlfQ%3D%3D\">\n\t\t\t\t<div class=\"elementor-element elementor-element-9b7434a elementor-widget elementor-widget-heading\" data-id=\"9b7434a\" data-element_type=\"widget\" data-e-type=\"widget\" data-widget_type=\"heading.default\">\n\t\t\t\t\t<h3 class=\"elementor-heading-title elementor-size-default\">Werte<\/h3>\t\t\t\t<\/div>\n\t\t\t\t<\/a>\n\t\t<a class=\"elementor-element elementor-element-7efdd48 e-con-full e-flex e-con e-child\" data-id=\"7efdd48\" data-element_type=\"container\" data-e-type=\"container\" data-settings=\"{&quot;background_background&quot;:&quot;classic&quot;}\" href=\"#elementor-action%3Aaction%3Dpopup%3Aopen%26settings%3DeyJpZCI6IjcwNSIsInRvZ2dsZSI6ZmFsc2V9\">\n\t\t\t\t<div class=\"elementor-element elementor-element-dd4ac25 elementor-widget elementor-widget-heading\" data-id=\"dd4ac25\" data-element_type=\"widget\" data-e-type=\"widget\" data-widget_type=\"heading.default\">\n\t\t\t\t\t<h3 class=\"elementor-heading-title elementor-size-default\">Lebensr\u00e4ume<\/h3>\t\t\t\t<\/div>\n\t\t\t\t<\/a>\n\t\t<a class=\"elementor-element elementor-element-845ba52 e-con-full e-flex e-con e-child\" data-id=\"845ba52\" data-element_type=\"container\" data-e-type=\"container\" data-settings=\"{&quot;background_background&quot;:&quot;classic&quot;}\" href=\"#elementor-action%3Aaction%3Dpopup%3Aopen%26settings%3DeyJpZCI6IjEwODQiLCJ0b2dnbGUiOmZhbHNlfQ%3D%3D\">\n\t\t\t\t<div class=\"elementor-element elementor-element-0fbbb4c elementor-widget elementor-widget-heading\" data-id=\"0fbbb4c\" data-element_type=\"widget\" data-e-type=\"widget\" data-widget_type=\"heading.default\">\n\t\t\t\t\t<h3 class=\"elementor-heading-title elementor-size-default\">Wirtschaft<\/h3>\t\t\t\t<\/div>\n\t\t\t\t<\/a>\n\t\t<a class=\"elementor-element elementor-element-c98def0 e-con-full e-flex e-con e-child\" data-id=\"c98def0\" data-element_type=\"container\" data-e-type=\"container\" data-settings=\"{&quot;background_background&quot;:&quot;classic&quot;}\" href=\"#elementor-action%3Aaction%3Dpopup%3Aopen%26settings%3DeyJpZCI6IjEwODYiLCJ0b2dnbGUiOmZhbHNlfQ%3D%3D\">\n\t\t\t\t<div class=\"elementor-element elementor-element-0d45328 elementor-widget elementor-widget-heading\" data-id=\"0d45328\" data-element_type=\"widget\" data-e-type=\"widget\" data-widget_type=\"heading.default\">\n\t\t\t\t\t<h3 class=\"elementor-heading-title elementor-size-default\">Pflege<\/h3>\t\t\t\t<\/div>\n\t\t\t\t<\/a>\n\t\t\t\t<\/div>\n\t\t\t\t\t<\/div>\n\t\t\t\t<\/div>\n\t\t\t\t<\/div>","protected":false},"excerpt":{"rendered":"<p>Monkey Park Der 1991 gegr\u00fcndete Monkey Park befindet sich im S\u00fcden der Insel Teneriffa, in der N\u00e4he von Los Cristianos. Unser Park ist ein Zentrum, das sich der Erhaltung, Zucht und Pflege bedrohter Tierarten widmet und ein Zuhause f\u00fcr gerettete Tiere bietet. Der 1991 gegr\u00fcndete Affenpark befindet sich im S\u00fcden der Insel ... <a title=\"\u00dcber uns\" class=\"read-more\" href=\"https:\/\/www.monkeypark.com\/de\/sobre-nosotros\/\" aria-label=\"Mehr Informationen \u00fcber uns\">Weiterlesen<\/a><\/p>","protected":false},"author":1,"featured_media":0,"parent":0,"menu_order":0,"comment_status":"closed","ping_status":"closed","template":"elementor_header_footer","meta":{"footnotes":""},"class_list":["post-677","page","type-page","status-publish"],"_links":{"self":[{"href":"https:\/\/www.monkeypark.com\/de\/wp-json\/wp\/v2\/pages\/677","targetHints":{"allow":["GET"]}}],"collection":[{"href":"https:\/\/www.monkeypark.com\/de\/wp-json\/wp\/v2\/pages"}],"about":[{"href":"https:\/\/www.monkeypark.com\/de\/wp-json\/wp\/v2\/types\/page"}],"author":[{"embeddable":true,"href":"https:\/\/www.monkeypark.com\/de\/wp-json\/wp\/v2\/users\/1"}],"replies":[{"embeddable":true,"href":"https:\/\/www.monkeypark.com\/de\/wp-json\/wp\/v2\/comments?post=677"}],"version-history":[{"count":49,"href":"https:\/\/www.monkeypark.com\/de\/wp-json\/wp\/v2\/pages\/677\/revisions"}],"predecessor-version":[{"id":27539,"href":"https:\/\/www.monkeypark.com\/de\/wp-json\/wp\/v2\/pages\/677\/revisions\/27539"}],"wp:attachment":[{"href":"https:\/\/www.monkeypark.com\/de\/wp-json\/wp\/v2\/media?parent=677"}],"curies":[{"name":"wp","href":"https:\/\/api.w.org\/{rel}","templated":true}]}}