{"id":3744,"date":"2025-11-22T05:30:13","date_gmt":"2025-11-22T05:30:13","guid":{"rendered":"https:\/\/monkeypark.com\/?page_id=3744"},"modified":"2025-11-22T05:39:19","modified_gmt":"2025-11-22T05:39:19","slug":"politica-de-privacidad","status":"publish","type":"page","link":"https:\/\/www.monkeypark.com\/de\/politica-de-privacidad\/","title":{"rendered":"Datenschutzbestimmungen"},"content":{"rendered":"<div data-elementor-type=\"wp-page\" data-elementor-id=\"3744\" class=\"elementor elementor-3744\" data-elementor-post-type=\"page\">\n\t\t\t\t<div class=\"elementor-element elementor-element-01db45f e-flex e-con-boxed e-con e-parent\" data-id=\"01db45f\" data-element_type=\"container\" data-e-type=\"container\">\n\t\t\t\t\t<div class=\"e-con-inner\">\n\t\t\t\t<div class=\"elementor-element elementor-element-5c97c2b elementor-widget__width-initial elementor-widget elementor-widget-heading\" data-id=\"5c97c2b\" data-element_type=\"widget\" data-e-type=\"widget\" data-widget_type=\"heading.default\">\n\t\t\t\t\t<h1 class=\"elementor-heading-title elementor-size-default\">Datenschutzbestimmungen<\/h1>\t\t\t\t<\/div>\n\t\t\t\t\t<\/div>\n\t\t\t\t<\/div>\n\t\t<div class=\"elementor-element elementor-element-c4fe311 e-flex e-con-boxed e-con e-parent\" data-id=\"c4fe311\" data-element_type=\"container\" data-e-type=\"container\">\n\t\t\t\t\t<div class=\"e-con-inner\">\n\t\t<div class=\"elementor-element elementor-element-53b8418 e-con-full e-flex e-con e-child\" data-id=\"53b8418\" data-element_type=\"container\" data-e-type=\"container\" data-settings=\"{&quot;background_background&quot;:&quot;classic&quot;}\">\n\t\t\t\t<div class=\"elementor-element elementor-element-36efda5 elementor-widget elementor-widget-heading\" data-id=\"36efda5\" data-element_type=\"widget\" data-e-type=\"widget\" data-widget_type=\"heading.default\">\n\t\t\t\t\t<h3 class=\"elementor-heading-title elementor-size-default\">Identifizierung und Eigentum<\/h3>\t\t\t\t<\/div>\n\t\t\t\t<div class=\"elementor-element elementor-element-e1b5cd0 elementor-widget elementor-widget-heading\" data-id=\"e1b5cd0\" data-element_type=\"widget\" data-e-type=\"widget\" data-widget_type=\"heading.default\">\n\t\t\t\t\t<p class=\"elementor-heading-title elementor-size-default\">In \u00dcbereinstimmung mit Artikel 10 des Gesetzes 34\/2002 vom 11. Juli \u00fcber die Dienste der Informationsgesellschaft und den elektronischen Handel gibt der Inhaber seine Identifikationsdaten an:<br><br><br>\nInhaber: Monkey Park, S.L..<br><br>\nMWST.-NUMMER: B-38643375<br><br>\nAdresse: Llano Azul 17, Arona, Santa Cruz de Tenerife - Spanien.<br><br>\nWebsite: https:\/\/monkeypark.com\/<br><\/p>\t\t\t\t<\/div>\n\t\t\t\t<\/div>\n\t\t<div class=\"elementor-element elementor-element-279e4b1 e-con-full e-flex e-con e-child\" data-id=\"279e4b1\" data-element_type=\"container\" data-e-type=\"container\" data-settings=\"{&quot;background_background&quot;:&quot;classic&quot;}\">\n\t\t\t\t<div class=\"elementor-element elementor-element-feb998f elementor-widget elementor-widget-heading\" data-id=\"feb998f\" data-element_type=\"widget\" data-e-type=\"widget\" data-widget_type=\"heading.default\">\n\t\t\t\t\t<h3 class=\"elementor-heading-title elementor-size-default\">Datenschutzverordnung<\/h3>\t\t\t\t<\/div>\n\t\t\t\t<div class=\"elementor-element elementor-element-c19e1c3 elementor-widget elementor-widget-heading\" data-id=\"c19e1c3\" data-element_type=\"widget\" data-e-type=\"widget\" data-widget_type=\"heading.default\">\n\t\t\t\t\t<p class=\"elementor-heading-title elementor-size-default\">Bei MONKEY PARK arbeiten wir weiterhin am Schutz Ihrer pers\u00f6nlichen Daten und aktualisieren unsere Datenschutzrichtlinie, um Sie \u00fcber die Art und Weise zu informieren, wie wir die Daten aller Personen, die mit uns in Kontakt treten, sammeln, verwenden und speichern, wie in den folgenden Abschnitten beschrieben:<br><br><br>\nI. - F\u00fcr die Verarbeitung Verantwortlicher.<br><br>\nII.- Zwecke der Datenverarbeitung.<br><br>\nIII.- Zeitpunkt der Aufbewahrung Ihrer personenbezogenen Daten.<br><br>\nIV.- Welche Legitimation gibt es f\u00fcr die Verarbeitung Ihrer personenbezogenen Daten?<br><br>\nV. - Wer kann Zugang zu Ihren pers\u00f6nlichen Daten haben?<br><br>\nVI.- Welche Rechte haben Sie als Benutzer?<br><br>\nVII.- Daten von Dritten<br><br>\nVIII- Ab welchem Alter kann der Nutzer auf unsere Produkte und Dienstleistungen zugreifen?<br><br>\nIX.- Umgesetzte Sicherheitsma\u00dfnahmen.<br><br>\nX.- Kekse\n<\/p>\t\t\t\t<\/div>\n\t\t\t\t<\/div>\n\t\t<div class=\"elementor-element elementor-element-0d8283c e-con-full e-flex e-con e-child\" data-id=\"0d8283c\" data-element_type=\"container\" data-e-type=\"container\" data-settings=\"{&quot;background_background&quot;:&quot;classic&quot;}\">\n\t\t\t\t<div class=\"elementor-element elementor-element-a3d1227 elementor-widget elementor-widget-heading\" data-id=\"a3d1227\" data-element_type=\"widget\" data-e-type=\"widget\" data-widget_type=\"heading.default\">\n\t\t\t\t\t<h3 class=\"elementor-heading-title elementor-size-default\">I. - F\u00fcr die Verarbeitung Verantwortlicher<\/h3>\t\t\t\t<\/div>\n\t\t\t\t<div class=\"elementor-element elementor-element-402783d elementor-widget elementor-widget-heading\" data-id=\"402783d\" data-element_type=\"widget\" data-e-type=\"widget\" data-widget_type=\"heading.default\">\n\t\t\t\t\t<p class=\"elementor-heading-title elementor-size-default\">Der Interessent (Nutzer), der MONKEY PARK personenbezogene Daten \u00fcber soziale Netzwerke oder Online-Plattformen zur Verf\u00fcgung stellt, wird dar\u00fcber informiert, dass der Verantwortliche f\u00fcr die Verarbeitung der zur Verf\u00fcgung gestellten personenbezogenen Daten \"MONKEY PARK, S.L.\", mit C.I.F. B-38643375, und der Adresse Llano Azul 17, Arona, Santa Cruz de Tenerife - Spanien ist. Telefon 922790720 und E-Mail Adresse info@monkeypark.com.\nAls f\u00fcr die Verarbeitung Verantwortlicher wird \"MONKEY PARK, S.L.\" die Zustimmung des Nutzers zu dieser Datenschutzrichtlinie ausdr\u00fccklich einholen.\nBei Fragen zum Datenschutz kann sich der Nutzer an \"MONKEY PARK, S.L.\" wenden und wird betreut.\n<\/p>\t\t\t\t<\/div>\n\t\t\t\t<\/div>\n\t\t<div class=\"elementor-element elementor-element-838df7e e-con-full e-flex e-con e-child\" data-id=\"838df7e\" data-element_type=\"container\" data-e-type=\"container\" data-settings=\"{&quot;background_background&quot;:&quot;classic&quot;}\">\n\t\t\t\t<div class=\"elementor-element elementor-element-4137d22 elementor-widget elementor-widget-heading\" data-id=\"4137d22\" data-element_type=\"widget\" data-e-type=\"widget\" data-widget_type=\"heading.default\">\n\t\t\t\t\t<h3 class=\"elementor-heading-title elementor-size-default\">II.- Zwecke der Datenverarbeitung<\/h3>\t\t\t\t<\/div>\n\t\t\t\t<div class=\"elementor-element elementor-element-ffdf2e7 elementor-widget elementor-widget-heading\" data-id=\"ffdf2e7\" data-element_type=\"widget\" data-e-type=\"widget\" data-widget_type=\"heading.default\">\n\t\t\t\t\t<p class=\"elementor-heading-title elementor-size-default\">Je nach dem Grund, aus dem der Nutzer uns kontaktiert hat, verfolgt \"MONKEY PARK, S.L.\" mit der Verarbeitung der bereitgestellten Daten die folgenden Ziele oder Zwecke:<br><br>\n- Verwaltung von Eink\u00e4ufen und Anfragen, die der Nutzer \u00fcber unsere Webseiten get\u00e4tigt hat.<br><br>\n- Kontaktaufnahme mit dem Nutzer, um seine W\u00fcnsche, Antr\u00e4ge oder Fragen zu bearbeiten.<br><br>\n- Verwaltung und Kontrolle des Kundenportfolios, Bearbeitung von Serviceanfragen, Rechnungsstellung und Inkasso.<br><br>\n- Einbindung des Nutzers in Werbeaktivit\u00e4ten wie Spiele, Wettbewerbe und Verlosungen, die \u00fcber unsere Website durchgef\u00fchrt werden.<br><br>\n- Einholung von Lebensl\u00e4ufen zum Zweck der Personalauswahl.\n<\/p>\t\t\t\t<\/div>\n\t\t\t\t<\/div>\n\t\t<div class=\"elementor-element elementor-element-2bf5d03 e-con-full e-flex e-con e-child\" data-id=\"2bf5d03\" data-element_type=\"container\" data-e-type=\"container\" data-settings=\"{&quot;background_background&quot;:&quot;classic&quot;}\">\n\t\t\t\t<div class=\"elementor-element elementor-element-ee36751 elementor-widget elementor-widget-heading\" data-id=\"ee36751\" data-element_type=\"widget\" data-e-type=\"widget\" data-widget_type=\"heading.default\">\n\t\t\t\t\t<h3 class=\"elementor-heading-title elementor-size-default\">III.- Dauer der Datenverarbeitung. Wie lange werden Ihre personenbezogenen Daten aufbewahrt? <\/h3>\t\t\t\t<\/div>\n\t\t\t\t<div class=\"elementor-element elementor-element-3c7ce3f elementor-widget elementor-widget-heading\" data-id=\"3c7ce3f\" data-element_type=\"widget\" data-e-type=\"widget\" data-widget_type=\"heading.default\">\n\t\t\t\t\t<p class=\"elementor-heading-title elementor-size-default\">Die personenbezogenen Daten des Nutzers werden von \"MONKEY PARK, S.L.\" f\u00fcr die gesetzlich zul\u00e4ssige Dauer gespeichert, je nachdem, f\u00fcr welchen Zweck der Nutzer uns die Daten zur Verf\u00fcgung gestellt hat.<br><br>\nF\u00fcr die Zwecke der Rechnungsstellung und gegebenenfalls der Einziehung von Leistungen werden die Daten f\u00fcr die Dauer des Vertragsverh\u00e4ltnisses aufbewahrt, zuz\u00fcglich der gesetzlich vorgeschriebenen Aufbewahrungsfrist und bis zum Ablauf der Verj\u00e4hrungsfrist f\u00fcr die Geltendmachung hypothetischer vertraglicher Verpflichtungen.<br><br>\nDie f\u00fcr die Bearbeitung von Anfragen und Bewerbungen erhobenen Daten werden f\u00fcr die Dauer der Anfrage gespeichert.<br><br>\nDie Daten, die bei der Teilnahme an Werbema\u00dfnahmen wie Spielen, Verlosungen und Wettbewerben erhoben werden, werden f\u00fcr die Dauer der genannten Ma\u00dfnahmen zum Zwecke ihrer effektiven Entwicklung gem\u00e4\u00df den Teilnahmegrundlagen und bis zum Abschluss der Auswirkungen der Teilnahme des Nutzers an diesen Ma\u00dfnahmen gespeichert.<br><br>\nAngaben zum Lebenslauf w\u00e4hrend des Auswahlverfahrens.\n<\/p>\t\t\t\t<\/div>\n\t\t\t\t<\/div>\n\t\t<div class=\"elementor-element elementor-element-b65033e e-con-full e-flex e-con e-child\" data-id=\"b65033e\" data-element_type=\"container\" data-e-type=\"container\" data-settings=\"{&quot;background_background&quot;:&quot;classic&quot;}\">\n\t\t\t\t<div class=\"elementor-element elementor-element-fb87fb5 elementor-widget elementor-widget-heading\" data-id=\"fb87fb5\" data-element_type=\"widget\" data-e-type=\"widget\" data-widget_type=\"heading.default\">\n\t\t\t\t\t<h3 class=\"elementor-heading-title elementor-size-default\">IV.- Welche Legitimation gibt es f\u00fcr die Verarbeitung Ihrer personenbezogenen Daten? <\/h3>\t\t\t\t<\/div>\n\t\t\t\t<div class=\"elementor-element elementor-element-d2bd7d3 elementor-widget elementor-widget-heading\" data-id=\"d2bd7d3\" data-element_type=\"widget\" data-e-type=\"widget\" data-widget_type=\"heading.default\">\n\t\t\t\t\t<p class=\"elementor-heading-title elementor-size-default\">Die vom Nutzer zur Verf\u00fcgung gestellten personenbezogenen Daten sind letztlich dazu bestimmt, dass \"MONKEY PARK, S.L.\" die angebotenen und von Ihnen akzeptierten Dienstleistungen erbringen kann und dass \"MONKEY PARK, S.L.\" weiterhin sein legitimes Recht wahrnehmen kann, als Unternehmen zu wachsen, indem es die Kundenbindung st\u00e4rkt und neue Dienstleistungen und Produkte anbietet.<\/p>\t\t\t\t<\/div>\n\t\t\t\t<\/div>\n\t\t<div class=\"elementor-element elementor-element-c9435ab e-con-full e-flex e-con e-child\" data-id=\"c9435ab\" data-element_type=\"container\" data-e-type=\"container\" data-settings=\"{&quot;background_background&quot;:&quot;classic&quot;}\">\n\t\t\t\t<div class=\"elementor-element elementor-element-4f93639 elementor-widget elementor-widget-heading\" data-id=\"4f93639\" data-element_type=\"widget\" data-e-type=\"widget\" data-widget_type=\"heading.default\">\n\t\t\t\t\t<h3 class=\"elementor-heading-title elementor-size-default\">V. - Wer kann Zugang zu Ihren pers\u00f6nlichen Daten haben?<\/h3>\t\t\t\t<\/div>\n\t\t\t\t<div class=\"elementor-element elementor-element-f2bdc8e elementor-widget elementor-widget-heading\" data-id=\"f2bdc8e\" data-element_type=\"widget\" data-e-type=\"widget\" data-widget_type=\"heading.default\">\n\t\t\t\t\t<p class=\"elementor-heading-title elementor-size-default\">Die pers\u00f6nlichen Daten werden nicht an andere Unternehmen weitergegeben.<br><br>\n\"MONKEY PARK, S.L.\" kann personenbezogene Daten weitergeben oder \u00fcbermitteln, um seinen Verpflichtungen gegen\u00fcber der \u00f6ffentlichen Verwaltung nachzukommen, wenn es in \u00dcbereinstimmung mit der geltenden Gesetzgebung formell dazu verpflichtet ist. Ebenso wird sie verfahren, wenn sie von den staatlichen Sicherheitskr\u00e4ften und -organen sowie den Justizbeh\u00f6rden in Aus\u00fcbung ihrer Befugnisse dazu aufgefordert wird.\n<\/p>\t\t\t\t<\/div>\n\t\t\t\t<\/div>\n\t\t<div class=\"elementor-element elementor-element-56ae80e e-con-full e-flex e-con e-child\" data-id=\"56ae80e\" data-element_type=\"container\" data-e-type=\"container\" data-settings=\"{&quot;background_background&quot;:&quot;classic&quot;}\">\n\t\t\t\t<div class=\"elementor-element elementor-element-4273604 elementor-widget elementor-widget-heading\" data-id=\"4273604\" data-element_type=\"widget\" data-e-type=\"widget\" data-widget_type=\"heading.default\">\n\t\t\t\t\t<h3 class=\"elementor-heading-title elementor-size-default\">VI.- Welche Rechte haben Sie als Benutzer?<\/h3>\t\t\t\t<\/div>\n\t\t\t\t<div class=\"elementor-element elementor-element-1484740 elementor-widget elementor-widget-heading\" data-id=\"1484740\" data-element_type=\"widget\" data-e-type=\"widget\" data-widget_type=\"heading.default\">\n\t\t\t\t\t<p class=\"elementor-heading-title elementor-size-default\">Alle Nutzer haben das Recht, ihre Rechte auf Auskunft, Berichtigung, Widerspruch, L\u00f6schung, \u00dcbertragbarkeit und Einschr\u00e4nkung der Verarbeitung ihrer personenbezogenen Daten auszu\u00fcben.<br><br>\nDiese Rechte bestehen aus:<br><br>\nZugang zu allen Daten, die wir \u00fcber den Nutzer haben.<br><br>\nBerichtigung der uns bereits vorliegenden Daten, wobei zu ber\u00fccksichtigen ist, dass der Nutzer mit der \u00dcbermittlung der Daten garantiert, dass diese wahrheitsgetreu und korrekt sind, und sich verpflichtet, uns alle \u00c4nderungen oder Erg\u00e4nzungen mitzuteilen. F\u00fcr Sch\u00e4den, die der Plattform oder dem Verantwortlichen der Plattform oder einem Dritten durch die \u00dcbermittlung falscher, ungenauer oder unvollst\u00e4ndiger Angaben in den Anmeldeformularen entstehen, haftet allein der Nutzer.<br><br>\nL\u00f6schung der Daten des Nutzers, wenn sie f\u00fcr den Zweck der Verarbeitung nicht mehr erforderlich sind oder wenn die Zustimmung oder Erlaubnis des Nutzers nicht mehr erforderlich ist.\nEinschr\u00e4nkung der Verarbeitung von Nutzerdaten. Sie k\u00f6nnen uns bitten, die Verarbeitung Ihrer Daten vor\u00fcbergehend auszusetzen oder sie f\u00fcr einen l\u00e4ngeren Zeitraum aufzubewahren, wenn Sie sie ben\u00f6tigen.<br><br>\nWiderspruch gegen die Verarbeitung von Nutzerdaten, der in den folgenden F\u00e4llen eingelegt werden kann:<br><br>(i) wenn die Daten auf der Grundlage eines Auftrags im \u00f6ffentlichen Interesse oder eines berechtigten Interesses, einschlie\u00dflich Profiling, verarbeitet werden. <br><br>(ii) wenn die Verarbeitung f\u00fcr Zwecke der Direktwerbung einschlie\u00dflich Profiling erfolgt.<br><br>\nEbenso kann der Nutzer die automatisierte Verarbeitung der von \"MONKEY PARK, S.L.\" erhobenen personenbezogenen Daten ablehnen.<br><br>\nDie Rechte der Nutzer k\u00f6nnen \u00fcber die in Abschnitt \"I\" dieser Datenschutzrichtlinie aufgef\u00fchrten Kontaktm\u00f6glichkeiten geltend gemacht werden.<br><br>\nWenn Sie mit der Behandlung, die \"MONKEY PARK, S.L.\" dem Nutzer bei der Aus\u00fcbung seiner Rechte gew\u00e4hrt, nicht einverstanden sind, k\u00f6nnen Sie sich bei der spanischen Datenschutzbeh\u00f6rde und jeder anderen zust\u00e4ndigen Kontrollinstanz beschweren.<br><br>\nDer Nutzer kann die oben genannten Rechte aus\u00fcben oder die Zustimmung zur Verarbeitung widerrufen, die er \"MONKEY PARK, S.L.\" gegeben hat, oder eine Klarstellung verlangen, indem er eine ausdr\u00fcckliche Anfrage an die E-Mail-Adresse info@monkeypark.com sendet und nachweist, dass er der Inhaber der Daten ist, f\u00fcr die er seine Rechte aus\u00fcben m\u00f6chte.<\/p>\t\t\t\t<\/div>\n\t\t\t\t<\/div>\n\t\t<div class=\"elementor-element elementor-element-99ef884 e-con-full e-flex e-con e-child\" data-id=\"99ef884\" data-element_type=\"container\" data-e-type=\"container\" data-settings=\"{&quot;background_background&quot;:&quot;classic&quot;}\">\n\t\t\t\t<div class=\"elementor-element elementor-element-b8d1957 elementor-widget elementor-widget-heading\" data-id=\"b8d1957\" data-element_type=\"widget\" data-e-type=\"widget\" data-widget_type=\"heading.default\">\n\t\t\t\t\t<h3 class=\"elementor-heading-title elementor-size-default\">VII.- Daten von Dritten<\/h3>\t\t\t\t<\/div>\n\t\t\t\t<div class=\"elementor-element elementor-element-2322800 elementor-widget elementor-widget-heading\" data-id=\"2322800\" data-element_type=\"widget\" data-e-type=\"widget\" data-widget_type=\"heading.default\">\n\t\t\t\t\t<p class=\"elementor-heading-title elementor-size-default\">Sollten personenbezogene Daten von anderen Dritten als dem Nutzer erhoben werden, werden diese vorab \u00fcber den Inhalt von Art. 14 der Allgemeinen Datenschutzverordnung informiert.<\/p>\t\t\t\t<\/div>\n\t\t\t\t<\/div>\n\t\t<div class=\"elementor-element elementor-element-6a939a2 e-con-full e-flex e-con e-child\" data-id=\"6a939a2\" data-element_type=\"container\" data-e-type=\"container\" data-settings=\"{&quot;background_background&quot;:&quot;classic&quot;}\">\n\t\t\t\t<div class=\"elementor-element elementor-element-5a1325d elementor-widget elementor-widget-heading\" data-id=\"5a1325d\" data-element_type=\"widget\" data-e-type=\"widget\" data-widget_type=\"heading.default\">\n\t\t\t\t\t<h3 class=\"elementor-heading-title elementor-size-default\">VIII- Ab welchem Alter kann der Nutzer auf unsere Produkte und Dienstleistungen zugreifen? <\/h3>\t\t\t\t<\/div>\n\t\t\t\t<div class=\"elementor-element elementor-element-0b09e47 elementor-widget elementor-widget-heading\" data-id=\"0b09e47\" data-element_type=\"widget\" data-e-type=\"widget\" data-widget_type=\"heading.default\">\n\t\t\t\t\t<p class=\"elementor-heading-title elementor-size-default\">Als allgemeine Regel und im Einklang mit Artikel 8 der neuen allgemeinen Datenschutzverordnung gilt in F\u00e4llen, in denen Artikel 6 Absatz 1 Buchstabe a in Bezug auf das direkte Angebot von Diensten der Informationsgesellschaft f\u00fcr Kinder Anwendung findet, die Verarbeitung der personenbezogenen Daten eines Kindes als rechtm\u00e4\u00dfig, wenn das Kind mindestens 16 Jahre alt ist. Ist das Kind j\u00fcnger als 16 Jahre, so ist die Verarbeitung nur rechtm\u00e4\u00dfig, wenn und soweit der Tr\u00e4ger der elterlichen Verantwortung oder der Vormundschaft f\u00fcr das Kind eingewilligt oder die Einwilligung erteilt hat.<\/p>\t\t\t\t<\/div>\n\t\t\t\t<\/div>\n\t\t<div class=\"elementor-element elementor-element-63053b3 e-con-full e-flex e-con e-child\" data-id=\"63053b3\" data-element_type=\"container\" data-e-type=\"container\" data-settings=\"{&quot;background_background&quot;:&quot;classic&quot;}\">\n\t\t\t\t<div class=\"elementor-element elementor-element-b9231cf elementor-widget elementor-widget-heading\" data-id=\"b9231cf\" data-element_type=\"widget\" data-e-type=\"widget\" data-widget_type=\"heading.default\">\n\t\t\t\t\t<h3 class=\"elementor-heading-title elementor-size-default\">IX. - Vorhandene Sicherheitsma\u00dfnahmen<\/h3>\t\t\t\t<\/div>\n\t\t\t\t<div class=\"elementor-element elementor-element-c30c4e3 elementor-widget elementor-widget-heading\" data-id=\"c30c4e3\" data-element_type=\"widget\" data-e-type=\"widget\" data-widget_type=\"heading.default\">\n\t\t\t\t\t<p class=\"elementor-heading-title elementor-size-default\">\"MONKEY PARK, S.L.\" verpflichtet sich, die gesetzlich festgelegten Verpflichtungen in Bezug auf personenbezogene Daten einzuhalten und hat alle notwendigen Kontrollma\u00dfnahmen ergriffen und wird diese auch weiterhin ergreifen, um zu verhindern, dass die von den Nutzern zur Verf\u00fcgung gestellten Daten ver\u00e4ndert werden und \/ oder einen unbefugten Zugriff oder eine unbefugte Behandlung erfahren. Um dies zu tun, unterh\u00e4lt \"MONKEY PARK, S.L.\" operative Sicherheitsma\u00dfnahmen von technischen und organisatorischen Ma\u00dfnahmen, um die Sicherheit der personenbezogenen Daten des Benutzers in \u00dcbereinstimmung mit den geltenden Vorschriften zu gew\u00e4hrleisten.\n<\/p>\t\t\t\t<\/div>\n\t\t\t\t<\/div>\n\t\t<div class=\"elementor-element elementor-element-274af40 e-con-full e-flex e-con e-child\" data-id=\"274af40\" data-element_type=\"container\" data-e-type=\"container\" data-settings=\"{&quot;background_background&quot;:&quot;classic&quot;}\">\n\t\t\t\t<div class=\"elementor-element elementor-element-3752ed9 elementor-widget elementor-widget-heading\" data-id=\"3752ed9\" data-element_type=\"widget\" data-e-type=\"widget\" data-widget_type=\"heading.default\">\n\t\t\t\t\t<h3 class=\"elementor-heading-title elementor-size-default\">X.- Kekse<\/h3>\t\t\t\t<\/div>\n\t\t\t\t<div class=\"elementor-element elementor-element-e27e85e elementor-widget elementor-widget-heading\" data-id=\"e27e85e\" data-element_type=\"widget\" data-e-type=\"widget\" data-widget_type=\"heading.default\">\n\t\t\t\t\t<p class=\"elementor-heading-title elementor-size-default\">\"MONKEY PARK, S.L.\" informiert die Nutzer dar\u00fcber, dass beim Zugriff auf die Website Cookies an Ihren Computer gesendet werden k\u00f6nnen, und zwar gem\u00e4\u00df den Methoden, die in der in den Nutzungsbedingungen der Website enthaltenen Cookie-Richtlinie beschrieben sind.<\/p>\t\t\t\t<\/div>\n\t\t\t\t<\/div>\n\t\t\t\t\t<\/div>\n\t\t\t\t<\/div>\n\t\t\t\t<\/div>","protected":false},"excerpt":{"rendered":"<p>Datenschutzpolitik Identifizierung und Eigentum In \u00dcbereinstimmung mit Artikel 10 des Gesetzes 34\/2002 vom 11. Juli \u00fcber die Dienste der Informationsgesellschaft und den elektronischen Handel gibt der Eigent\u00fcmer seine Identifikationsdaten an: Eigent\u00fcmer: Monkey Park, S.L.. CIF: B-38643375 Adresse: Llano Azul 17, Arona, Santa Cruz de Tenerife - Spanien. Website ... <a title=\"Datenschutzbestimmungen\" class=\"read-more\" href=\"https:\/\/www.monkeypark.com\/de\/politica-de-privacidad\/\" aria-label=\"Mehr Informationen \u00fcber Pol\u00edtica de Privacidad\">Weiterlesen<\/a><\/p>","protected":false},"author":1,"featured_media":0,"parent":0,"menu_order":0,"comment_status":"closed","ping_status":"closed","template":"elementor_header_footer","meta":{"footnotes":""},"class_list":["post-3744","page","type-page","status-publish"],"_links":{"self":[{"href":"https:\/\/www.monkeypark.com\/de\/wp-json\/wp\/v2\/pages\/3744","targetHints":{"allow":["GET"]}}],"collection":[{"href":"https:\/\/www.monkeypark.com\/de\/wp-json\/wp\/v2\/pages"}],"about":[{"href":"https:\/\/www.monkeypark.com\/de\/wp-json\/wp\/v2\/types\/page"}],"author":[{"embeddable":true,"href":"https:\/\/www.monkeypark.com\/de\/wp-json\/wp\/v2\/users\/1"}],"replies":[{"embeddable":true,"href":"https:\/\/www.monkeypark.com\/de\/wp-json\/wp\/v2\/comments?post=3744"}],"version-history":[{"count":4,"href":"https:\/\/www.monkeypark.com\/de\/wp-json\/wp\/v2\/pages\/3744\/revisions"}],"predecessor-version":[{"id":3748,"href":"https:\/\/www.monkeypark.com\/de\/wp-json\/wp\/v2\/pages\/3744\/revisions\/3748"}],"wp:attachment":[{"href":"https:\/\/www.monkeypark.com\/de\/wp-json\/wp\/v2\/media?parent=3744"}],"curies":[{"name":"wp","href":"https:\/\/api.w.org\/{rel}","templated":true}]}}