{"id":16007,"date":"2025-12-20T14:55:37","date_gmt":"2025-12-20T14:55:37","guid":{"rendered":"https:\/\/www.monkeypark.com\/?page_id=16007"},"modified":"2026-02-21T20:49:37","modified_gmt":"2026-02-21T20:49:37","slug":"ninos","status":"publish","type":"page","link":"https:\/\/www.monkeypark.com\/de\/ninos\/","title":{"rendered":"Kinder"},"content":{"rendered":"<div data-elementor-type=\"wp-page\" data-elementor-id=\"16007\" class=\"elementor elementor-16007\" data-elementor-post-type=\"page\">\n\t\t\t\t<div class=\"elementor-element elementor-element-7fdeaa4 e-con-full e-flex e-con e-parent\" data-id=\"7fdeaa4\" data-element_type=\"container\" data-e-type=\"container\" data-settings=\"{&quot;background_background&quot;:&quot;classic&quot;}\">\n\t\t<div class=\"elementor-element elementor-element-b6a3c64 e-con-full blur e-flex e-con e-child\" data-id=\"b6a3c64\" data-element_type=\"container\" data-e-type=\"container\" data-settings=\"{&quot;background_background&quot;:&quot;classic&quot;}\">\n\t\t\t\t<div class=\"elementor-element elementor-element-4037e4a elementor-widget elementor-widget-heading\" data-id=\"4037e4a\" data-element_type=\"widget\" data-e-type=\"widget\" data-widget_type=\"heading.default\">\n\t\t\t\t\t<h1 class=\"elementor-heading-title elementor-size-default\">Kinder<\/h1>\t\t\t\t<\/div>\n\t\t\t\t<div class=\"elementor-element elementor-element-fcad36e elementor-widget__width-initial elementor-widget elementor-widget-heading\" data-id=\"fcad36e\" data-element_type=\"widget\" data-e-type=\"widget\" data-widget_type=\"heading.default\">\n\t\t\t\t\t<h2 class=\"elementor-heading-title elementor-size-default\">Entdecke den wilden Spa\u00df, genie\u00dfe es!<br>Zoo-Tierspiele!<\/h2>\t\t\t\t<\/div>\n\t\t\t\t<\/div>\n\t\t\t\t<\/div>\n\t\t<div class=\"elementor-element elementor-element-2f501d5 e-flex e-con-boxed e-con e-parent\" data-id=\"2f501d5\" data-element_type=\"container\" data-e-type=\"container\">\n\t\t\t\t\t<div class=\"e-con-inner\">\n\t\t\t\t<div class=\"elementor-element elementor-element-50edb4c elementor-widget elementor-widget-heading\" data-id=\"50edb4c\" data-element_type=\"widget\" data-e-type=\"widget\" data-widget_type=\"heading.default\">\n\t\t\t\t\t<h3 class=\"elementor-heading-title elementor-size-default\">Unsere Spielesammlung nimmt dich mit auf ein spannendes Abenteuer voller faszinierender Kreaturen.<\/h3>\t\t\t\t<\/div>\n\t\t\t\t<div class=\"elementor-element elementor-element-b54ea79 elementor-widget-tablet__width-initial elementor-widget-mobile__width-inherit elementor-widget elementor-widget-heading\" data-id=\"b54ea79\" data-element_type=\"widget\" data-e-type=\"widget\" data-widget_type=\"heading.default\">\n\t\t\t\t\t<p class=\"elementor-heading-title elementor-size-default\">Teste deine F\u00e4higkeiten und dein Wissen, w\u00e4hrend du auf unterhaltsame und interaktive Weise in die Tierwelt eintauchst. Mach mit und finde heraus, wie viel du \u00fcber die Bewohner des Zoos wei\u00dft!<\/p>\t\t\t\t<\/div>\n\t\t<div class=\"elementor-element elementor-element-6a1fba5 e-con-full e-flex e-con e-child\" data-id=\"6a1fba5\" data-element_type=\"container\" data-e-type=\"container\" data-settings=\"{&quot;background_background&quot;:&quot;classic&quot;}\">\n\t\t<div class=\"elementor-element elementor-element-f886f9a e-con-full e-flex e-con e-child\" data-id=\"f886f9a\" data-element_type=\"container\" data-e-type=\"container\" data-settings=\"{&quot;background_background&quot;:&quot;classic&quot;}\">\n\t\t\t\t<div class=\"elementor-element elementor-element-4037f39 elementor-widget elementor-widget-heading\" data-id=\"4037f39\" data-element_type=\"widget\" data-e-type=\"widget\" data-widget_type=\"heading.default\">\n\t\t\t\t\t<h4 class=\"elementor-heading-title elementor-size-default\">Buchstabensuppe<\/h4>\t\t\t\t<\/div>\n\t\t\t\t<div class=\"elementor-element elementor-element-3123e81 elementor-widget__width-initial elementor-widget-tablet__width-inherit elementor-widget elementor-widget-heading\" data-id=\"3123e81\" data-element_type=\"widget\" data-e-type=\"widget\" data-widget_type=\"heading.default\">\n\t\t\t\t\t<p class=\"elementor-heading-title elementor-size-default\">Entdecke die Namen verschiedener Tiere, die sich zwischen den Buchstaben verstecken. Ein lehrreiches und unterhaltsames Spiel, das die Aufmerksamkeit, das visuelle Ged\u00e4chtnis und den Wortschatz verbessert.<\/p>\t\t\t\t<\/div>\n\t\t\t\t<div class=\"elementor-element elementor-element-52bcdaf elementor-widget elementor-widget-button\" data-id=\"52bcdaf\" data-element_type=\"widget\" data-e-type=\"widget\" data-widget_type=\"button.default\">\n\t\t\t\t\t\t\t\t\t\t<a class=\"elementor-button elementor-button-link elementor-size-sm\" href=\"#elementor-action%3Aaction%3Dpopup%3Aopen%26settings%3DeyJpZCI6IjE2NjczIiwidG9nZ2xlIjpmYWxzZX0%3D\">\n\t\t\t\t\t\t<span class=\"elementor-button-content-wrapper\">\n\t\t\t\t\t\t\t\t\t<span class=\"elementor-button-text\">Spielen<\/span>\n\t\t\t\t\t<\/span>\n\t\t\t\t\t<\/a>\n\t\t\t\t\t\t\t\t<\/div>\n\t\t\t\t<\/div>\n\t\t<div class=\"elementor-element elementor-element-3bb41a2 e-con-full e-flex e-con e-child\" data-id=\"3bb41a2\" data-element_type=\"container\" data-e-type=\"container\" data-settings=\"{&quot;background_background&quot;:&quot;classic&quot;}\">\n\t\t\t\t<div class=\"elementor-element elementor-element-5b190e3 elementor-widget elementor-widget-heading\" data-id=\"5b190e3\" data-element_type=\"widget\" data-e-type=\"widget\" data-widget_type=\"heading.default\">\n\t\t\t\t\t<h4 class=\"elementor-heading-title elementor-size-default\">Finde das passende Paar<\/h4>\t\t\t\t<\/div>\n\t\t\t\t<div class=\"elementor-element elementor-element-42a27cc elementor-widget elementor-widget-heading\" data-id=\"42a27cc\" data-element_type=\"widget\" data-e-type=\"widget\" data-widget_type=\"heading.default\">\n\t\t\t\t\t<p class=\"elementor-heading-title elementor-size-default\">Drehen Sie die Karten um und finden Sie die richtigen Tierpaare. Eine ideale Herausforderung, um Ged\u00e4chtnis, Konzentration und geistige Beweglichkeit zu f\u00f6rdern, perfekt f\u00fcr alle Altersgruppen.<\/p>\t\t\t\t<\/div>\n\t\t\t\t<div class=\"elementor-element elementor-element-20154d5 elementor-widget elementor-widget-button\" data-id=\"20154d5\" data-element_type=\"widget\" data-e-type=\"widget\" data-widget_type=\"button.default\">\n\t\t\t\t\t\t\t\t\t\t<a class=\"elementor-button elementor-button-link elementor-size-sm\" href=\"#elementor-action%3Aaction%3Dpopup%3Aopen%26settings%3DeyJpZCI6IjE2Njg2IiwidG9nZ2xlIjpmYWxzZX0%3D\">\n\t\t\t\t\t\t<span class=\"elementor-button-content-wrapper\">\n\t\t\t\t\t\t\t\t\t<span class=\"elementor-button-text\">Spielen<\/span>\n\t\t\t\t\t<\/span>\n\t\t\t\t\t<\/a>\n\t\t\t\t\t\t\t\t<\/div>\n\t\t\t\t<\/div>\n\t\t\t\t<\/div>\n\t\t\t\t\t<\/div>\n\t\t\t\t<\/div>\n\t\t<div class=\"elementor-element elementor-element-d0a15c9 e-flex e-con-boxed e-con e-parent\" data-id=\"d0a15c9\" data-element_type=\"container\" data-e-type=\"container\">\n\t\t\t\t\t<div class=\"e-con-inner\">\n\t\t\t\t<div class=\"elementor-element elementor-element-898cd5e elementor-widget elementor-widget-heading\" data-id=\"898cd5e\" data-element_type=\"widget\" data-e-type=\"widget\" data-widget_type=\"heading.default\">\n\t\t\t\t\t<h4 class=\"elementor-heading-title elementor-size-default\">Die unglaubliche Geschichte, wie aus Affen Menschen wurden.<\/h4>\t\t\t\t<\/div>\n\t\t\t\t<div class=\"elementor-element elementor-element-af76cbe elementor-widget-tablet__width-initial elementor-widget elementor-widget-heading\" data-id=\"af76cbe\" data-element_type=\"widget\" data-e-type=\"widget\" data-widget_type=\"heading.default\">\n\t\t\t\t\t<p class=\"elementor-heading-title elementor-size-default\">Hallo, neugierige Freunde! Heute erz\u00e4hle ich euch eine spannende Geschichte dar\u00fcber, wie sich Affen zu Menschen wie uns entwickelt haben. Es ist eine Geschichte \u00fcber Ver\u00e4nderungen im Laufe der Zeit, wie ein Abenteuerbuch, also macht euch bereit f\u00fcr eine spannende Reise!<\/p>\t\t\t\t<\/div>\n\t\t\t\t<div class=\"elementor-element elementor-element-c769920 elementor-widget elementor-widget-image\" data-id=\"c769920\" data-element_type=\"widget\" data-e-type=\"widget\" data-widget_type=\"image.default\">\n\t\t\t\t\t\t\t\t\t\t\t\t\t\t\t<img fetchpriority=\"high\" decoding=\"async\" width=\"794\" height=\"377\" src=\"https:\/\/www.monkeypark.com\/wp-content\/uploads\/2025\/12\/evolucion-monkeypark.png\" class=\"attachment-large size-large wp-image-16575\" alt=\"\" srcset=\"https:\/\/www.monkeypark.com\/wp-content\/uploads\/2025\/12\/evolucion-monkeypark.png 794w, https:\/\/www.monkeypark.com\/wp-content\/uploads\/2025\/12\/evolucion-monkeypark-18x9.png 18w, https:\/\/www.monkeypark.com\/wp-content\/uploads\/2025\/12\/evolucion-monkeypark-60x28.png 60w, https:\/\/www.monkeypark.com\/wp-content\/uploads\/2025\/12\/evolucion-monkeypark-600x285.png 600w\" sizes=\"(max-width: 794px) 100vw, 794px\" \/>\t\t\t\t\t\t\t\t\t\t\t\t\t\t\t<\/div>\n\t\t\t\t<div class=\"elementor-element elementor-element-c3d297f elementor-widget-tablet__width-initial elementor-widget__width-initial elementor-widget-mobile__width-inherit elementor-widget elementor-widget-heading\" data-id=\"c3d297f\" data-element_type=\"widget\" data-e-type=\"widget\" data-widget_type=\"heading.default\">\n\t\t\t\t\t<p class=\"elementor-heading-title elementor-size-default\">Und so verwandelten diese Ver\u00e4nderungen im Laufe von Millionen von Jahren Affen in Menschen wie uns. Dieses Abenteuer der Ver\u00e4nderungen und Anpassungen wird als \"Evolution\" bezeichnet und ist der Grund, warum wir heute als Menschen existieren. Wenn Sie das n\u00e4chste Mal einen Affen im Zoo sehen, denken Sie daran, dass sie wie unsere alten Verwandten sind und dass wir eine erstaunliche Geschichte auf diesem wundersch\u00f6nen Planeten namens Erde teilen.<\/p>\t\t\t\t<\/div>\n\t\t\t\t\t<\/div>\n\t\t\t\t<\/div>\n\t\t<div class=\"elementor-element elementor-element-2c76d84 e-flex e-con-boxed e-con e-parent\" data-id=\"2c76d84\" data-element_type=\"container\" data-e-type=\"container\">\n\t\t\t\t\t<div class=\"e-con-inner\">\n\t\t\t\t<div class=\"elementor-element elementor-element-cf9281d elementor-widget elementor-widget-heading\" data-id=\"cf9281d\" data-element_type=\"widget\" data-e-type=\"widget\" data-widget_type=\"heading.default\">\n\t\t\t\t\t<h4 class=\"elementor-heading-title elementor-size-default\">Weitere Informationen f\u00fcr Neugierige.<\/h4>\t\t\t\t<\/div>\n\t\t\t\t<div class=\"elementor-element elementor-element-d395a06 elementor-widget-tablet__width-initial elementor-widget-mobile__width-inherit elementor-widget elementor-widget-heading\" data-id=\"d395a06\" data-element_type=\"widget\" data-e-type=\"widget\" data-widget_type=\"heading.default\">\n\t\t\t\t\t<p class=\"elementor-heading-title elementor-size-default\">Erfahren Sie Kurioses \u00fcber die Welt der Affen und die Welt der Papageien, unsere Lieblingstiere.<\/p>\t\t\t\t<\/div>\n\t\t<div class=\"elementor-element elementor-element-aad4b76 e-con-full e-flex e-con e-child\" data-id=\"aad4b76\" data-element_type=\"container\" data-e-type=\"container\" data-settings=\"{&quot;background_background&quot;:&quot;classic&quot;}\">\n\t\t<div class=\"elementor-element elementor-element-48e1cc6 e-con-full e-flex e-con e-child\" data-id=\"48e1cc6\" data-element_type=\"container\" data-e-type=\"container\" data-settings=\"{&quot;background_background&quot;:&quot;classic&quot;}\">\n\t\t<div class=\"elementor-element elementor-element-fae82c3 e-con-full blur e-flex e-con e-child\" data-id=\"fae82c3\" data-element_type=\"container\" data-e-type=\"container\" data-settings=\"{&quot;background_background&quot;:&quot;classic&quot;}\">\n\t\t\t\t<div class=\"elementor-element elementor-element-6dfe4d1 elementor-widget elementor-widget-heading\" data-id=\"6dfe4d1\" data-element_type=\"widget\" data-e-type=\"widget\" data-widget_type=\"heading.default\">\n\t\t\t\t\t<h5 class=\"elementor-heading-title elementor-size-default\">Entdecken Sie die Welt der Affen!<\/h5>\t\t\t\t<\/div>\n\t\t\t\t<div class=\"elementor-element elementor-element-720680a elementor-widget elementor-widget-heading\" data-id=\"720680a\" data-element_type=\"widget\" data-e-type=\"widget\" data-widget_type=\"heading.default\">\n\t\t\t\t\t<p class=\"elementor-heading-title elementor-size-default\">Hallo, liebe Abenteuerfreunde! Heute erkunden wir die spannende Welt der Affen. Seid ihr bereit, sieben spannende Fakten \u00fcber diese sympathischen Tiere zu entdecken?<\/p>\t\t\t\t<\/div>\n\t\t\t\t<div class=\"elementor-element elementor-element-3af2d24 elementor-widget elementor-widget-button\" data-id=\"3af2d24\" data-element_type=\"widget\" data-e-type=\"widget\" data-widget_type=\"button.default\">\n\t\t\t\t\t\t\t\t\t\t<a class=\"elementor-button elementor-button-link elementor-size-sm\" href=\"#elementor-action%3Aaction%3Dpopup%3Aopen%26settings%3DeyJpZCI6IjE2NjYxIiwidG9nZ2xlIjpmYWxzZX0%3D\">\n\t\t\t\t\t\t<span class=\"elementor-button-content-wrapper\">\n\t\t\t\t\t\t\t\t\t<span class=\"elementor-button-text\">Auf geht's!<\/span>\n\t\t\t\t\t<\/span>\n\t\t\t\t\t<\/a>\n\t\t\t\t\t\t\t\t<\/div>\n\t\t\t\t<\/div>\n\t\t\t\t<\/div>\n\t\t<div class=\"elementor-element elementor-element-9ebb0ba e-con-full e-flex e-con e-child\" data-id=\"9ebb0ba\" data-element_type=\"container\" data-e-type=\"container\" data-settings=\"{&quot;background_background&quot;:&quot;classic&quot;}\">\n\t\t<div class=\"elementor-element elementor-element-dbc0b54 e-con-full blur e-flex e-con e-child\" data-id=\"dbc0b54\" data-element_type=\"container\" data-e-type=\"container\" data-settings=\"{&quot;background_background&quot;:&quot;classic&quot;}\">\n\t\t\t\t<div class=\"elementor-element elementor-element-c3fa7ec elementor-widget elementor-widget-heading\" data-id=\"c3fa7ec\" data-element_type=\"widget\" data-e-type=\"widget\" data-widget_type=\"heading.default\">\n\t\t\t\t\t<h5 class=\"elementor-heading-title elementor-size-default\">Entdecken Sie die Papageien, die bunten und gespr\u00e4chigen V\u00f6gel!<\/h5>\t\t\t\t<\/div>\n\t\t\t\t<div class=\"elementor-element elementor-element-367060d elementor-widget elementor-widget-heading\" data-id=\"367060d\" data-element_type=\"widget\" data-e-type=\"widget\" data-widget_type=\"heading.default\">\n\t\t\t\t\t<p class=\"elementor-heading-title elementor-size-default\">Hallo, liebe neugierige Freunde! Heute erkunden wir die spannende Welt der Papageien. Seid ihr bereit, einige spannende Fakten \u00fcber diese unglaublichen V\u00f6gel zu erfahren?<\/p>\t\t\t\t<\/div>\n\t\t\t\t<div class=\"elementor-element elementor-element-a2e312a elementor-widget elementor-widget-button\" data-id=\"a2e312a\" data-element_type=\"widget\" data-e-type=\"widget\" data-widget_type=\"button.default\">\n\t\t\t\t\t\t\t\t\t\t<a class=\"elementor-button elementor-button-link elementor-size-sm\" href=\"#elementor-action%3Aaction%3Dpopup%3Aopen%26settings%3DeyJpZCI6IjE2NjY3IiwidG9nZ2xlIjpmYWxzZX0%3D\">\n\t\t\t\t\t\t<span class=\"elementor-button-content-wrapper\">\n\t\t\t\t\t\t\t\t\t<span class=\"elementor-button-text\">Auf geht's!<\/span>\n\t\t\t\t\t<\/span>\n\t\t\t\t\t<\/a>\n\t\t\t\t\t\t\t\t<\/div>\n\t\t\t\t<\/div>\n\t\t\t\t<\/div>\n\t\t\t\t<\/div>\n\t\t\t\t\t<\/div>\n\t\t\t\t<\/div>\n\t\t\t\t<\/div>","protected":false},"excerpt":{"rendered":"<p>Kinder Erforsche den wilden Spa\u00df, genie\u00dfe Zootierspiele! Unsere Spielesammlung nimmt dich mit auf ein spannendes Abenteuer voller faszinierender Kreaturen. Teste deine F\u00e4higkeiten und dein Wissen, w\u00e4hrend du auf lustige und interaktive Weise in die Welt der Tiere eintauchst - mach mit und finde heraus, wie viel du \u00fcber die Bewohner des Zoos wei\u00dft! <a title=\"Kinder\" class=\"read-more\" href=\"https:\/\/www.monkeypark.com\/de\/ninos\/\" aria-label=\"Mehr Informationen \u00fcber Ni\u00f1os\">Weiterlesen<\/a><\/p>","protected":false},"author":1,"featured_media":0,"parent":0,"menu_order":0,"comment_status":"closed","ping_status":"closed","template":"elementor_header_footer","meta":{"footnotes":""},"class_list":["post-16007","page","type-page","status-publish"],"_links":{"self":[{"href":"https:\/\/www.monkeypark.com\/de\/wp-json\/wp\/v2\/pages\/16007","targetHints":{"allow":["GET"]}}],"collection":[{"href":"https:\/\/www.monkeypark.com\/de\/wp-json\/wp\/v2\/pages"}],"about":[{"href":"https:\/\/www.monkeypark.com\/de\/wp-json\/wp\/v2\/types\/page"}],"author":[{"embeddable":true,"href":"https:\/\/www.monkeypark.com\/de\/wp-json\/wp\/v2\/users\/1"}],"replies":[{"embeddable":true,"href":"https:\/\/www.monkeypark.com\/de\/wp-json\/wp\/v2\/comments?post=16007"}],"version-history":[{"count":58,"href":"https:\/\/www.monkeypark.com\/de\/wp-json\/wp\/v2\/pages\/16007\/revisions"}],"predecessor-version":[{"id":30813,"href":"https:\/\/www.monkeypark.com\/de\/wp-json\/wp\/v2\/pages\/16007\/revisions\/30813"}],"wp:attachment":[{"href":"https:\/\/www.monkeypark.com\/de\/wp-json\/wp\/v2\/media?parent=16007"}],"curies":[{"name":"wp","href":"https:\/\/api.w.org\/{rel}","templated":true}]}}