{"id":15625,"date":"2025-12-19T13:38:17","date_gmt":"2025-12-19T13:38:17","guid":{"rendered":"https:\/\/www.monkeypark.com\/?page_id=15625"},"modified":"2025-12-22T16:44:25","modified_gmt":"2025-12-22T16:44:25","slug":"especies-endemicas","status":"publish","type":"page","link":"https:\/\/www.monkeypark.com\/de\/especies-endemicas\/","title":{"rendered":"Endemische Arten"},"content":{"rendered":"<div data-elementor-type=\"wp-page\" data-elementor-id=\"15625\" class=\"elementor elementor-15625\" data-elementor-post-type=\"page\">\n\t\t\t\t<div class=\"elementor-element elementor-element-7fdeaa4 e-con-full e-flex e-con e-parent\" data-id=\"7fdeaa4\" data-element_type=\"container\" data-e-type=\"container\" data-settings=\"{&quot;background_background&quot;:&quot;classic&quot;}\">\n\t\t<div class=\"elementor-element elementor-element-b6a3c64 e-con-full blur e-flex e-con e-child\" data-id=\"b6a3c64\" data-element_type=\"container\" data-e-type=\"container\" data-settings=\"{&quot;background_background&quot;:&quot;classic&quot;}\">\n\t\t\t\t<div class=\"elementor-element elementor-element-4037e4a elementor-widget elementor-widget-heading\" data-id=\"4037e4a\" data-element_type=\"widget\" data-e-type=\"widget\" data-widget_type=\"heading.default\">\n\t\t\t\t\t<h1 class=\"elementor-heading-title elementor-size-default\">Entdecken Sie die Tierwelt Teneriffas im Monkey Park<\/h1>\t\t\t\t<\/div>\n\t\t\t\t<div class=\"elementor-element elementor-element-fcad36e elementor-widget__width-initial elementor-hidden-mobile elementor-widget elementor-widget-heading\" data-id=\"fcad36e\" data-element_type=\"widget\" data-e-type=\"widget\" data-widget_type=\"heading.default\">\n\t\t\t\t\t<h2 class=\"elementor-heading-title elementor-size-default\">Im Monkey Park m\u00f6chten wir Ihnen nicht nur Tiere in einer verantwortungsbewussten Umgebung n\u00e4herbringen, sondern Ihnen auch die unglaubliche Artenvielfalt Teneriffas n\u00e4herbringen.<\/h2>\t\t\t\t<\/div>\n\t\t\t\t<\/div>\n\t\t\t\t<\/div>\n\t\t<div class=\"elementor-element elementor-element-2f501d5 e-flex e-con-boxed e-con e-parent\" data-id=\"2f501d5\" data-element_type=\"container\" data-e-type=\"container\">\n\t\t\t\t\t<div class=\"e-con-inner\">\n\t\t\t\t<div class=\"elementor-element elementor-element-50edb4c elementor-widget elementor-widget-heading\" data-id=\"50edb4c\" data-element_type=\"widget\" data-e-type=\"widget\" data-widget_type=\"heading.default\">\n\t\t\t\t\t<h3 class=\"elementor-heading-title elementor-size-default\">Die Fauna Teneriffas: Einzigartiges Leben auf einer Vulkaninsel<\/h3>\t\t\t\t<\/div>\n\t\t\t\t<div class=\"elementor-element elementor-element-b54ea79 elementor-widget-tablet__width-initial elementor-widget elementor-widget-heading\" data-id=\"b54ea79\" data-element_type=\"widget\" data-e-type=\"widget\" data-widget_type=\"heading.default\">\n\t\t\t\t\t<p class=\"elementor-heading-title elementor-size-default\">Teneriffa beherbergt eine Vielzahl von Tierarten, die sich aufgrund ihrer geografischen Isolation auf einzigartige Weise entwickelt haben. Von V\u00f6geln, die den Himmel durchkreuzen, bis hin zu Reptilien, die sich zwischen den Vulkangesteinen verstecken, spiegelt die Fauna der Insel ihren nat\u00fcrlichen Reichtum wider. Zu den bekanntesten Arten z\u00e4hlen die Rieseneidechse von Teneriffa, der Blaumeise und die Graubrust-Sturmtaucher, die sich alle auf erstaunliche Weise an diese besondere Umgebung angepasst haben, um zu \u00fcberleben.<\/p>\t\t\t\t<\/div>\n\t\t\t\t\t<\/div>\n\t\t\t\t<\/div>\n\t\t<div class=\"elementor-element elementor-element-6a1fba5 e-flex e-con-boxed e-con e-parent\" data-id=\"6a1fba5\" data-element_type=\"container\" data-e-type=\"container\" data-settings=\"{&quot;background_background&quot;:&quot;classic&quot;}\">\n\t\t\t\t\t<div class=\"e-con-inner\">\n\t\t<div class=\"elementor-element elementor-element-f886f9a e-con-full e-flex e-con e-child\" data-id=\"f886f9a\" data-element_type=\"container\" data-e-type=\"container\" data-settings=\"{&quot;background_background&quot;:&quot;classic&quot;}\">\n\t\t<div class=\"elementor-element elementor-element-80184d2 e-con-full blur e-flex e-con e-child\" data-id=\"80184d2\" data-element_type=\"container\" data-e-type=\"container\" data-settings=\"{&quot;background_background&quot;:&quot;classic&quot;}\">\n\t\t\t\t<div class=\"elementor-element elementor-element-4037f39 elementor-widget elementor-widget-heading\" data-id=\"4037f39\" data-element_type=\"widget\" data-e-type=\"widget\" data-widget_type=\"heading.default\">\n\t\t\t\t\t<h4 class=\"elementor-heading-title elementor-size-default\">Interessante Tatsache<\/h4>\t\t\t\t<\/div>\n\t\t\t\t<div class=\"elementor-element elementor-element-3123e81 elementor-widget elementor-widget-heading\" data-id=\"3123e81\" data-element_type=\"widget\" data-e-type=\"widget\" data-widget_type=\"heading.default\">\n\t\t\t\t\t<p class=\"elementor-heading-title elementor-size-default\">Wusstest du, dass die Riesenechse von Teneriffa eine L\u00e4nge von \u00fcber 50 cm erreichen kann und dass sie fast ausgestorben w\u00e4re? Dank Naturschutzprojekten hat sich ihr Bestand wieder erholt.<\/p>\t\t\t\t<\/div>\n\t\t\t\t<\/div>\n\t\t\t\t<\/div>\n\t\t\t\t\t<\/div>\n\t\t\t\t<\/div>\n\t\t<div class=\"elementor-element elementor-element-d488bac e-flex e-con-boxed e-con e-parent\" data-id=\"d488bac\" data-element_type=\"container\" data-e-type=\"container\">\n\t\t\t\t\t<div class=\"e-con-inner\">\n\t\t\t\t<div class=\"elementor-element elementor-element-cb8930d elementor-widget elementor-widget-heading\" data-id=\"cb8930d\" data-element_type=\"widget\" data-e-type=\"widget\" data-widget_type=\"heading.default\">\n\t\t\t\t\t<h4 class=\"elementor-heading-title elementor-size-default\">Einzigartige Bewohner Teneriffas<\/h4>\t\t\t\t<\/div>\n\t\t<div class=\"elementor-element elementor-element-af5939b e-grid e-con-full e-con e-child\" data-id=\"af5939b\" data-element_type=\"container\" data-e-type=\"container\">\n\t\t<a class=\"elementor-element elementor-element-e97079e e-con-full e-flex e-con e-child\" data-id=\"e97079e\" data-element_type=\"container\" data-e-type=\"container\" data-settings=\"{&quot;background_background&quot;:&quot;classic&quot;}\" href=\"#elementor-action%3Aaction%3Dpopup%3Aopen%26settings%3DeyJpZCI6IjE1NzIwIiwidG9nZ2xlIjpmYWxzZX0%3D\">\n\t\t\t\t<div class=\"elementor-element elementor-element-adbd7c5 elementor-widget elementor-widget-heading\" data-id=\"adbd7c5\" data-element_type=\"widget\" data-e-type=\"widget\" data-widget_type=\"heading.default\">\n\t\t\t\t\t<span class=\"elementor-heading-title elementor-size-default\">Teideblauer Fink<\/span>\t\t\t\t<\/div>\n\t\t\t\t<\/a>\n\t\t<a class=\"elementor-element elementor-element-1f84554 e-con-full e-flex e-con e-child\" data-id=\"1f84554\" data-element_type=\"container\" data-e-type=\"container\" data-settings=\"{&quot;background_background&quot;:&quot;classic&quot;}\" href=\"#elementor-action%3Aaction%3Dpopup%3Aopen%26settings%3DeyJpZCI6IjE1NzIyIiwidG9nZ2xlIjpmYWxzZX0%3D\">\n\t\t\t\t<div class=\"elementor-element elementor-element-bbc459b elementor-widget elementor-widget-heading\" data-id=\"bbc459b\" data-element_type=\"widget\" data-e-type=\"widget\" data-widget_type=\"heading.default\">\n\t\t\t\t\t<span class=\"elementor-heading-title elementor-size-default\">Gefleckte Eidechse<\/span>\t\t\t\t<\/div>\n\t\t\t\t<\/a>\n\t\t<a class=\"elementor-element elementor-element-413427f e-con-full e-flex e-con e-child\" data-id=\"413427f\" data-element_type=\"container\" data-e-type=\"container\" data-settings=\"{&quot;background_background&quot;:&quot;classic&quot;}\" href=\"#elementor-action%3Aaction%3Dpopup%3Aopen%26settings%3DeyJpZCI6IjE1NzAxIiwidG9nZ2xlIjpmYWxzZX0%3D\">\n\t\t\t\t<div class=\"elementor-element elementor-element-46c9146 elementor-widget elementor-widget-heading\" data-id=\"46c9146\" data-element_type=\"widget\" data-e-type=\"widget\" data-widget_type=\"heading.default\">\n\t\t\t\t\t<span class=\"elementor-heading-title elementor-size-default\">Kanarienvogel<\/span>\t\t\t\t<\/div>\n\t\t\t\t<\/a>\n\t\t<a class=\"elementor-element elementor-element-eb5b73e e-con-full e-flex e-con e-child\" data-id=\"eb5b73e\" data-element_type=\"container\" data-e-type=\"container\" data-settings=\"{&quot;background_background&quot;:&quot;classic&quot;}\" href=\"#elementor-action%3Aaction%3Dpopup%3Aopen%26settings%3DeyJpZCI6IjE1NzI0IiwidG9nZ2xlIjpmYWxzZX0%3D\">\n\t\t\t\t<div class=\"elementor-element elementor-element-e081a6d elementor-widget elementor-widget-heading\" data-id=\"e081a6d\" data-element_type=\"widget\" data-e-type=\"widget\" data-widget_type=\"heading.default\">\n\t\t\t\t\t<span class=\"elementor-heading-title elementor-size-default\">Gew\u00f6hnlicher Perenqu\u00e9n<\/span>\t\t\t\t<\/div>\n\t\t\t\t<\/a>\n\t\t<a class=\"elementor-element elementor-element-154015b e-con-full e-flex e-con e-child\" data-id=\"154015b\" data-element_type=\"container\" data-e-type=\"container\" data-settings=\"{&quot;background_background&quot;:&quot;classic&quot;}\" href=\"#elementor-action%3Aaction%3Dpopup%3Aopen%26settings%3DeyJpZCI6IjE1NzI2IiwidG9nZ2xlIjpmYWxzZX0%3D\">\n\t\t\t\t<div class=\"elementor-element elementor-element-3e755e3 elementor-widget elementor-widget-heading\" data-id=\"3e755e3\" data-element_type=\"widget\" data-e-type=\"widget\" data-widget_type=\"heading.default\">\n\t\t\t\t\t<span class=\"elementor-heading-title elementor-size-default\">Kanarische Gro\u00dfohrfledermaus<\/span>\t\t\t\t<\/div>\n\t\t\t\t<\/a>\n\t\t\t\t<\/div>\n\t\t\t\t\t<\/div>\n\t\t\t\t<\/div>\n\t\t<div class=\"elementor-element elementor-element-a07b2be e-flex e-con-boxed e-con e-parent\" data-id=\"a07b2be\" data-element_type=\"container\" data-e-type=\"container\" data-settings=\"{&quot;background_background&quot;:&quot;classic&quot;}\">\n\t\t\t\t\t<div class=\"e-con-inner\">\n\t\t<div class=\"elementor-element elementor-element-6db04b7 e-con-full e-flex e-con e-child\" data-id=\"6db04b7\" data-element_type=\"container\" data-e-type=\"container\" data-settings=\"{&quot;background_background&quot;:&quot;classic&quot;}\">\n\t\t<div class=\"elementor-element elementor-element-43b4f91 e-con-full blur e-flex e-con e-child\" data-id=\"43b4f91\" data-element_type=\"container\" data-e-type=\"container\" data-settings=\"{&quot;background_background&quot;:&quot;classic&quot;}\">\n\t\t\t\t<div class=\"elementor-element elementor-element-59a0b8e elementor-widget elementor-widget-heading\" data-id=\"59a0b8e\" data-element_type=\"widget\" data-e-type=\"widget\" data-widget_type=\"heading.default\">\n\t\t\t\t\t<h4 class=\"elementor-heading-title elementor-size-default\">Lemuren auf Teneriffa<\/h4>\t\t\t\t<\/div>\n\t\t\t\t<div class=\"elementor-element elementor-element-6cd782e elementor-widget elementor-widget-heading\" data-id=\"6cd782e\" data-element_type=\"widget\" data-e-type=\"widget\" data-widget_type=\"heading.default\">\n\t\t\t\t\t<p class=\"elementor-heading-title elementor-size-default\">Obwohl Lemuren nicht auf Teneriffa heimisch sind, haben wir im Monkey Park einen besonderen Bereich geschaffen, in dem diese charismatischen Primaten in einer sicheren und an ihre Bed\u00fcrfnisse angepassten Umgebung leben k\u00f6nnen.<\/p>\t\t\t\t<\/div>\n\t\t\t\t<\/div>\n\t\t\t\t<\/div>\n\t\t\t\t\t<\/div>\n\t\t\t\t<\/div>\n\t\t<div class=\"elementor-element elementor-element-d0a15c9 e-flex e-con-boxed e-con e-parent\" data-id=\"d0a15c9\" data-element_type=\"container\" data-e-type=\"container\">\n\t\t\t\t\t<div class=\"e-con-inner\">\n\t\t\t\t<div class=\"elementor-element elementor-element-898cd5e elementor-widget elementor-widget-heading\" data-id=\"898cd5e\" data-element_type=\"widget\" data-e-type=\"widget\" data-widget_type=\"heading.default\">\n\t\t\t\t\t<h5 class=\"elementor-heading-title elementor-size-default\">Schutz der Natur auf Teneriffa: Tipps f\u00fcr Touristen und Einheimische<\/h5>\t\t\t\t<\/div>\n\t\t\t\t<div class=\"elementor-element elementor-element-af76cbe elementor-widget-tablet__width-initial elementor-widget elementor-widget-heading\" data-id=\"af76cbe\" data-element_type=\"widget\" data-e-type=\"widget\" data-widget_type=\"heading.default\">\n\t\t\t\t\t<p class=\"elementor-heading-title elementor-size-default\">Teneriffa ist ein Naturparadies mit einer einzigartigen Artenvielfalt, die wir sch\u00fctzen m\u00fcssen. Ob Sie Besucher oder Einwohner sind, jede kleine Geste z\u00e4hlt, um die Fauna und Flora der Insel zu erhalten. Das Befolgen der Wanderwege, das Nichtf\u00fcttern von Wildtieren und das Vermeiden des Pfl\u00fcckens von Pflanzen sind nur einige M\u00f6glichkeiten, wie Sie dazu beitragen k\u00f6nnen. Dar\u00fcber hinaus tragen die Wahl verantwortungsbewusster Aktivit\u00e4ten und die Unterst\u00fctzung von Naturschutzinitiativen dazu bei, dass auch zuk\u00fcnftige Generationen diese einzigartige Umgebung genie\u00dfen k\u00f6nnen. Lassen Sie uns gemeinsam die Natur Teneriffas sch\u00fctzen!<\/p>\t\t\t\t<\/div>\n\t\t\t\t\t<\/div>\n\t\t\t\t<\/div>\n\t\t\t\t<\/div>","protected":false},"excerpt":{"rendered":"<p>Die Fauna Teneriffas im Monkey Park entdecken Im Monkey Park m\u00f6chten wir Ihnen nicht nur die Tiere in einer verantwortungsvollen Umgebung n\u00e4her bringen, sondern Ihnen auch die unglaubliche Artenvielfalt Teneriffas n\u00e4her bringen. Die Fauna Teneriffas: Einzigartiges Leben auf einer Vulkaninsel Teneriffa beherbergt eine gro\u00dfe Vielfalt an Tierarten, die ... <a title=\"Endemische Arten\" class=\"read-more\" href=\"https:\/\/www.monkeypark.com\/de\/especies-endemicas\/\" aria-label=\"Mehr Informationen \u00fcber Especies End\u00e9micas\">Weiterlesen<\/a><\/p>","protected":false},"author":1,"featured_media":0,"parent":0,"menu_order":0,"comment_status":"closed","ping_status":"closed","template":"elementor_header_footer","meta":{"footnotes":""},"class_list":["post-15625","page","type-page","status-publish"],"_links":{"self":[{"href":"https:\/\/www.monkeypark.com\/de\/wp-json\/wp\/v2\/pages\/15625","targetHints":{"allow":["GET"]}}],"collection":[{"href":"https:\/\/www.monkeypark.com\/de\/wp-json\/wp\/v2\/pages"}],"about":[{"href":"https:\/\/www.monkeypark.com\/de\/wp-json\/wp\/v2\/types\/page"}],"author":[{"embeddable":true,"href":"https:\/\/www.monkeypark.com\/de\/wp-json\/wp\/v2\/users\/1"}],"replies":[{"embeddable":true,"href":"https:\/\/www.monkeypark.com\/de\/wp-json\/wp\/v2\/comments?post=15625"}],"version-history":[{"count":61,"href":"https:\/\/www.monkeypark.com\/de\/wp-json\/wp\/v2\/pages\/15625\/revisions"}],"predecessor-version":[{"id":16531,"href":"https:\/\/www.monkeypark.com\/de\/wp-json\/wp\/v2\/pages\/15625\/revisions\/16531"}],"wp:attachment":[{"href":"https:\/\/www.monkeypark.com\/de\/wp-json\/wp\/v2\/media?parent=15625"}],"curies":[{"name":"wp","href":"https:\/\/api.w.org\/{rel}","templated":true}]}}